{"id":36846,"date":"2026-02-27T00:36:15","date_gmt":"2026-02-27T00:36:15","guid":{"rendered":"https:\/\/nordicmart.andreevmaster.com\/product\/woopie-aistien-kehitysta-edistava-ortopedinen-palapelimatto-7-kappaletta-4-pienta-kappaletta\/"},"modified":"2026-02-27T09:53:35","modified_gmt":"2026-02-27T09:53:35","slug":"woopie-aistien-kehitysta-edistava-ortopedinen-palapelimatto-7-kappaletta-4-pienta-kappaletta","status":"publish","type":"product","link":"https:\/\/nordicmart.andreevmaster.com\/fi\/tuote\/woopie-aistien-kehitysta-edistava-ortopedinen-palapelimatto-7-kappaletta-4-pienta-kappaletta\/","title":{"rendered":"WOOPIE Aistien kehityst\u00e4 edist\u00e4v\u00e4 ortopedinen palapelimatto, 7 kappaletta + 4 pient\u00e4 kappaletta"},"content":{"rendered":"<p>Woopie-tuotteiden suosittelema aistimatto, jolla on erinomaiset ortopediset ominaisuudet, on v\u00e4ltt\u00e4m\u00e4t\u00f6n vauvan kehityksen tukemisessa. Se voi olla my\u00f6s hauskaa puuhaa lapsille, jotka rakastavat k\u00e4vell\u00e4 paljain jaloin. Sarja sis\u00e4lt\u00e4\u00e4 seitsem\u00e4n elementti\u00e4\/palapeli\u00e4 + nelj\u00e4 pienemp\u00e4\u00e4, joilla on erilaisia kovia ja pehmeit\u00e4 tekstuureja, jotka t\u00e4ydent\u00e4v\u00e4t toisiaan t\u00e4ydellisesti. Se koostuu pinnoista, jotka vahvistavat ydint\u00e4 ja varmistavat tasapainon ja vakauden harjoittelun aikana. Lis\u00e4etuna on nilkkojen ja sis\u00e4isten lihasten vahvistuminen, mik\u00e4 auttaa oikean ryhdin saavuttamisessa. Sarja t\u00e4ydent\u00e4\u00e4 erinomaisesti t\u00e4m\u00e4n sarjan muita sarjoja. Maton k\u00e4ytt\u00f6 stimuloi aisteja, hieroo jalkoja ja v\u00e4hent\u00e4\u00e4 lattajalat. Matot vaikuttavat my\u00f6s lapsen aistien integraatioon, eli kykyyn tuntea ja reagoida kehon ja ymp\u00e4rist\u00f6n antamaan informaatioon.<\/p>\n<p>Maton avulla lapsesi voi pit\u00e4\u00e4 hauskaa jopa 19 erilaisella harjoituksella (mm. &#8221;aurinkotervehdys&#8221;, &#8221;pikku sotilas&#8221;, &#8221;kuppeleikki&#8221; ja &#8221;pikku nero&#8221;).<\/p>\n<p>Ominaisuudet:<\/p>\n<p>* &#8211; aistillinen, ortopedinen matto, joka voidaan j\u00e4rjest\u00e4\u00e4 palapelin tavoin<br \/>\n* &#8211; kovat ja pehme\u00e4t pinnat, joilla on erilaiset toiminnot ja rakenteet<br \/>\n* &#8211; terveytt\u00e4 ja hauskuutta<br \/>\n* &#8211; lapsille, jotka rakastavat paljain jaloin k\u00e4vely\u00e4<\/p>\n<p>Edut ja toiminta:<\/p>\n<p>* &#8211; vahvistaa ydint\u00e4 ja varmistaa tasapainon ja vakauden harjoittelun aikana<br \/>\n* &#8211; vahvistaa nilkkoja ja sis\u00e4isi\u00e4 lihaksia, jotka auttavat yll\u00e4pit\u00e4m\u00e4\u00e4n oikeaa ryhti\u00e4<br \/>\n* &#8211; stimuloi aisteja, hieroo jalkoja ja v\u00e4hent\u00e4\u00e4 lattajalat<br \/>\n* &#8211; vaikuttaa lapsen aistien integraatioon, eli kykyyn tuntea ja reagoida kehon ja ymp\u00e4rist\u00f6n antamaan informaatioon<\/p>\n<p>Osat:<\/p>\n<p>&#8211; Medium 2A &#8211; 11 kpl. :<\/p>\n<p>* 1x kova kivi<br \/>\n* 1x pehme\u00e4t kuoret<br \/>\n* 1x pehme\u00e4t ulkonemat<br \/>\n* 1x kova ruoho<br \/>\n* 1x kova niitty<br \/>\n* 1x kova muna<br \/>\n* 1x kova puunrunko<br \/>\n* 1x kova ruoho (mini)<br \/>\n* 1x pehme\u00e4 ruoho (mini)<br \/>\n* 1x kova etana (mini)<br \/>\n* 1x pehme\u00e4t kuoret (mini)<\/p>\n<p>## Sarja on t\u00e4ydellinen lis\u00e4 t\u00e4m\u00e4n sarjan muihin sarjoihin.<\/p>\n<p>## Sarjat voidaan yhdist\u00e4\u00e4 suuremman pinta-alan luomiseksi.<\/p>\n","protected":false},"excerpt":{"rendered":"<p>Woopie-tuotteiden suosittelema aistimatto, jolla on erinomaiset ortopediset ominaisuudet, on v\u00e4ltt\u00e4m\u00e4t\u00f6n vauvan kehityksen tukemisessa. Se voi olla my\u00f6s hauskaa puuhaa lapsille, jotka rakastavat k\u00e4vell\u00e4 paljain jaloin. Sarja sis\u00e4lt\u00e4\u00e4 seitsem\u00e4n elementti\u00e4\/palapeli\u00e4 + nelj\u00e4 pienemp\u00e4\u00e4, joilla on erilaisia kovia ja pehmeit\u00e4 tekstuureja, jotka t\u00e4ydent\u00e4v\u00e4t toisiaan t\u00e4ydellisesti. Se koostuu pinnoista, jotka vahvistavat ydint\u00e4 ja varmistavat tasapainon ja vakauden harjoittelun [&hellip;]<\/p>\n","protected":false},"featured_media":0,"comment_status":"open","ping_status":"closed","template":"","meta":[],"product_brand":[],"product_cat":[32],"product_tag":[],"class_list":{"0":"post-36846","1":"product","2":"type-product","3":"status-publish","5":"product_cat-uncategorized-fi","7":"first","8":"instock","9":"shipping-taxable","10":"purchasable","11":"product-type-simple"},"_links":{"self":[{"href":"https:\/\/nordicmart.andreevmaster.com\/fi\/wp-json\/wp\/v2\/product\/36846","targetHints":{"allow":["GET"]}}],"collection":[{"href":"https:\/\/nordicmart.andreevmaster.com\/fi\/wp-json\/wp\/v2\/product"}],"about":[{"href":"https:\/\/nordicmart.andreevmaster.com\/fi\/wp-json\/wp\/v2\/types\/product"}],"replies":[{"embeddable":true,"href":"https:\/\/nordicmart.andreevmaster.com\/fi\/wp-json\/wp\/v2\/comments?post=36846"}],"wp:attachment":[{"href":"https:\/\/nordicmart.andreevmaster.com\/fi\/wp-json\/wp\/v2\/media?parent=36846"}],"wp:term":[{"taxonomy":"product_brand","embeddable":true,"href":"https:\/\/nordicmart.andreevmaster.com\/fi\/wp-json\/wp\/v2\/product_brand?post=36846"},{"taxonomy":"product_cat","embeddable":true,"href":"https:\/\/nordicmart.andreevmaster.com\/fi\/wp-json\/wp\/v2\/product_cat?post=36846"},{"taxonomy":"product_tag","embeddable":true,"href":"https:\/\/nordicmart.andreevmaster.com\/fi\/wp-json\/wp\/v2\/product_tag?post=36846"}],"curies":[{"name":"wp","href":"https:\/\/api.w.org\/{rel}","templated":true}]}}