{"id":36844,"date":"2026-02-27T00:36:15","date_gmt":"2026-02-27T00:36:15","guid":{"rendered":"https:\/\/nordicmart.andreevmaster.com\/product\/elegantti-nahkainen-muistikirja-a5-vintage-retro-sulkimella-ee4\/"},"modified":"2026-02-27T09:53:34","modified_gmt":"2026-02-27T09:53:34","slug":"elegantti-nahkainen-muistikirja-a5-vintage-retro-sulkimella-ee4","status":"publish","type":"product","link":"https:\/\/nordicmart.andreevmaster.com\/fi\/tuote\/elegantti-nahkainen-muistikirja-a5-vintage-retro-sulkimella-ee4\/","title":{"rendered":"Elegantti nahkainen muistikirja A5 Vintage Retro sulkimella \u2013 EE4"},"content":{"rendered":"<p>Elegantti nahkainen muistikirja A5 Vintage Retro, suljettava &ndash; EE4&nbsp;A5-muistikirja, valmistettu aidosta mustasta naudan nahasta, hihnalla suljettava. Suunniteltu kest\u00e4vyytt\u00e4 ja klassista ulkon\u00e4k\u00f6\u00e4 silm\u00e4ll\u00e4 pit\u00e4en \u2013 t\u00e4ydellinen korkealaatuinen, tyylik\u00e4s lahja.&nbsp;Tuotetiedot:&nbsp;Kannen materiaali: Aito naudan nahkaV\u00e4ri: MustaKoko: A5Korkealaatuinen paperiSivum\u00e4\u00e4r\u00e4: 80Sivun v\u00e4ri: ValkoinenSuljin: Nahkahihna soljellaTyyli: Klassinen \/ Tyylik\u00e4s \/ Business \/ RetroKorkealaatuinen k\u00e4sity\u00f6&nbsp;<\/p>\n","protected":false},"excerpt":{"rendered":"<p>Elegantti nahkainen muistikirja A5 Vintage Retro, suljettava &ndash; EE4&nbsp;A5-muistikirja, valmistettu aidosta mustasta naudan nahasta, hihnalla suljettava. Suunniteltu kest\u00e4vyytt\u00e4 ja klassista ulkon\u00e4k\u00f6\u00e4 silm\u00e4ll\u00e4 pit\u00e4en \u2013 t\u00e4ydellinen korkealaatuinen, tyylik\u00e4s lahja.&nbsp;Tuotetiedot:&nbsp;Kannen materiaali: Aito naudan nahkaV\u00e4ri: MustaKoko: A5Korkealaatuinen paperiSivum\u00e4\u00e4r\u00e4: 80Sivun v\u00e4ri: ValkoinenSuljin: Nahkahihna soljellaTyyli: Klassinen \/ Tyylik\u00e4s \/ Business \/ RetroKorkealaatuinen k\u00e4sity\u00f6&nbsp;<\/p>\n","protected":false},"featured_media":45022,"comment_status":"open","ping_status":"closed","template":"","meta":[],"product_brand":[],"product_cat":[32],"product_tag":[],"class_list":{"0":"post-36844","1":"product","2":"type-product","3":"status-publish","4":"has-post-thumbnail","6":"product_cat-uncategorized-fi","8":"first","9":"instock","10":"shipping-taxable","11":"purchasable","12":"product-type-simple"},"_links":{"self":[{"href":"https:\/\/nordicmart.andreevmaster.com\/fi\/wp-json\/wp\/v2\/product\/36844","targetHints":{"allow":["GET"]}}],"collection":[{"href":"https:\/\/nordicmart.andreevmaster.com\/fi\/wp-json\/wp\/v2\/product"}],"about":[{"href":"https:\/\/nordicmart.andreevmaster.com\/fi\/wp-json\/wp\/v2\/types\/product"}],"replies":[{"embeddable":true,"href":"https:\/\/nordicmart.andreevmaster.com\/fi\/wp-json\/wp\/v2\/comments?post=36844"}],"wp:featuredmedia":[{"embeddable":true,"href":"https:\/\/nordicmart.andreevmaster.com\/fi\/wp-json\/wp\/v2\/media\/45022"}],"wp:attachment":[{"href":"https:\/\/nordicmart.andreevmaster.com\/fi\/wp-json\/wp\/v2\/media?parent=36844"}],"wp:term":[{"taxonomy":"product_brand","embeddable":true,"href":"https:\/\/nordicmart.andreevmaster.com\/fi\/wp-json\/wp\/v2\/product_brand?post=36844"},{"taxonomy":"product_cat","embeddable":true,"href":"https:\/\/nordicmart.andreevmaster.com\/fi\/wp-json\/wp\/v2\/product_cat?post=36844"},{"taxonomy":"product_tag","embeddable":true,"href":"https:\/\/nordicmart.andreevmaster.com\/fi\/wp-json\/wp\/v2\/product_tag?post=36844"}],"curies":[{"name":"wp","href":"https:\/\/api.w.org\/{rel}","templated":true}]}}