{"id":36843,"date":"2026-02-27T00:36:14","date_gmt":"2026-02-27T00:36:14","guid":{"rendered":"https:\/\/nordicmart.andreevmaster.com\/product\/elegantti-nahkainen-muistikirja-a6-retro-vintage-suljettava-ee3\/"},"modified":"2026-02-27T09:53:34","modified_gmt":"2026-02-27T09:53:34","slug":"elegantti-nahkainen-muistikirja-a6-retro-vintage-suljettava-ee3","status":"publish","type":"product","link":"https:\/\/nordicmart.andreevmaster.com\/fi\/tuote\/elegantti-nahkainen-muistikirja-a6-retro-vintage-suljettava-ee3\/","title":{"rendered":"Elegantti nahkainen muistikirja A6 Retro Vintage, suljettava \u2013 EE3"},"content":{"rendered":"<p>Elegantti nahkainen muistikirja A6 Retro Vintage, suljettava \u2013 EE3&nbsp;A6-muistikirja, valmistettu aidosta naudan nahasta, vintage-tyylinen muotoilu ja hihnakiinnitys. Yhdist\u00e4\u00e4 kest\u00e4vyyden, klassisen estetiikan ja toiminnallisuuden, mik\u00e4 tekee siit\u00e4 sopivan tuotteen korkealaatuiseksi lahjaksi.&nbsp;Tuotetiedot:&nbsp;Kannen materiaali: Aito naudan nahkaV\u00e4ri: TummanruskeaKoko: A6Paikka k\u00e4yntikorttien ja kyn\u00e4n s\u00e4ilytt\u00e4miseenSivum\u00e4\u00e4r\u00e4: 80Sivun v\u00e4ri: ValkoinenSuljin: Nahkahihna soljellaTyyli: Retro \/ Vintage \/ KlassinenKorkealaatuinen k\u00e4sity\u00f6&nbsp;<\/p>\n","protected":false},"excerpt":{"rendered":"<p>Elegantti nahkainen muistikirja A6 Retro Vintage, suljettava \u2013 EE3&nbsp;A6-muistikirja, valmistettu aidosta naudan nahasta, vintage-tyylinen muotoilu ja hihnakiinnitys. Yhdist\u00e4\u00e4 kest\u00e4vyyden, klassisen estetiikan ja toiminnallisuuden, mik\u00e4 tekee siit\u00e4 sopivan tuotteen korkealaatuiseksi lahjaksi.&nbsp;Tuotetiedot:&nbsp;Kannen materiaali: Aito naudan nahkaV\u00e4ri: TummanruskeaKoko: A6Paikka k\u00e4yntikorttien ja kyn\u00e4n s\u00e4ilytt\u00e4miseenSivum\u00e4\u00e4r\u00e4: 80Sivun v\u00e4ri: ValkoinenSuljin: Nahkahihna soljellaTyyli: Retro \/ Vintage \/ KlassinenKorkealaatuinen k\u00e4sity\u00f6&nbsp;<\/p>\n","protected":false},"featured_media":45021,"comment_status":"open","ping_status":"closed","template":"","meta":[],"product_brand":[],"product_cat":[32],"product_tag":[],"class_list":{"0":"post-36843","1":"product","2":"type-product","3":"status-publish","4":"has-post-thumbnail","6":"product_cat-uncategorized-fi","8":"first","9":"instock","10":"shipping-taxable","11":"purchasable","12":"product-type-simple"},"_links":{"self":[{"href":"https:\/\/nordicmart.andreevmaster.com\/fi\/wp-json\/wp\/v2\/product\/36843","targetHints":{"allow":["GET"]}}],"collection":[{"href":"https:\/\/nordicmart.andreevmaster.com\/fi\/wp-json\/wp\/v2\/product"}],"about":[{"href":"https:\/\/nordicmart.andreevmaster.com\/fi\/wp-json\/wp\/v2\/types\/product"}],"replies":[{"embeddable":true,"href":"https:\/\/nordicmart.andreevmaster.com\/fi\/wp-json\/wp\/v2\/comments?post=36843"}],"wp:featuredmedia":[{"embeddable":true,"href":"https:\/\/nordicmart.andreevmaster.com\/fi\/wp-json\/wp\/v2\/media\/45021"}],"wp:attachment":[{"href":"https:\/\/nordicmart.andreevmaster.com\/fi\/wp-json\/wp\/v2\/media?parent=36843"}],"wp:term":[{"taxonomy":"product_brand","embeddable":true,"href":"https:\/\/nordicmart.andreevmaster.com\/fi\/wp-json\/wp\/v2\/product_brand?post=36843"},{"taxonomy":"product_cat","embeddable":true,"href":"https:\/\/nordicmart.andreevmaster.com\/fi\/wp-json\/wp\/v2\/product_cat?post=36843"},{"taxonomy":"product_tag","embeddable":true,"href":"https:\/\/nordicmart.andreevmaster.com\/fi\/wp-json\/wp\/v2\/product_tag?post=36843"}],"curies":[{"name":"wp","href":"https:\/\/api.w.org\/{rel}","templated":true}]}}