{"id":36842,"date":"2026-02-27T00:36:14","date_gmt":"2026-02-27T00:36:14","guid":{"rendered":"https:\/\/nordicmart.andreevmaster.com\/product\/premium-lahjasetti-a5-kokoinen-puinen-muistikirja-ja-kyna-ee2\/"},"modified":"2026-02-27T09:53:34","modified_gmt":"2026-02-27T09:53:34","slug":"premium-lahjasetti-a5-kokoinen-puinen-muistikirja-ja-kyna-ee2","status":"publish","type":"product","link":"https:\/\/nordicmart.andreevmaster.com\/fi\/tuote\/premium-lahjasetti-a5-kokoinen-puinen-muistikirja-ja-kyna-ee2\/","title":{"rendered":"Premium-lahjasetti \u2013 A5-kokoinen puinen muistikirja ja kyn\u00e4 \u2013 EE2"},"content":{"rendered":"<p>Premium-lahjasetti \u2013 A5-kokoinen puinen muistikirja ja kyn\u00e4 \u2013 EE2&nbsp;T\u00e4m\u00e4 premium-setti sis\u00e4lt\u00e4\u00e4 A5-kokoisen muistikirjan, jossa on puinen kovakantinen kansi ja kultaiset sivun reunat, sek\u00e4 korkealaatuisen kyn\u00e4n. Tuote on suunniteltu tyylikk\u00e4\u00e4ksi paperitavaratarvikkeeksi \u2013 t\u00e4ydellinen korkealaatuinen lahja.&nbsp;Tuotetiedot:&nbsp;Kannen materiaali: PuuV\u00e4ri: Tummanruskea puu, kultaiset yksityiskohdatKoko: A5Korkealaatuinen paperiSivum\u00e4\u00e4r\u00e4: xxxxSivun v\u00e4ri: ValkoinenSetti sis\u00e4lt\u00e4\u00e4 koristeellisen kyn\u00e4nKorkea valmistuslaatuTyyli: Klassinen \/ Tyylik\u00e4s \/ Premium&nbsp;&nbsp;<\/p>\n","protected":false},"excerpt":{"rendered":"<p>Premium-lahjasetti \u2013 A5-kokoinen puinen muistikirja ja kyn\u00e4 \u2013 EE2&nbsp;T\u00e4m\u00e4 premium-setti sis\u00e4lt\u00e4\u00e4 A5-kokoisen muistikirjan, jossa on puinen kovakantinen kansi ja kultaiset sivun reunat, sek\u00e4 korkealaatuisen kyn\u00e4n. Tuote on suunniteltu tyylikk\u00e4\u00e4ksi paperitavaratarvikkeeksi \u2013 t\u00e4ydellinen korkealaatuinen lahja.&nbsp;Tuotetiedot:&nbsp;Kannen materiaali: PuuV\u00e4ri: Tummanruskea puu, kultaiset yksityiskohdatKoko: A5Korkealaatuinen paperiSivum\u00e4\u00e4r\u00e4: xxxxSivun v\u00e4ri: ValkoinenSetti sis\u00e4lt\u00e4\u00e4 koristeellisen kyn\u00e4nKorkea valmistuslaatuTyyli: Klassinen \/ Tyylik\u00e4s \/ Premium&nbsp;&nbsp;<\/p>\n","protected":false},"featured_media":45020,"comment_status":"open","ping_status":"closed","template":"","meta":[],"product_brand":[],"product_cat":[32],"product_tag":[],"class_list":{"0":"post-36842","1":"product","2":"type-product","3":"status-publish","4":"has-post-thumbnail","6":"product_cat-uncategorized-fi","8":"first","9":"instock","10":"shipping-taxable","11":"purchasable","12":"product-type-simple"},"_links":{"self":[{"href":"https:\/\/nordicmart.andreevmaster.com\/fi\/wp-json\/wp\/v2\/product\/36842","targetHints":{"allow":["GET"]}}],"collection":[{"href":"https:\/\/nordicmart.andreevmaster.com\/fi\/wp-json\/wp\/v2\/product"}],"about":[{"href":"https:\/\/nordicmart.andreevmaster.com\/fi\/wp-json\/wp\/v2\/types\/product"}],"replies":[{"embeddable":true,"href":"https:\/\/nordicmart.andreevmaster.com\/fi\/wp-json\/wp\/v2\/comments?post=36842"}],"wp:featuredmedia":[{"embeddable":true,"href":"https:\/\/nordicmart.andreevmaster.com\/fi\/wp-json\/wp\/v2\/media\/45020"}],"wp:attachment":[{"href":"https:\/\/nordicmart.andreevmaster.com\/fi\/wp-json\/wp\/v2\/media?parent=36842"}],"wp:term":[{"taxonomy":"product_brand","embeddable":true,"href":"https:\/\/nordicmart.andreevmaster.com\/fi\/wp-json\/wp\/v2\/product_brand?post=36842"},{"taxonomy":"product_cat","embeddable":true,"href":"https:\/\/nordicmart.andreevmaster.com\/fi\/wp-json\/wp\/v2\/product_cat?post=36842"},{"taxonomy":"product_tag","embeddable":true,"href":"https:\/\/nordicmart.andreevmaster.com\/fi\/wp-json\/wp\/v2\/product_tag?post=36842"}],"curies":[{"name":"wp","href":"https:\/\/api.w.org\/{rel}","templated":true}]}}