{"id":36841,"date":"2026-02-27T00:36:13","date_gmt":"2026-02-27T00:36:13","guid":{"rendered":"https:\/\/nordicmart.andreevmaster.com\/product\/retro-kalligrafiasetti-jossa-vintage-hanhen-sulkakyna-6-karkea-muste-ee5\/"},"modified":"2026-02-27T09:53:34","modified_gmt":"2026-02-27T09:53:34","slug":"retro-kalligrafiasetti-jossa-vintage-hanhen-sulkakyna-6-karkea-muste-ee5","status":"publish","type":"product","link":"https:\/\/nordicmart.andreevmaster.com\/fi\/tuote\/retro-kalligrafiasetti-jossa-vintage-hanhen-sulkakyna-6-karkea-muste-ee5\/","title":{"rendered":"Retro-kalligrafiasetti, jossa vintage-hanhen sulkakyn\u00e4 + 6 k\u00e4rke\u00e4 + muste \u2013 EE5"},"content":{"rendered":"<p>Retro-kalligrafiasetti, jossa vintage-hanhen sulkakyn\u00e4 + 6 k\u00e4rke\u00e4 + muste \u2013 EE5&nbsp;Retrotyylinen kalligrafiasetti, joka on suunniteltu k\u00e4sinkirjoitukseen ja koristeellisiin kirjoitusprojekteihin. Sis\u00e4lt\u00e4\u00e4 hanhen sulkakyn\u00e4n, jossa on yksityiskohtaiset metallikoristeet, kuusi vaihdettavaa kyn\u00e4np\u00e4\u00e4t\u00e4 ja 15 ml:n mustepullon. &nbsp;Tuotetiedot:&nbsp;Hanhen sulkakyn\u00e4Kyn\u00e4n v\u00e4ri: Harmaa, metallikoristeillaKyn\u00e4n mitat: Pituus 22 cmKyn\u00e4np\u00e4iden lukum\u00e4\u00e4r\u00e4: 6Musteen tilavuus: 15 mlLaadukas k\u00e4sity\u00f6Tyyli: Retro \/ Vintage \/ Steampunk \/ Elegantti&nbsp;<\/p>\n","protected":false},"excerpt":{"rendered":"<p>Retro-kalligrafiasetti, jossa vintage-hanhen sulkakyn\u00e4 + 6 k\u00e4rke\u00e4 + muste \u2013 EE5&nbsp;Retrotyylinen kalligrafiasetti, joka on suunniteltu k\u00e4sinkirjoitukseen ja koristeellisiin kirjoitusprojekteihin. Sis\u00e4lt\u00e4\u00e4 hanhen sulkakyn\u00e4n, jossa on yksityiskohtaiset metallikoristeet, kuusi vaihdettavaa kyn\u00e4np\u00e4\u00e4t\u00e4 ja 15 ml:n mustepullon. &nbsp;Tuotetiedot:&nbsp;Hanhen sulkakyn\u00e4Kyn\u00e4n v\u00e4ri: Harmaa, metallikoristeillaKyn\u00e4n mitat: Pituus 22 cmKyn\u00e4np\u00e4iden lukum\u00e4\u00e4r\u00e4: 6Musteen tilavuus: 15 mlLaadukas k\u00e4sity\u00f6Tyyli: Retro \/ Vintage \/ Steampunk \/ Elegantti&nbsp;<\/p>\n","protected":false},"featured_media":45019,"comment_status":"open","ping_status":"closed","template":"","meta":[],"product_brand":[],"product_cat":[32],"product_tag":[],"class_list":{"0":"post-36841","1":"product","2":"type-product","3":"status-publish","4":"has-post-thumbnail","6":"product_cat-uncategorized-fi","8":"first","9":"instock","10":"shipping-taxable","11":"purchasable","12":"product-type-simple"},"_links":{"self":[{"href":"https:\/\/nordicmart.andreevmaster.com\/fi\/wp-json\/wp\/v2\/product\/36841","targetHints":{"allow":["GET"]}}],"collection":[{"href":"https:\/\/nordicmart.andreevmaster.com\/fi\/wp-json\/wp\/v2\/product"}],"about":[{"href":"https:\/\/nordicmart.andreevmaster.com\/fi\/wp-json\/wp\/v2\/types\/product"}],"replies":[{"embeddable":true,"href":"https:\/\/nordicmart.andreevmaster.com\/fi\/wp-json\/wp\/v2\/comments?post=36841"}],"wp:featuredmedia":[{"embeddable":true,"href":"https:\/\/nordicmart.andreevmaster.com\/fi\/wp-json\/wp\/v2\/media\/45019"}],"wp:attachment":[{"href":"https:\/\/nordicmart.andreevmaster.com\/fi\/wp-json\/wp\/v2\/media?parent=36841"}],"wp:term":[{"taxonomy":"product_brand","embeddable":true,"href":"https:\/\/nordicmart.andreevmaster.com\/fi\/wp-json\/wp\/v2\/product_brand?post=36841"},{"taxonomy":"product_cat","embeddable":true,"href":"https:\/\/nordicmart.andreevmaster.com\/fi\/wp-json\/wp\/v2\/product_cat?post=36841"},{"taxonomy":"product_tag","embeddable":true,"href":"https:\/\/nordicmart.andreevmaster.com\/fi\/wp-json\/wp\/v2\/product_tag?post=36841"}],"curies":[{"name":"wp","href":"https:\/\/api.w.org\/{rel}","templated":true}]}}