{"id":36840,"date":"2026-02-27T00:36:13","date_gmt":"2026-02-27T00:36:13","guid":{"rendered":"https:\/\/nordicmart.andreevmaster.com\/product\/kalligrafiasetti-puinen-mustekyna-muste-708\/"},"modified":"2026-02-27T09:53:34","modified_gmt":"2026-02-27T09:53:34","slug":"kalligrafiasetti-puinen-mustekyna-muste-708","status":"publish","type":"product","link":"https:\/\/nordicmart.andreevmaster.com\/fi\/tuote\/kalligrafiasetti-puinen-mustekyna-muste-708\/","title":{"rendered":"Kalligrafiasetti \u2013 puinen mustekyn\u00e4 + muste \u2013 708"},"content":{"rendered":"<p>Kalligrafiasetti \u2013 puinen mustekyn\u00e4 + muste \u2013 708&nbsp;&nbsp;Elegantti kalligrafiasetti, joka on saanut inspiraationsa klassisista italialaisista kirjoitustraditioista. Suunniteltu k\u00e4sinkirjoituksen harrastajille ja luovaan k\u00e4ytt\u00f6\u00f6n.&nbsp;&nbsp;Setti sis\u00e4lt\u00e4\u00e4:&nbsp;Puinen kyn\u00e4np\u00e4\u00e4 metallik\u00e4rjell\u00e4Pullo mustaa kalligrafia-mustettaKoristeellinen lahjapakkaus ikkunalla ja sinetill\u00e4&nbsp;Tuotetiedot:&nbsp;Pakkauksen mitat: 7,5 \u00d7 22 \u00d7 3 cmMusteen v\u00e4ri: MustaKyn\u00e4n materiaali: Puu + metallik\u00e4rki&nbsp;T\u00e4rkeimm\u00e4t ominaisuudet:&nbsp;Laadukas k\u00e4sity\u00f6 Valmis lahjapakkaus Toiminnallinen ja esteettinen ty\u00f6kalu kalligrafian harjoitteluun Sopii kutsuihin, todistuksiin, luovaan kirjoittamiseen&nbsp;<\/p>\n","protected":false},"excerpt":{"rendered":"<p>Kalligrafiasetti \u2013 puinen mustekyn\u00e4 + muste \u2013 708&nbsp;&nbsp;Elegantti kalligrafiasetti, joka on saanut inspiraationsa klassisista italialaisista kirjoitustraditioista. Suunniteltu k\u00e4sinkirjoituksen harrastajille ja luovaan k\u00e4ytt\u00f6\u00f6n.&nbsp;&nbsp;Setti sis\u00e4lt\u00e4\u00e4:&nbsp;Puinen kyn\u00e4np\u00e4\u00e4 metallik\u00e4rjell\u00e4Pullo mustaa kalligrafia-mustettaKoristeellinen lahjapakkaus ikkunalla ja sinetill\u00e4&nbsp;Tuotetiedot:&nbsp;Pakkauksen mitat: 7,5 \u00d7 22 \u00d7 3 cmMusteen v\u00e4ri: MustaKyn\u00e4n materiaali: Puu + metallik\u00e4rki&nbsp;T\u00e4rkeimm\u00e4t ominaisuudet:&nbsp;Laadukas k\u00e4sity\u00f6 Valmis lahjapakkaus Toiminnallinen ja esteettinen ty\u00f6kalu kalligrafian harjoitteluun Sopii [&hellip;]<\/p>\n","protected":false},"featured_media":45018,"comment_status":"open","ping_status":"closed","template":"","meta":[],"product_brand":[],"product_cat":[32],"product_tag":[],"class_list":{"0":"post-36840","1":"product","2":"type-product","3":"status-publish","4":"has-post-thumbnail","6":"product_cat-uncategorized-fi","8":"first","9":"instock","10":"shipping-taxable","11":"purchasable","12":"product-type-simple"},"_links":{"self":[{"href":"https:\/\/nordicmart.andreevmaster.com\/fi\/wp-json\/wp\/v2\/product\/36840","targetHints":{"allow":["GET"]}}],"collection":[{"href":"https:\/\/nordicmart.andreevmaster.com\/fi\/wp-json\/wp\/v2\/product"}],"about":[{"href":"https:\/\/nordicmart.andreevmaster.com\/fi\/wp-json\/wp\/v2\/types\/product"}],"replies":[{"embeddable":true,"href":"https:\/\/nordicmart.andreevmaster.com\/fi\/wp-json\/wp\/v2\/comments?post=36840"}],"wp:featuredmedia":[{"embeddable":true,"href":"https:\/\/nordicmart.andreevmaster.com\/fi\/wp-json\/wp\/v2\/media\/45018"}],"wp:attachment":[{"href":"https:\/\/nordicmart.andreevmaster.com\/fi\/wp-json\/wp\/v2\/media?parent=36840"}],"wp:term":[{"taxonomy":"product_brand","embeddable":true,"href":"https:\/\/nordicmart.andreevmaster.com\/fi\/wp-json\/wp\/v2\/product_brand?post=36840"},{"taxonomy":"product_cat","embeddable":true,"href":"https:\/\/nordicmart.andreevmaster.com\/fi\/wp-json\/wp\/v2\/product_cat?post=36840"},{"taxonomy":"product_tag","embeddable":true,"href":"https:\/\/nordicmart.andreevmaster.com\/fi\/wp-json\/wp\/v2\/product_tag?post=36840"}],"curies":[{"name":"wp","href":"https:\/\/api.w.org\/{rel}","templated":true}]}}