{"id":36839,"date":"2026-02-27T00:36:13","date_gmt":"2026-02-27T00:36:13","guid":{"rendered":"https:\/\/nordicmart.andreevmaster.com\/product\/iso-messinkinen-astrolabi-armillaarinen-pallo-toimistokoriste-aml141a\/"},"modified":"2026-02-27T09:53:34","modified_gmt":"2026-02-27T09:53:34","slug":"iso-messinkinen-astrolabi-armillaarinen-pallo-toimistokoriste-aml141a","status":"publish","type":"product","link":"https:\/\/nordicmart.andreevmaster.com\/fi\/tuote\/iso-messinkinen-astrolabi-armillaarinen-pallo-toimistokoriste-aml141a\/","title":{"rendered":"Iso messinkinen astrolabi \u2013 armillaarinen pallo \u2013 toimistokoriste \u2013 AML141A"},"content":{"rendered":"<p>Messinkinen armillaarinen pallo \u2013 toimistokoriste \u2013 AML141A&nbsp;Suuri koristeellinen armillaarinen pallo, valmistettu massiivimessingist\u00e4 ja puusta. Suunniteltu klassiseksi ja hienostuneeksi sisustuselementiksi johtajien toimistoihin, yritysten auloihin, kirjastoihin tai kokoushuoneisiin. Sopii my\u00f6s korkealaatuiseksi liikelahjaksi.&nbsp;Materiaali: Messinki, puuViimeistely: AntiikkimessinkiMitat: 36 x 36 x 52 cm&nbsp;Suositellaan:&nbsp;Liikelahjaksi t\u00e4htitieteilij\u00f6ille, tiedekasvattajille tai akateemisille asiakkailleToimisto- tai ty\u00f6huoneen sisustukseen (johdon, lakimiesten tai akateemisten tilojen)Yrityslahjaksi kumppaneille, sidosryhmille tai hallituksen j\u00e4senille&nbsp;T\u00e4rkeimm\u00e4t ominaisuudet:&nbsp;Laadukas messinki takaa korkealaatuisen ja kest\u00e4v\u00e4n viimeistelynKoristeellinen ja symbolinen muoto heijastaa tieteellist\u00e4 perinnett\u00e4Ihanteellinen B2B-lahjaksi ja sisustuksen korostukseksi&nbsp;<\/p>\n","protected":false},"excerpt":{"rendered":"<p>Messinkinen armillaarinen pallo \u2013 toimistokoriste \u2013 AML141A&nbsp;Suuri koristeellinen armillaarinen pallo, valmistettu massiivimessingist\u00e4 ja puusta. Suunniteltu klassiseksi ja hienostuneeksi sisustuselementiksi johtajien toimistoihin, yritysten auloihin, kirjastoihin tai kokoushuoneisiin. Sopii my\u00f6s korkealaatuiseksi liikelahjaksi.&nbsp;Materiaali: Messinki, puuViimeistely: AntiikkimessinkiMitat: 36 x 36 x 52 cm&nbsp;Suositellaan:&nbsp;Liikelahjaksi t\u00e4htitieteilij\u00f6ille, tiedekasvattajille tai akateemisille asiakkailleToimisto- tai ty\u00f6huoneen sisustukseen (johdon, lakimiesten tai akateemisten tilojen)Yrityslahjaksi kumppaneille, sidosryhmille tai [&hellip;]<\/p>\n","protected":false},"featured_media":45017,"comment_status":"open","ping_status":"closed","template":"","meta":[],"product_brand":[],"product_cat":[32],"product_tag":[],"class_list":{"0":"post-36839","1":"product","2":"type-product","3":"status-publish","4":"has-post-thumbnail","6":"product_cat-uncategorized-fi","8":"first","9":"instock","10":"shipping-taxable","11":"purchasable","12":"product-type-simple"},"_links":{"self":[{"href":"https:\/\/nordicmart.andreevmaster.com\/fi\/wp-json\/wp\/v2\/product\/36839","targetHints":{"allow":["GET"]}}],"collection":[{"href":"https:\/\/nordicmart.andreevmaster.com\/fi\/wp-json\/wp\/v2\/product"}],"about":[{"href":"https:\/\/nordicmart.andreevmaster.com\/fi\/wp-json\/wp\/v2\/types\/product"}],"replies":[{"embeddable":true,"href":"https:\/\/nordicmart.andreevmaster.com\/fi\/wp-json\/wp\/v2\/comments?post=36839"}],"wp:featuredmedia":[{"embeddable":true,"href":"https:\/\/nordicmart.andreevmaster.com\/fi\/wp-json\/wp\/v2\/media\/45017"}],"wp:attachment":[{"href":"https:\/\/nordicmart.andreevmaster.com\/fi\/wp-json\/wp\/v2\/media?parent=36839"}],"wp:term":[{"taxonomy":"product_brand","embeddable":true,"href":"https:\/\/nordicmart.andreevmaster.com\/fi\/wp-json\/wp\/v2\/product_brand?post=36839"},{"taxonomy":"product_cat","embeddable":true,"href":"https:\/\/nordicmart.andreevmaster.com\/fi\/wp-json\/wp\/v2\/product_cat?post=36839"},{"taxonomy":"product_tag","embeddable":true,"href":"https:\/\/nordicmart.andreevmaster.com\/fi\/wp-json\/wp\/v2\/product_tag?post=36839"}],"curies":[{"name":"wp","href":"https:\/\/api.w.org\/{rel}","templated":true}]}}