{"id":36838,"date":"2026-02-27T00:36:13","date_gmt":"2026-02-27T00:36:13","guid":{"rendered":"https:\/\/nordicmart.andreevmaster.com\/product\/messinkinen-kasikello-puukahvalla-retrotyylinen-9-cm-hb56-6-5\/"},"modified":"2026-02-27T09:53:33","modified_gmt":"2026-02-27T09:53:33","slug":"messinkinen-kasikello-puukahvalla-retrotyylinen-9-cm-hb56-6-5","status":"publish","type":"product","link":"https:\/\/nordicmart.andreevmaster.com\/fi\/tuote\/messinkinen-kasikello-puukahvalla-retrotyylinen-9-cm-hb56-6-5\/","title":{"rendered":"Messinkinen k\u00e4sikello puukahvalla \u2013 retrotyylinen 9 cm \u2013 HB56\/6.5"},"content":{"rendered":"<p>Messinkinen k\u00e4sikello puukahvalla \u2013 retrotyylinen 9 cm \u2013 HB56\/6.5&nbsp;&nbsp;Messinkinen k\u00e4sikello, jossa on tukeva puukahva. Retrotyylinen muotoilu yhdist\u00e4\u00e4 vintage-estetiikan ja k\u00e4yt\u00e4nn\u00f6llisyyden. Tuottaa selke\u00e4n, voimakkaan \u00e4\u00e4nen.&nbsp;&nbsp;Tuotetiedot:&nbsp;Materiaalit: messinki, puuHalkaisija: 9 cmV\u00e4ri: kultainen, ruskeaTyyli: retro, vintage, kolonialistinen\u00c4\u00e4ni: voimakas ja selke\u00e4&nbsp;Sopii erinomaisesti:&nbsp;Vastaanotto- tai palvelukello hotelleihin, baareihin tai ravintoloihin Koriste-esine vintage-, rustiikki- tai teollisuustyylisiin sisustuksiin Toiminnallinen lis\u00e4varuste ty\u00f6pajoihin, tapahtumiin tai oppilaitoksiin Rekvisiitta teatteri-, elokuva- tai valokuvatuotantoihin Lahja ker\u00e4ilij\u00f6ille tai vintage-tyylisten esineiden yst\u00e4ville&nbsp;<\/p>\n","protected":false},"excerpt":{"rendered":"<p>Messinkinen k\u00e4sikello puukahvalla \u2013 retrotyylinen 9 cm \u2013 HB56\/6.5&nbsp;&nbsp;Messinkinen k\u00e4sikello, jossa on tukeva puukahva. Retrotyylinen muotoilu yhdist\u00e4\u00e4 vintage-estetiikan ja k\u00e4yt\u00e4nn\u00f6llisyyden. Tuottaa selke\u00e4n, voimakkaan \u00e4\u00e4nen.&nbsp;&nbsp;Tuotetiedot:&nbsp;Materiaalit: messinki, puuHalkaisija: 9 cmV\u00e4ri: kultainen, ruskeaTyyli: retro, vintage, kolonialistinen\u00c4\u00e4ni: voimakas ja selke\u00e4&nbsp;Sopii erinomaisesti:&nbsp;Vastaanotto- tai palvelukello hotelleihin, baareihin tai ravintoloihin Koriste-esine vintage-, rustiikki- tai teollisuustyylisiin sisustuksiin Toiminnallinen lis\u00e4varuste ty\u00f6pajoihin, tapahtumiin tai oppilaitoksiin [&hellip;]<\/p>\n","protected":false},"featured_media":45016,"comment_status":"open","ping_status":"closed","template":"","meta":[],"product_brand":[],"product_cat":[32],"product_tag":[],"class_list":{"0":"post-36838","1":"product","2":"type-product","3":"status-publish","4":"has-post-thumbnail","6":"product_cat-uncategorized-fi","8":"first","9":"instock","10":"shipping-taxable","11":"purchasable","12":"product-type-simple"},"_links":{"self":[{"href":"https:\/\/nordicmart.andreevmaster.com\/fi\/wp-json\/wp\/v2\/product\/36838","targetHints":{"allow":["GET"]}}],"collection":[{"href":"https:\/\/nordicmart.andreevmaster.com\/fi\/wp-json\/wp\/v2\/product"}],"about":[{"href":"https:\/\/nordicmart.andreevmaster.com\/fi\/wp-json\/wp\/v2\/types\/product"}],"replies":[{"embeddable":true,"href":"https:\/\/nordicmart.andreevmaster.com\/fi\/wp-json\/wp\/v2\/comments?post=36838"}],"wp:featuredmedia":[{"embeddable":true,"href":"https:\/\/nordicmart.andreevmaster.com\/fi\/wp-json\/wp\/v2\/media\/45016"}],"wp:attachment":[{"href":"https:\/\/nordicmart.andreevmaster.com\/fi\/wp-json\/wp\/v2\/media?parent=36838"}],"wp:term":[{"taxonomy":"product_brand","embeddable":true,"href":"https:\/\/nordicmart.andreevmaster.com\/fi\/wp-json\/wp\/v2\/product_brand?post=36838"},{"taxonomy":"product_cat","embeddable":true,"href":"https:\/\/nordicmart.andreevmaster.com\/fi\/wp-json\/wp\/v2\/product_cat?post=36838"},{"taxonomy":"product_tag","embeddable":true,"href":"https:\/\/nordicmart.andreevmaster.com\/fi\/wp-json\/wp\/v2\/product_tag?post=36838"}],"curies":[{"name":"wp","href":"https:\/\/api.w.org\/{rel}","templated":true}]}}