{"id":36837,"date":"2026-02-27T00:36:12","date_gmt":"2026-02-27T00:36:12","guid":{"rendered":"https:\/\/nordicmart.andreevmaster.com\/product\/messinkinen-vintage-kaukoputki-puulaatikossa-nc-1111\/"},"modified":"2026-02-27T09:53:33","modified_gmt":"2026-02-27T09:53:33","slug":"messinkinen-vintage-kaukoputki-puulaatikossa-nc-1111","status":"publish","type":"product","link":"https:\/\/nordicmart.andreevmaster.com\/fi\/tuote\/messinkinen-vintage-kaukoputki-puulaatikossa-nc-1111\/","title":{"rendered":"Messinkinen vintage-kaukoputki puulaatikossa \u2013 NC 1111"},"content":{"rendered":"<p>Messinkinen vintage-kaukoputki puulaatikossa \u2013 NC 1111&nbsp;&nbsp;Kompakti messinkinen kaukoputki lasiooptiikalla pehmustetussa puulaatikossa. Elegantti ker\u00e4ilykappale, joka on saanut inspiraationsa klassisista merenkulkuv\u00e4lineist\u00e4. Sopii koriste-esineeksi tai hienostuneeksi lahjaksi historia- ja merenkulkuharrastajille.&nbsp;&nbsp;Tuotetiedot:&nbsp;Materiaalit: messinki, puu, lasiPituus (jatketussa tilassa): 15,5 cmPituus (kokoontaitettuna): 7,5 cmKotelon mitat: 10 x 5,5 x 5 cmSuurennus: noin 3,5\u00d7Laatikko: puinen kotelo, jossa vuori&nbsp;Sopii erinomaisesti:&nbsp;Lahjaksi matkailijoille, ker\u00e4ilij\u00f6ille tai merenkulun yst\u00e4villeSisustustuotteeksi toimistoon, kirjastoon tai ty\u00f6huoneeseenKorostustuotteeksi vintage-, merenkulku- tai tutkimusmatkailija-tyylisiin sisustuksiin&nbsp;<\/p>\n","protected":false},"excerpt":{"rendered":"<p>Messinkinen vintage-kaukoputki puulaatikossa \u2013 NC 1111&nbsp;&nbsp;Kompakti messinkinen kaukoputki lasiooptiikalla pehmustetussa puulaatikossa. Elegantti ker\u00e4ilykappale, joka on saanut inspiraationsa klassisista merenkulkuv\u00e4lineist\u00e4. Sopii koriste-esineeksi tai hienostuneeksi lahjaksi historia- ja merenkulkuharrastajille.&nbsp;&nbsp;Tuotetiedot:&nbsp;Materiaalit: messinki, puu, lasiPituus (jatketussa tilassa): 15,5 cmPituus (kokoontaitettuna): 7,5 cmKotelon mitat: 10 x 5,5 x 5 cmSuurennus: noin 3,5\u00d7Laatikko: puinen kotelo, jossa vuori&nbsp;Sopii erinomaisesti:&nbsp;Lahjaksi matkailijoille, ker\u00e4ilij\u00f6ille tai merenkulun [&hellip;]<\/p>\n","protected":false},"featured_media":45015,"comment_status":"open","ping_status":"closed","template":"","meta":[],"product_brand":[],"product_cat":[32],"product_tag":[],"class_list":{"0":"post-36837","1":"product","2":"type-product","3":"status-publish","4":"has-post-thumbnail","6":"product_cat-uncategorized-fi","8":"first","9":"instock","10":"shipping-taxable","11":"purchasable","12":"product-type-simple"},"_links":{"self":[{"href":"https:\/\/nordicmart.andreevmaster.com\/fi\/wp-json\/wp\/v2\/product\/36837","targetHints":{"allow":["GET"]}}],"collection":[{"href":"https:\/\/nordicmart.andreevmaster.com\/fi\/wp-json\/wp\/v2\/product"}],"about":[{"href":"https:\/\/nordicmart.andreevmaster.com\/fi\/wp-json\/wp\/v2\/types\/product"}],"replies":[{"embeddable":true,"href":"https:\/\/nordicmart.andreevmaster.com\/fi\/wp-json\/wp\/v2\/comments?post=36837"}],"wp:featuredmedia":[{"embeddable":true,"href":"https:\/\/nordicmart.andreevmaster.com\/fi\/wp-json\/wp\/v2\/media\/45015"}],"wp:attachment":[{"href":"https:\/\/nordicmart.andreevmaster.com\/fi\/wp-json\/wp\/v2\/media?parent=36837"}],"wp:term":[{"taxonomy":"product_brand","embeddable":true,"href":"https:\/\/nordicmart.andreevmaster.com\/fi\/wp-json\/wp\/v2\/product_brand?post=36837"},{"taxonomy":"product_cat","embeddable":true,"href":"https:\/\/nordicmart.andreevmaster.com\/fi\/wp-json\/wp\/v2\/product_cat?post=36837"},{"taxonomy":"product_tag","embeddable":true,"href":"https:\/\/nordicmart.andreevmaster.com\/fi\/wp-json\/wp\/v2\/product_tag?post=36837"}],"curies":[{"name":"wp","href":"https:\/\/api.w.org\/{rel}","templated":true}]}}