{"id":36836,"date":"2026-02-27T00:36:12","date_gmt":"2026-02-27T00:36:12","guid":{"rendered":"https:\/\/nordicmart.andreevmaster.com\/product\/puisessa-laatikossa-oleva-puosun-pilli-nc103186\/"},"modified":"2026-02-27T09:53:33","modified_gmt":"2026-02-27T09:53:33","slug":"puisessa-laatikossa-oleva-puosun-pilli-nc103186","status":"publish","type":"product","link":"https:\/\/nordicmart.andreevmaster.com\/fi\/tuote\/puisessa-laatikossa-oleva-puosun-pilli-nc103186\/","title":{"rendered":"Puisessa laatikossa oleva puosun pilli \u2013 NC103186"},"content":{"rendered":"<p>Puisessa laatikossa oleva puosun pilli \u2013 NC103186&nbsp;&nbsp;Messinkinen puosun pilli koristeellisessa puulaatikossa, jossa on messinkiset yksityiskohdat. Klassinen merenkulkualan muotoilu, valmistettu huolella yksityiskohtiin. Sopii symbolisena lahjana tai ker\u00e4ilyesineen\u00e4 merenkulusta kiinnostuneille.&nbsp;&nbsp;Tuotetiedot:&nbsp;Pillin pituus: 12,5 cmLaatikon mitat: 17 x 5 x 3,5 cmMateriaalit: messinki, puuPakkaus: puinen laatikko messinkisisustuksilla&nbsp;Sopii erinomaisesti:&nbsp;Lahjaksi merimiehille, kapteeneille tai kouluttajilleMerihenkinen koriste-esineLis\u00e4varuste toimistoihin, veneiden hyteihin tai merihenkisiin sisustuksiinTyylik\u00e4s lis\u00e4 merihenkisiin kokoelmiin&nbsp;<\/p>\n","protected":false},"excerpt":{"rendered":"<p>Puisessa laatikossa oleva puosun pilli \u2013 NC103186&nbsp;&nbsp;Messinkinen puosun pilli koristeellisessa puulaatikossa, jossa on messinkiset yksityiskohdat. Klassinen merenkulkualan muotoilu, valmistettu huolella yksityiskohtiin. Sopii symbolisena lahjana tai ker\u00e4ilyesineen\u00e4 merenkulusta kiinnostuneille.&nbsp;&nbsp;Tuotetiedot:&nbsp;Pillin pituus: 12,5 cmLaatikon mitat: 17 x 5 x 3,5 cmMateriaalit: messinki, puuPakkaus: puinen laatikko messinkisisustuksilla&nbsp;Sopii erinomaisesti:&nbsp;Lahjaksi merimiehille, kapteeneille tai kouluttajilleMerihenkinen koriste-esineLis\u00e4varuste toimistoihin, veneiden hyteihin tai merihenkisiin sisustuksiinTyylik\u00e4s [&hellip;]<\/p>\n","protected":false},"featured_media":45014,"comment_status":"open","ping_status":"closed","template":"","meta":[],"product_brand":[],"product_cat":[32],"product_tag":[],"class_list":{"0":"post-36836","1":"product","2":"type-product","3":"status-publish","4":"has-post-thumbnail","6":"product_cat-uncategorized-fi","8":"first","9":"instock","10":"shipping-taxable","11":"purchasable","12":"product-type-simple"},"_links":{"self":[{"href":"https:\/\/nordicmart.andreevmaster.com\/fi\/wp-json\/wp\/v2\/product\/36836","targetHints":{"allow":["GET"]}}],"collection":[{"href":"https:\/\/nordicmart.andreevmaster.com\/fi\/wp-json\/wp\/v2\/product"}],"about":[{"href":"https:\/\/nordicmart.andreevmaster.com\/fi\/wp-json\/wp\/v2\/types\/product"}],"replies":[{"embeddable":true,"href":"https:\/\/nordicmart.andreevmaster.com\/fi\/wp-json\/wp\/v2\/comments?post=36836"}],"wp:featuredmedia":[{"embeddable":true,"href":"https:\/\/nordicmart.andreevmaster.com\/fi\/wp-json\/wp\/v2\/media\/45014"}],"wp:attachment":[{"href":"https:\/\/nordicmart.andreevmaster.com\/fi\/wp-json\/wp\/v2\/media?parent=36836"}],"wp:term":[{"taxonomy":"product_brand","embeddable":true,"href":"https:\/\/nordicmart.andreevmaster.com\/fi\/wp-json\/wp\/v2\/product_brand?post=36836"},{"taxonomy":"product_cat","embeddable":true,"href":"https:\/\/nordicmart.andreevmaster.com\/fi\/wp-json\/wp\/v2\/product_cat?post=36836"},{"taxonomy":"product_tag","embeddable":true,"href":"https:\/\/nordicmart.andreevmaster.com\/fi\/wp-json\/wp\/v2\/product_tag?post=36836"}],"curies":[{"name":"wp","href":"https:\/\/api.w.org\/{rel}","templated":true}]}}