{"id":36835,"date":"2026-02-27T00:36:12","date_gmt":"2026-02-27T00:36:12","guid":{"rendered":"https:\/\/nordicmart.andreevmaster.com\/product\/messinkinen-kompassi-ja-aurinkokello-puulaatikossa-nc-103185\/"},"modified":"2026-02-27T09:53:33","modified_gmt":"2026-02-27T09:53:33","slug":"messinkinen-kompassi-ja-aurinkokello-puulaatikossa-nc-103185","status":"publish","type":"product","link":"https:\/\/nordicmart.andreevmaster.com\/fi\/tuote\/messinkinen-kompassi-ja-aurinkokello-puulaatikossa-nc-103185\/","title":{"rendered":"Messinkinen kompassi ja aurinkokello puulaatikossa \u2013 NC 103185"},"content":{"rendered":"<p>Messinkinen kompassi ja aurinkokello puulaatikossa \u2013 NC 103185&nbsp;&nbsp;Messinkinen kompassi, jossa on integroitu aurinkokello, vintage-tyylinen. Valmistettu kest\u00e4v\u00e4st\u00e4 messingist\u00e4, pakattu koristeelliseen puulaatikkoon. Sopii p\u00f6yt\u00e4koristeeksi, ker\u00e4ilyesineeksi tai symboliseksi liikelahjaksi.&nbsp;&nbsp;Tuotetiedot:&nbsp;Kompassin halkaisija: 12 cmLaatikon mitat: 14,5 x 14,5 x 6,5 cmMateriaalit: messinki, puuViimeistely: vintage-tyyliPakkaus: koristeellinen puulaatikko&nbsp;Sopii erinomaisesti:&nbsp;yrityslahjaksi matkailuaiheisiin sisustuksiin, toimistoihin tai kirjastoihin symboliseksi esineeksi uran merkkipaaluille tai j\u00e4\u00e4hyv\u00e4isille&nbsp;<\/p>\n","protected":false},"excerpt":{"rendered":"<p>Messinkinen kompassi ja aurinkokello puulaatikossa \u2013 NC 103185&nbsp;&nbsp;Messinkinen kompassi, jossa on integroitu aurinkokello, vintage-tyylinen. Valmistettu kest\u00e4v\u00e4st\u00e4 messingist\u00e4, pakattu koristeelliseen puulaatikkoon. Sopii p\u00f6yt\u00e4koristeeksi, ker\u00e4ilyesineeksi tai symboliseksi liikelahjaksi.&nbsp;&nbsp;Tuotetiedot:&nbsp;Kompassin halkaisija: 12 cmLaatikon mitat: 14,5 x 14,5 x 6,5 cmMateriaalit: messinki, puuViimeistely: vintage-tyyliPakkaus: koristeellinen puulaatikko&nbsp;Sopii erinomaisesti:&nbsp;yrityslahjaksi matkailuaiheisiin sisustuksiin, toimistoihin tai kirjastoihin symboliseksi esineeksi uran merkkipaaluille tai j\u00e4\u00e4hyv\u00e4isille&nbsp;<\/p>\n","protected":false},"featured_media":45013,"comment_status":"open","ping_status":"closed","template":"","meta":[],"product_brand":[],"product_cat":[32],"product_tag":[],"class_list":{"0":"post-36835","1":"product","2":"type-product","3":"status-publish","4":"has-post-thumbnail","6":"product_cat-uncategorized-fi","8":"first","9":"instock","10":"shipping-taxable","11":"purchasable","12":"product-type-simple"},"_links":{"self":[{"href":"https:\/\/nordicmart.andreevmaster.com\/fi\/wp-json\/wp\/v2\/product\/36835","targetHints":{"allow":["GET"]}}],"collection":[{"href":"https:\/\/nordicmart.andreevmaster.com\/fi\/wp-json\/wp\/v2\/product"}],"about":[{"href":"https:\/\/nordicmart.andreevmaster.com\/fi\/wp-json\/wp\/v2\/types\/product"}],"replies":[{"embeddable":true,"href":"https:\/\/nordicmart.andreevmaster.com\/fi\/wp-json\/wp\/v2\/comments?post=36835"}],"wp:featuredmedia":[{"embeddable":true,"href":"https:\/\/nordicmart.andreevmaster.com\/fi\/wp-json\/wp\/v2\/media\/45013"}],"wp:attachment":[{"href":"https:\/\/nordicmart.andreevmaster.com\/fi\/wp-json\/wp\/v2\/media?parent=36835"}],"wp:term":[{"taxonomy":"product_brand","embeddable":true,"href":"https:\/\/nordicmart.andreevmaster.com\/fi\/wp-json\/wp\/v2\/product_brand?post=36835"},{"taxonomy":"product_cat","embeddable":true,"href":"https:\/\/nordicmart.andreevmaster.com\/fi\/wp-json\/wp\/v2\/product_cat?post=36835"},{"taxonomy":"product_tag","embeddable":true,"href":"https:\/\/nordicmart.andreevmaster.com\/fi\/wp-json\/wp\/v2\/product_tag?post=36835"}],"curies":[{"name":"wp","href":"https:\/\/api.w.org\/{rel}","templated":true}]}}