{"id":36834,"date":"2026-02-27T00:36:12","date_gmt":"2026-02-27T00:36:12","guid":{"rendered":"https:\/\/nordicmart.andreevmaster.com\/product\/cappuccino-quadrant-1500-luvun-replica-lahja-tahtitieteilijalle-tai-merimiehelle-h28\/"},"modified":"2026-02-27T09:53:33","modified_gmt":"2026-02-27T09:53:33","slug":"cappuccino-quadrant-1500-luvun-replica-lahja-tahtitieteilijalle-tai-merimiehelle-h28","status":"publish","type":"product","link":"https:\/\/nordicmart.andreevmaster.com\/fi\/tuote\/cappuccino-quadrant-1500-luvun-replica-lahja-tahtitieteilijalle-tai-merimiehelle-h28\/","title":{"rendered":"Cappuccino Quadrant &#8211; 1500-luvun replica &#8211; Lahja t\u00e4htitieteilij\u00e4lle tai merimiehelle &#8211; H28"},"content":{"rendered":"<p>Cappuccino Quadrant &#8211; 1500-luvun replica &#8211; Lahja t\u00e4htitieteilij\u00e4lle tai merimiehelle &#8211; H28&nbsp;&nbsp;Quadrant on historiallinen navigointi- ja t\u00e4htitieteellinen instrumentti, jota k\u00e4ytettiin mittaamaan taivaankappaleiden (esim. aurinko, t\u00e4hdet) korkeutta horisontin yl\u00e4puolella. K\u00e4yt\u00e4nn\u00f6ss\u00e4 sit\u00e4 k\u00e4ytettiin p\u00e4\u00e4asiassa:&nbsp;t\u00e4htitieteess\u00e4 &#8211; taivaan havainnointiin ja kartoittamiseen,merenkulussa &#8211; aluksen leveysasteen m\u00e4\u00e4ritt\u00e4miseen.&nbsp;Sen nimi johtuu siit\u00e4, ett\u00e4 tunnetuimmassa versiossa t\u00e4st\u00e4 aurinkokellosta helmen polku molemmissa tropiikeissa piirsi kaksi viivaa, jotka muistuttivat kapusiinimunkkien k\u00e4ytt\u00e4m\u00e4\u00e4 huppua. Sen alkuper\u00e4 juontaa juurensa 1400-luvulle, vaikka sit\u00e4 ei voida varmuudella sanoa. Quadrant on valmistettu zamakista (sinkki-alumiiniseos) ja asetettu tyylikk\u00e4\u00e4lle puualustalle. Replika on tunnettu korkealaatuisesta k\u00e4sity\u00f6taidosta ja kest\u00e4vyydest\u00e4. Huolellisesti kohokuvioidut yksityiskohdat ja vankka viimeistely tekev\u00e4t siit\u00e4 poikkeuksellisen ker\u00e4ilykohteen. Replika on kalibroitu 51,5\u00b0N leveysasteelle. Se on t\u00e4ydellinen koriste toimistoon, kirjastoon tai vintage-tyyliseen sisustukseen, mutta my\u00f6s erinomainen lahja t\u00e4htitieteen, tieteen historian tai merenkulun harrastajalle. Tuotetiedot:Korkeus: 11 cm Leveys: 8 cm 1400-luvun kvadrantin replica Ihanteellinen ker\u00e4ilij\u00f6ille ja vintage-tyylisten esineiden yst\u00e4ville Koriste toimistoon, ty\u00f6huoneeseen tai kirjastoon retrotyylill\u00e4 Ainutlaatuinen lahja vintage-instrumenttien ker\u00e4ilij\u00e4lle tai vanhan tekniikan harrastajalle Miten kvadrantti toimi? Merimies tai t\u00e4htitieteilij\u00e4 piti instrumenttia pystysuorassa.H\u00e4n t\u00e4ht\u00e4si taivaankappaleen n\u00e4k\u00f6kent\u00e4n l\u00e4pi.Paino osoitti kulman arvon asteikolla.T\u00e4m\u00e4 horisontin yl\u00e4puolella oleva kulma mahdollisti:leveysasteen laskemisen (merell\u00e4),sijainnin ja ajan m\u00e4\u00e4ritt\u00e4misen (t\u00e4htitieteess\u00e4).&nbsp;&nbsp;Mielenkiintoisia faktoja:&nbsp;Kvadrantteja k\u00e4ytettiin jo keskiajalla ja suurten maantieteellisten l\u00f6yt\u00f6jen aikana.My\u00f6hemmin ne korvattiin sekstantilla, jotka olivat tarkempia ja helpompia k\u00e4ytt\u00e4\u00e4. Kuuluisa t\u00e4htitieteilij\u00e4 Tycho Brahe k\u00e4ytti eritt\u00e4in suuria kvadrantteja t\u00e4htien tarkkaan havainnointiin jo ennen kaukoputken keksimist\u00e4.&nbsp;<\/p>\n","protected":false},"excerpt":{"rendered":"<p>Cappuccino Quadrant &#8211; 1500-luvun replica &#8211; Lahja t\u00e4htitieteilij\u00e4lle tai merimiehelle &#8211; H28&nbsp;&nbsp;Quadrant on historiallinen navigointi- ja t\u00e4htitieteellinen instrumentti, jota k\u00e4ytettiin mittaamaan taivaankappaleiden (esim. aurinko, t\u00e4hdet) korkeutta horisontin yl\u00e4puolella. K\u00e4yt\u00e4nn\u00f6ss\u00e4 sit\u00e4 k\u00e4ytettiin p\u00e4\u00e4asiassa:&nbsp;t\u00e4htitieteess\u00e4 &#8211; taivaan havainnointiin ja kartoittamiseen,merenkulussa &#8211; aluksen leveysasteen m\u00e4\u00e4ritt\u00e4miseen.&nbsp;Sen nimi johtuu siit\u00e4, ett\u00e4 tunnetuimmassa versiossa t\u00e4st\u00e4 aurinkokellosta helmen polku molemmissa tropiikeissa piirsi kaksi [&hellip;]<\/p>\n","protected":false},"featured_media":45012,"comment_status":"open","ping_status":"closed","template":"","meta":[],"product_brand":[],"product_cat":[32],"product_tag":[],"class_list":{"0":"post-36834","1":"product","2":"type-product","3":"status-publish","4":"has-post-thumbnail","6":"product_cat-uncategorized-fi","8":"first","9":"instock","10":"shipping-taxable","11":"purchasable","12":"product-type-simple"},"_links":{"self":[{"href":"https:\/\/nordicmart.andreevmaster.com\/fi\/wp-json\/wp\/v2\/product\/36834","targetHints":{"allow":["GET"]}}],"collection":[{"href":"https:\/\/nordicmart.andreevmaster.com\/fi\/wp-json\/wp\/v2\/product"}],"about":[{"href":"https:\/\/nordicmart.andreevmaster.com\/fi\/wp-json\/wp\/v2\/types\/product"}],"replies":[{"embeddable":true,"href":"https:\/\/nordicmart.andreevmaster.com\/fi\/wp-json\/wp\/v2\/comments?post=36834"}],"wp:featuredmedia":[{"embeddable":true,"href":"https:\/\/nordicmart.andreevmaster.com\/fi\/wp-json\/wp\/v2\/media\/45012"}],"wp:attachment":[{"href":"https:\/\/nordicmart.andreevmaster.com\/fi\/wp-json\/wp\/v2\/media?parent=36834"}],"wp:term":[{"taxonomy":"product_brand","embeddable":true,"href":"https:\/\/nordicmart.andreevmaster.com\/fi\/wp-json\/wp\/v2\/product_brand?post=36834"},{"taxonomy":"product_cat","embeddable":true,"href":"https:\/\/nordicmart.andreevmaster.com\/fi\/wp-json\/wp\/v2\/product_cat?post=36834"},{"taxonomy":"product_tag","embeddable":true,"href":"https:\/\/nordicmart.andreevmaster.com\/fi\/wp-json\/wp\/v2\/product_tag?post=36834"}],"curies":[{"name":"wp","href":"https:\/\/api.w.org\/{rel}","templated":true}]}}