{"id":36833,"date":"2026-02-27T00:36:11","date_gmt":"2026-02-27T00:36:11","guid":{"rendered":"https:\/\/nordicmart.andreevmaster.com\/product\/puinen-valokuvakehys-10x15-cm-vintage-mangopuu-30374a\/"},"modified":"2026-02-27T09:53:32","modified_gmt":"2026-02-27T09:53:32","slug":"puinen-valokuvakehys-10x15-cm-vintage-mangopuu-30374a","status":"publish","type":"product","link":"https:\/\/nordicmart.andreevmaster.com\/fi\/tuote\/puinen-valokuvakehys-10x15-cm-vintage-mangopuu-30374a\/","title":{"rendered":"Puinen valokuvakehys 10&#215;15 cm vintage &#8211; mangopuu &#8211; 30374A"},"content":{"rendered":"<p>Puinen valokuvakehys 10&#215;15 cm vintage &#8211; mangopuu &#8211; 30374A&nbsp;Valokuvakehys on valmistettu luonnollisesta mangopuusta ja koristeltu metallisilla koristeosilla. T\u00e4ydellinen suosikkimuistojesi esillepanoon.&nbsp;Tuotetiedot:Materiaali: mangopuu + metallikoristeet (kulmissa metalliosat)Kehyksen ulkomitat: 27,5 x 22,5 cm Valokuvan koko: 10 x 15 cm (vakio) Tyyli: tarkoituksellisesti vanhennettu, rustiikkinen eleganssi V\u00e4ri: ruskea + metalliset koristeet Alkuper\u00e4inen, k\u00e4sintehty kehys eksoottisesta mangopuusta Metalliset koristeet lis\u00e4\u00e4v\u00e4t luonnetta ja kest\u00e4vyytt\u00e4 Ihanteellinen vintage-, boho-, loft- tai klassiseen tyyliin sisustettuihin tiloihin Erinomainen lahjaidea.&nbsp;&nbsp;<\/p>\n","protected":false},"excerpt":{"rendered":"<p>Puinen valokuvakehys 10&#215;15 cm vintage &#8211; mangopuu &#8211; 30374A&nbsp;Valokuvakehys on valmistettu luonnollisesta mangopuusta ja koristeltu metallisilla koristeosilla. T\u00e4ydellinen suosikkimuistojesi esillepanoon.&nbsp;Tuotetiedot:Materiaali: mangopuu + metallikoristeet (kulmissa metalliosat)Kehyksen ulkomitat: 27,5 x 22,5 cm Valokuvan koko: 10 x 15 cm (vakio) Tyyli: tarkoituksellisesti vanhennettu, rustiikkinen eleganssi V\u00e4ri: ruskea + metalliset koristeet Alkuper\u00e4inen, k\u00e4sintehty kehys eksoottisesta mangopuusta Metalliset koristeet lis\u00e4\u00e4v\u00e4t [&hellip;]<\/p>\n","protected":false},"featured_media":45011,"comment_status":"open","ping_status":"closed","template":"","meta":[],"product_brand":[],"product_cat":[32],"product_tag":[],"class_list":{"0":"post-36833","1":"product","2":"type-product","3":"status-publish","4":"has-post-thumbnail","6":"product_cat-uncategorized-fi","8":"first","9":"instock","10":"shipping-taxable","11":"purchasable","12":"product-type-simple"},"_links":{"self":[{"href":"https:\/\/nordicmart.andreevmaster.com\/fi\/wp-json\/wp\/v2\/product\/36833","targetHints":{"allow":["GET"]}}],"collection":[{"href":"https:\/\/nordicmart.andreevmaster.com\/fi\/wp-json\/wp\/v2\/product"}],"about":[{"href":"https:\/\/nordicmart.andreevmaster.com\/fi\/wp-json\/wp\/v2\/types\/product"}],"replies":[{"embeddable":true,"href":"https:\/\/nordicmart.andreevmaster.com\/fi\/wp-json\/wp\/v2\/comments?post=36833"}],"wp:featuredmedia":[{"embeddable":true,"href":"https:\/\/nordicmart.andreevmaster.com\/fi\/wp-json\/wp\/v2\/media\/45011"}],"wp:attachment":[{"href":"https:\/\/nordicmart.andreevmaster.com\/fi\/wp-json\/wp\/v2\/media?parent=36833"}],"wp:term":[{"taxonomy":"product_brand","embeddable":true,"href":"https:\/\/nordicmart.andreevmaster.com\/fi\/wp-json\/wp\/v2\/product_brand?post=36833"},{"taxonomy":"product_cat","embeddable":true,"href":"https:\/\/nordicmart.andreevmaster.com\/fi\/wp-json\/wp\/v2\/product_cat?post=36833"},{"taxonomy":"product_tag","embeddable":true,"href":"https:\/\/nordicmart.andreevmaster.com\/fi\/wp-json\/wp\/v2\/product_tag?post=36833"}],"curies":[{"name":"wp","href":"https:\/\/api.w.org\/{rel}","templated":true}]}}