{"id":36832,"date":"2026-02-27T00:36:11","date_gmt":"2026-02-27T00:36:11","guid":{"rendered":"https:\/\/nordicmart.andreevmaster.com\/product\/exclusive-compass-riipus-hopeoitu-zamak-bru25ll\/"},"modified":"2026-02-27T09:53:32","modified_gmt":"2026-02-27T09:53:32","slug":"exclusive-compass-riipus-hopeoitu-zamak-bru25ll","status":"publish","type":"product","link":"https:\/\/nordicmart.andreevmaster.com\/fi\/tuote\/exclusive-compass-riipus-hopeoitu-zamak-bru25ll\/","title":{"rendered":"Exclusive Compass -riipus &#8211; hopeoitu Zamak &#8211; BRU25LL"},"content":{"rendered":"<p>Exclusive Compass -riipus &#8211; hopeoitu zamak &#8211; BRU25LL &nbsp;&nbsp;Ensiluokkainen riipus, joka on suunniteltu ihmisille, jotka arvostavat korkealaatuista ty\u00f6t\u00e4, laadukkaita materiaaleja ja ajatonta tyyli\u00e4.&nbsp;Elegantti viimeistely tekee riipuksesta t\u00e4ydellisen lahjan merimiehelle, matkailijalle tai henkil\u00f6lle, joka pit\u00e4\u00e4 tyylikk\u00e4ist\u00e4 esineist\u00e4.&nbsp;Tuotetiedot:&nbsp;Riipuksen mitat: 3,9 x 3 x 0,9 cm Kokonaispituus: 7 cm Korkealaatuinen ty\u00f6nj\u00e4lki &#8211; Zamak-seos, jossa on kupari- ja hopeapinnoite (8 mikronia). Korroosionkest\u00e4v\u00e4 Ihanteellinen sek\u00e4 jokap\u00e4iv\u00e4iseen k\u00e4ytt\u00f6\u00f6n ett\u00e4 tyylikk\u00e4\u00e4ksi lahjaksi&nbsp;Zamak on metalliseoksen nimi, jonka p\u00e4\u00e4komponentti on sinkki (Zn) ja johon on lis\u00e4tty alumiinia, kuparia ja magnesiumia. Sen ominaisuuksia ovat kest\u00e4vyys, korroosionkest\u00e4vyys ja keveys.&nbsp;<\/p>\n","protected":false},"excerpt":{"rendered":"<p>Exclusive Compass -riipus &#8211; hopeoitu zamak &#8211; BRU25LL &nbsp;&nbsp;Ensiluokkainen riipus, joka on suunniteltu ihmisille, jotka arvostavat korkealaatuista ty\u00f6t\u00e4, laadukkaita materiaaleja ja ajatonta tyyli\u00e4.&nbsp;Elegantti viimeistely tekee riipuksesta t\u00e4ydellisen lahjan merimiehelle, matkailijalle tai henkil\u00f6lle, joka pit\u00e4\u00e4 tyylikk\u00e4ist\u00e4 esineist\u00e4.&nbsp;Tuotetiedot:&nbsp;Riipuksen mitat: 3,9 x 3 x 0,9 cm Kokonaispituus: 7 cm Korkealaatuinen ty\u00f6nj\u00e4lki &#8211; Zamak-seos, jossa on kupari- ja hopeapinnoite [&hellip;]<\/p>\n","protected":false},"featured_media":45010,"comment_status":"open","ping_status":"closed","template":"","meta":[],"product_brand":[],"product_cat":[32],"product_tag":[],"class_list":{"0":"post-36832","1":"product","2":"type-product","3":"status-publish","4":"has-post-thumbnail","6":"product_cat-uncategorized-fi","8":"first","9":"instock","10":"shipping-taxable","11":"purchasable","12":"product-type-simple"},"_links":{"self":[{"href":"https:\/\/nordicmart.andreevmaster.com\/fi\/wp-json\/wp\/v2\/product\/36832","targetHints":{"allow":["GET"]}}],"collection":[{"href":"https:\/\/nordicmart.andreevmaster.com\/fi\/wp-json\/wp\/v2\/product"}],"about":[{"href":"https:\/\/nordicmart.andreevmaster.com\/fi\/wp-json\/wp\/v2\/types\/product"}],"replies":[{"embeddable":true,"href":"https:\/\/nordicmart.andreevmaster.com\/fi\/wp-json\/wp\/v2\/comments?post=36832"}],"wp:featuredmedia":[{"embeddable":true,"href":"https:\/\/nordicmart.andreevmaster.com\/fi\/wp-json\/wp\/v2\/media\/45010"}],"wp:attachment":[{"href":"https:\/\/nordicmart.andreevmaster.com\/fi\/wp-json\/wp\/v2\/media?parent=36832"}],"wp:term":[{"taxonomy":"product_brand","embeddable":true,"href":"https:\/\/nordicmart.andreevmaster.com\/fi\/wp-json\/wp\/v2\/product_brand?post=36832"},{"taxonomy":"product_cat","embeddable":true,"href":"https:\/\/nordicmart.andreevmaster.com\/fi\/wp-json\/wp\/v2\/product_cat?post=36832"},{"taxonomy":"product_tag","embeddable":true,"href":"https:\/\/nordicmart.andreevmaster.com\/fi\/wp-json\/wp\/v2\/product_tag?post=36832"}],"curies":[{"name":"wp","href":"https:\/\/api.w.org\/{rel}","templated":true}]}}