{"id":36831,"date":"2026-02-27T00:36:11","date_gmt":"2026-02-27T00:36:11","guid":{"rendered":"https:\/\/nordicmart.andreevmaster.com\/product\/kaulakoru-solar-eclipse-optinen-illuusio-lahja-matkailijalle-ecl32\/"},"modified":"2026-02-27T09:53:32","modified_gmt":"2026-02-27T09:53:32","slug":"kaulakoru-solar-eclipse-optinen-illuusio-lahja-matkailijalle-ecl32","status":"publish","type":"product","link":"https:\/\/nordicmart.andreevmaster.com\/fi\/tuote\/kaulakoru-solar-eclipse-optinen-illuusio-lahja-matkailijalle-ecl32\/","title":{"rendered":"Kaulakoru Solar Eclipse &#8211; Optinen illuusio &#8211; Lahja matkailijalle &#8211; ECL32"},"content":{"rendered":"<p>Kaulakoru Solar Eclipse &#8211; Optinen illuusio &#8211; Lahja matkailijalle &#8211; ECL32&nbsp;&nbsp;Solar Eclipse -kaulakoru on alkuper\u00e4inen koru, jossa yhdistyv\u00e4t esteettisyys ja ainutlaatuinen optinen vaikutus. Se on valmistettu korkealaatuisesta Zamak-seoksesta, p\u00e4\u00e4llystetty hopealla ja koristeltu t\u0161ekkil\u00e4isell\u00e4 kristallilla, ja se on ainutlaatuinen lahja niille, jotka ovat kiinnostuneita t\u00e4htitieteellisist\u00e4 ilmi\u00f6ist\u00e4, matkustamisesta ja luonnosta.&nbsp;&nbsp;Kuinka se toimii &#8211; Eclipse-efekti vaihe vaiheelta:&nbsp;Etsi valonl\u00e4hde &#8211; paras efekti saadaan luonnonvalolla, mutta my\u00f6s voimakas keinotekoinen valo, kuten taskulamppu tai p\u00f6yt\u00e4lamppu, toimii.Pid\u00e4 kaulakorusta kiinni narusta ja aseta se niin, ett\u00e4 valo kulkee riipuksen keskell\u00e4 olevan rei\u00e4n l\u00e4pi. Suuntaa varjo haluamallesi pinnalle \u2013 esimerkiksi sein\u00e4lle, p\u00f6yd\u00e4lle tai k\u00e4delle. Pinnalle ilmestyy auringonpimennyst\u00e4 muistuttava kuvio. &nbsp;Tuotetiedot:&nbsp;Joustava solmittu puuvillanaru \u2013 s\u00e4\u00e4dett\u00e4v\u00e4 pituus 45\u201362 cm.Laadukas valmistus \u2013 Zamak-seos, johon on lis\u00e4tty kuparia ja hopeakerros (8 mikronia). Kaulakorun keskell\u00e4 on b\u00f6\u00f6mil\u00e4inen kristalli, joka lis\u00e4\u00e4 sen eleganssia. Riipuksen mitat: 3,3 x 2,7 x 0,7 cm. Kevyt ja mukava k\u00e4ytt\u00e4\u00e4 \u2013 sopii p\u00e4ivitt\u00e4iseen k\u00e4ytt\u00f6\u00f6n ja ulkok\u00e4ytt\u00f6\u00f6n. Korroosionkest\u00e4v\u00e4.<\/p>\n","protected":false},"excerpt":{"rendered":"<p>Kaulakoru Solar Eclipse &#8211; Optinen illuusio &#8211; Lahja matkailijalle &#8211; ECL32&nbsp;&nbsp;Solar Eclipse -kaulakoru on alkuper\u00e4inen koru, jossa yhdistyv\u00e4t esteettisyys ja ainutlaatuinen optinen vaikutus. Se on valmistettu korkealaatuisesta Zamak-seoksesta, p\u00e4\u00e4llystetty hopealla ja koristeltu t\u0161ekkil\u00e4isell\u00e4 kristallilla, ja se on ainutlaatuinen lahja niille, jotka ovat kiinnostuneita t\u00e4htitieteellisist\u00e4 ilmi\u00f6ist\u00e4, matkustamisesta ja luonnosta.&nbsp;&nbsp;Kuinka se toimii &#8211; Eclipse-efekti vaihe vaiheelta:&nbsp;Etsi valonl\u00e4hde [&hellip;]<\/p>\n","protected":false},"featured_media":45009,"comment_status":"open","ping_status":"closed","template":"","meta":[],"product_brand":[],"product_cat":[32],"product_tag":[],"class_list":{"0":"post-36831","1":"product","2":"type-product","3":"status-publish","4":"has-post-thumbnail","6":"product_cat-uncategorized-fi","8":"first","9":"instock","10":"shipping-taxable","11":"purchasable","12":"product-type-simple"},"_links":{"self":[{"href":"https:\/\/nordicmart.andreevmaster.com\/fi\/wp-json\/wp\/v2\/product\/36831","targetHints":{"allow":["GET"]}}],"collection":[{"href":"https:\/\/nordicmart.andreevmaster.com\/fi\/wp-json\/wp\/v2\/product"}],"about":[{"href":"https:\/\/nordicmart.andreevmaster.com\/fi\/wp-json\/wp\/v2\/types\/product"}],"replies":[{"embeddable":true,"href":"https:\/\/nordicmart.andreevmaster.com\/fi\/wp-json\/wp\/v2\/comments?post=36831"}],"wp:featuredmedia":[{"embeddable":true,"href":"https:\/\/nordicmart.andreevmaster.com\/fi\/wp-json\/wp\/v2\/media\/45009"}],"wp:attachment":[{"href":"https:\/\/nordicmart.andreevmaster.com\/fi\/wp-json\/wp\/v2\/media?parent=36831"}],"wp:term":[{"taxonomy":"product_brand","embeddable":true,"href":"https:\/\/nordicmart.andreevmaster.com\/fi\/wp-json\/wp\/v2\/product_brand?post=36831"},{"taxonomy":"product_cat","embeddable":true,"href":"https:\/\/nordicmart.andreevmaster.com\/fi\/wp-json\/wp\/v2\/product_cat?post=36831"},{"taxonomy":"product_tag","embeddable":true,"href":"https:\/\/nordicmart.andreevmaster.com\/fi\/wp-json\/wp\/v2\/product_tag?post=36831"}],"curies":[{"name":"wp","href":"https:\/\/api.w.org\/{rel}","templated":true}]}}