{"id":36830,"date":"2026-02-27T00:36:11","date_gmt":"2026-02-27T00:36:11","guid":{"rendered":"https:\/\/nordicmart.andreevmaster.com\/product\/kaulakoru-stars-est-34\/"},"modified":"2026-02-27T09:53:32","modified_gmt":"2026-02-27T09:53:32","slug":"kaulakoru-stars-est-34","status":"publish","type":"product","link":"https:\/\/nordicmart.andreevmaster.com\/fi\/tuote\/kaulakoru-stars-est-34\/","title":{"rendered":"Kaulakoru &#8211; Stars EST 34"},"content":{"rendered":"<p>Kaulakoru &#8211; Stars EST 34 &nbsp;&nbsp;&nbsp;&nbsp;&nbsp;&nbsp;&nbsp;&nbsp;&nbsp;&nbsp;&nbsp;&nbsp;Symbolinen koru, jossa on kosminen motiivi &#8211; esteettinen ja kest\u00e4v\u00e4&nbsp;Kaulakoru &#8211; Stars EST 34 on elegantti hopeanv\u00e4rinen koru, jota koristavat herk\u00e4t t\u00e4htisymbolit ja kolme syv\u00e4n granaatinv\u00e4rist\u00e4 t\u0161ekkil\u00e4ist\u00e4 kristallia. Riipus on valmistettu korkealaatuisesta Zamak-seoksesta, joka on p\u00e4\u00e4llystetty 8 mikronin paksuisella hopeakerroksella. S\u00e4\u00e4dett\u00e4v\u00e4n puuvillanauhan ansiosta tuote sopii erilaisiin tyyleihin ja on mukava ja kest\u00e4v\u00e4.&nbsp;&nbsp;Tuotetiedot:&nbsp;Joustava solmittu puuvillanauha \u2013 s\u00e4\u00e4dett\u00e4v\u00e4 pituus 45\u201362 cm. Laadukas valmistus \u2013 Zamak-seos, johon on lis\u00e4tty kuparia ja hopeakerros (8 mikronia)Boheemikristalli kaulakorun keskell\u00e4 lis\u00e4\u00e4 sen eleganssiaRiipuksen mitat: 3,4 x 2,6 x 0,4 cmKevyt ja mukava k\u00e4ytt\u00e4\u00e4 \u2013 sopii p\u00e4ivitt\u00e4iseen k\u00e4ytt\u00f6\u00f6n ja ulkoiluunKorroosionkest\u00e4v\u00e4&nbsp;&nbsp;Zamak on metalliseoksen nimi, jonka p\u00e4\u00e4komponentti on sinkki, johon on lis\u00e4tty alumiinia, kuparia ja magnesiumia. Sen ominaisuuksia ovat kest\u00e4vyys, korroosionkest\u00e4vyys ja keveys.&nbsp;<\/p>\n","protected":false},"excerpt":{"rendered":"<p>Kaulakoru &#8211; Stars EST 34 &nbsp;&nbsp;&nbsp;&nbsp;&nbsp;&nbsp;&nbsp;&nbsp;&nbsp;&nbsp;&nbsp;&nbsp;Symbolinen koru, jossa on kosminen motiivi &#8211; esteettinen ja kest\u00e4v\u00e4&nbsp;Kaulakoru &#8211; Stars EST 34 on elegantti hopeanv\u00e4rinen koru, jota koristavat herk\u00e4t t\u00e4htisymbolit ja kolme syv\u00e4n granaatinv\u00e4rist\u00e4 t\u0161ekkil\u00e4ist\u00e4 kristallia. Riipus on valmistettu korkealaatuisesta Zamak-seoksesta, joka on p\u00e4\u00e4llystetty 8 mikronin paksuisella hopeakerroksella. S\u00e4\u00e4dett\u00e4v\u00e4n puuvillanauhan ansiosta tuote sopii erilaisiin tyyleihin ja on mukava [&hellip;]<\/p>\n","protected":false},"featured_media":45008,"comment_status":"open","ping_status":"closed","template":"","meta":[],"product_brand":[],"product_cat":[32],"product_tag":[],"class_list":{"0":"post-36830","1":"product","2":"type-product","3":"status-publish","4":"has-post-thumbnail","6":"product_cat-uncategorized-fi","8":"first","9":"instock","10":"shipping-taxable","11":"purchasable","12":"product-type-simple"},"_links":{"self":[{"href":"https:\/\/nordicmart.andreevmaster.com\/fi\/wp-json\/wp\/v2\/product\/36830","targetHints":{"allow":["GET"]}}],"collection":[{"href":"https:\/\/nordicmart.andreevmaster.com\/fi\/wp-json\/wp\/v2\/product"}],"about":[{"href":"https:\/\/nordicmart.andreevmaster.com\/fi\/wp-json\/wp\/v2\/types\/product"}],"replies":[{"embeddable":true,"href":"https:\/\/nordicmart.andreevmaster.com\/fi\/wp-json\/wp\/v2\/comments?post=36830"}],"wp:featuredmedia":[{"embeddable":true,"href":"https:\/\/nordicmart.andreevmaster.com\/fi\/wp-json\/wp\/v2\/media\/45008"}],"wp:attachment":[{"href":"https:\/\/nordicmart.andreevmaster.com\/fi\/wp-json\/wp\/v2\/media?parent=36830"}],"wp:term":[{"taxonomy":"product_brand","embeddable":true,"href":"https:\/\/nordicmart.andreevmaster.com\/fi\/wp-json\/wp\/v2\/product_brand?post=36830"},{"taxonomy":"product_cat","embeddable":true,"href":"https:\/\/nordicmart.andreevmaster.com\/fi\/wp-json\/wp\/v2\/product_cat?post=36830"},{"taxonomy":"product_tag","embeddable":true,"href":"https:\/\/nordicmart.andreevmaster.com\/fi\/wp-json\/wp\/v2\/product_tag?post=36830"}],"curies":[{"name":"wp","href":"https:\/\/api.w.org\/{rel}","templated":true}]}}