{"id":36829,"date":"2026-02-27T00:36:10","date_gmt":"2026-02-27T00:36:10","guid":{"rendered":"https:\/\/nordicmart.andreevmaster.com\/product\/kaulakoru-sundial-nile-hopeoitu-zamak-boomin-kristalli-nil33\/"},"modified":"2026-02-27T09:53:32","modified_gmt":"2026-02-27T09:53:32","slug":"kaulakoru-sundial-nile-hopeoitu-zamak-boomin-kristalli-nil33","status":"publish","type":"product","link":"https:\/\/nordicmart.andreevmaster.com\/fi\/tuote\/kaulakoru-sundial-nile-hopeoitu-zamak-boomin-kristalli-nil33\/","title":{"rendered":"Kaulakoru Sundial &#8211; Nile &#8211; Hopeoitu Zamak + B\u00f6\u00f6min kristalli &#8211; NIL33"},"content":{"rendered":"<p>Kaulakoru Sundial &#8211; Nile &#8211; Hopeoitu Zamak + B\u00f6\u00f6min kristalli &#8211; NIL33&nbsp;&nbsp;Kaulakoru Sundial &#8211; Nile on upea koriste matkailun, luonnon ja \u00e4lykk\u00e4iden ratkaisujen yst\u00e4ville. Sen muotoilu viittaa muinaisen Egyptin ja Niilin kulttuuriin. Turkoosi t\u0161ekkil\u00e4inen kristalli lis\u00e4\u00e4 sen ainutlaatuista luonnetta. Se on t\u00e4ydellinen lahja matkailijalle, historian yst\u00e4v\u00e4lle tai henkil\u00f6lle, joka arvostaa kauniita ja toimivia esineit\u00e4. &nbsp;&nbsp;Kuinka se toimii. &nbsp;Seiso aurinkoisessa paikassa etel\u00e4\u00e4n p\u00e4in.Kallista kaulakorua niin, ett\u00e4 valons\u00e4de osuu kellon sis\u00e4\u00e4n.S\u00e4de osoittaa auringon suunnilleen kellonajan.&nbsp;Tuotetiedot:&nbsp;Joustava solmittu puuvillanauha \u2013 s\u00e4\u00e4dett\u00e4v\u00e4 pituus 45\u201362 cm.Laadukas valmistus \u2013 Zamak-seos, johon on lis\u00e4tty kuparia ja hopeakerros (8 mikronia). Kaulakorun keskell\u00e4 on b\u00f6\u00f6mil\u00e4inen kristalli, joka lis\u00e4\u00e4 sen eleganssia. Riipuksen mitat: 4 x 2,6 x 0,7 cm. Kevyt ja mukava k\u00e4ytt\u00e4\u00e4 \u2013 sopii p\u00e4ivitt\u00e4iseen k\u00e4ytt\u00f6\u00f6n ja ulkoiluun. Korroosionkest\u00e4v\u00e4. Zamak on metalliseoksen nimi, jonka p\u00e4\u00e4komponentti on sinkki (Zn) ja johon on lis\u00e4tty alumiinia, kuparia ja magnesiumia. Sen ominaisuuksia ovat kest\u00e4vyys, korroosionkest\u00e4vyys ja keveys.&nbsp;<\/p>\n","protected":false},"excerpt":{"rendered":"<p>Kaulakoru Sundial &#8211; Nile &#8211; Hopeoitu Zamak + B\u00f6\u00f6min kristalli &#8211; NIL33&nbsp;&nbsp;Kaulakoru Sundial &#8211; Nile on upea koriste matkailun, luonnon ja \u00e4lykk\u00e4iden ratkaisujen yst\u00e4ville. Sen muotoilu viittaa muinaisen Egyptin ja Niilin kulttuuriin. Turkoosi t\u0161ekkil\u00e4inen kristalli lis\u00e4\u00e4 sen ainutlaatuista luonnetta. Se on t\u00e4ydellinen lahja matkailijalle, historian yst\u00e4v\u00e4lle tai henkil\u00f6lle, joka arvostaa kauniita ja toimivia esineit\u00e4. &nbsp;&nbsp;Kuinka [&hellip;]<\/p>\n","protected":false},"featured_media":45007,"comment_status":"open","ping_status":"closed","template":"","meta":[],"product_brand":[],"product_cat":[32],"product_tag":[],"class_list":{"0":"post-36829","1":"product","2":"type-product","3":"status-publish","4":"has-post-thumbnail","6":"product_cat-uncategorized-fi","8":"first","9":"instock","10":"shipping-taxable","11":"purchasable","12":"product-type-simple"},"_links":{"self":[{"href":"https:\/\/nordicmart.andreevmaster.com\/fi\/wp-json\/wp\/v2\/product\/36829","targetHints":{"allow":["GET"]}}],"collection":[{"href":"https:\/\/nordicmart.andreevmaster.com\/fi\/wp-json\/wp\/v2\/product"}],"about":[{"href":"https:\/\/nordicmart.andreevmaster.com\/fi\/wp-json\/wp\/v2\/types\/product"}],"replies":[{"embeddable":true,"href":"https:\/\/nordicmart.andreevmaster.com\/fi\/wp-json\/wp\/v2\/comments?post=36829"}],"wp:featuredmedia":[{"embeddable":true,"href":"https:\/\/nordicmart.andreevmaster.com\/fi\/wp-json\/wp\/v2\/media\/45007"}],"wp:attachment":[{"href":"https:\/\/nordicmart.andreevmaster.com\/fi\/wp-json\/wp\/v2\/media?parent=36829"}],"wp:term":[{"taxonomy":"product_brand","embeddable":true,"href":"https:\/\/nordicmart.andreevmaster.com\/fi\/wp-json\/wp\/v2\/product_brand?post=36829"},{"taxonomy":"product_cat","embeddable":true,"href":"https:\/\/nordicmart.andreevmaster.com\/fi\/wp-json\/wp\/v2\/product_cat?post=36829"},{"taxonomy":"product_tag","embeddable":true,"href":"https:\/\/nordicmart.andreevmaster.com\/fi\/wp-json\/wp\/v2\/product_tag?post=36829"}],"curies":[{"name":"wp","href":"https:\/\/api.w.org\/{rel}","templated":true}]}}