{"id":36828,"date":"2026-02-27T00:36:10","date_gmt":"2026-02-27T00:36:10","guid":{"rendered":"https:\/\/nordicmart.andreevmaster.com\/product\/kaulakoru-sun-watch-saturn-hopeoitu-zamak-boomin-kristalli-sat26\/"},"modified":"2026-02-27T09:53:31","modified_gmt":"2026-02-27T09:53:31","slug":"kaulakoru-sun-watch-saturn-hopeoitu-zamak-boomin-kristalli-sat26","status":"publish","type":"product","link":"https:\/\/nordicmart.andreevmaster.com\/fi\/tuote\/kaulakoru-sun-watch-saturn-hopeoitu-zamak-boomin-kristalli-sat26\/","title":{"rendered":"Kaulakoru Sun Watch &#8211; Saturn &#8211; Hopeoitu Zamak + B\u00f6\u00f6min kristalli &#8211; SAT26"},"content":{"rendered":"<p>Kaulakoru Sun Watch &#8211; Saturn &#8211; Hopeoitu Zamak + B\u00f6\u00f6min kristalli &#8211; SAT26&nbsp;&nbsp;Solar Watch -kaulakoru &ldquo;Saturn&rdquo; on enemm\u00e4n kuin koru &#8211; se on liikkuva tieteellinen instrumentti. Huomattava gadget, joka ilahduttaa kaikkia matkailun, historian ja t\u00e4htitieteen yst\u00e4vi\u00e4.&nbsp;Se on t\u00e4ydellinen asuste, jossa yhdistyv\u00e4t muotoilu ja toiminnallisuus. Pienen kokonsa ansiosta se on helppo ottaa mukaan minne tahansa.&nbsp;&nbsp;Kuinka se toimii? &nbsp;Seiso aurinkoisessa paikassa etel\u00e4\u00e4n p\u00e4in.Kallista kaulakorua niin, ett\u00e4 valons\u00e4de osuu kellon sis\u00e4\u00e4n.S\u00e4de osoittaa auringon suunnilleen kellonajan.&nbsp;Tuotetiedot:&nbsp;Joustava solmittu puuvillanauha &#8211; s\u00e4\u00e4dett\u00e4v\u00e4 pituus 45\u201362 cm.Laadukas valmistus \u2013 Zamak-seos, johon on lis\u00e4tty kuparia ja hopeakerros (8 mikronia). Kaulakorun keskell\u00e4 on b\u00f6\u00f6mil\u00e4inen kristalli, joka lis\u00e4\u00e4 sen eleganssia. Riipuksen mitat: 2,6 x 3,3 x 0,8 cm. Kevyt ja mukava k\u00e4ytt\u00e4\u00e4 \u2013 sopii p\u00e4ivitt\u00e4iseen k\u00e4ytt\u00f6\u00f6n ja ulkoiluun. Korroosionkest\u00e4v\u00e4.Zamak on metalliseoksen nimi, jonka p\u00e4\u00e4komponentti on sinkki (Zn) ja johon on lis\u00e4tty alumiinia, kuparia ja magnesiumia. Sen ominaisuuksia ovat kest\u00e4vyys, korroosionkest\u00e4vyys ja keveys.&nbsp;<\/p>\n","protected":false},"excerpt":{"rendered":"<p>Kaulakoru Sun Watch &#8211; Saturn &#8211; Hopeoitu Zamak + B\u00f6\u00f6min kristalli &#8211; SAT26&nbsp;&nbsp;Solar Watch -kaulakoru &ldquo;Saturn&rdquo; on enemm\u00e4n kuin koru &#8211; se on liikkuva tieteellinen instrumentti. Huomattava gadget, joka ilahduttaa kaikkia matkailun, historian ja t\u00e4htitieteen yst\u00e4vi\u00e4.&nbsp;Se on t\u00e4ydellinen asuste, jossa yhdistyv\u00e4t muotoilu ja toiminnallisuus. Pienen kokonsa ansiosta se on helppo ottaa mukaan minne tahansa.&nbsp;&nbsp;Kuinka se [&hellip;]<\/p>\n","protected":false},"featured_media":45006,"comment_status":"open","ping_status":"closed","template":"","meta":[],"product_brand":[],"product_cat":[32],"product_tag":[],"class_list":{"0":"post-36828","1":"product","2":"type-product","3":"status-publish","4":"has-post-thumbnail","6":"product_cat-uncategorized-fi","8":"first","9":"instock","10":"shipping-taxable","11":"purchasable","12":"product-type-simple"},"_links":{"self":[{"href":"https:\/\/nordicmart.andreevmaster.com\/fi\/wp-json\/wp\/v2\/product\/36828","targetHints":{"allow":["GET"]}}],"collection":[{"href":"https:\/\/nordicmart.andreevmaster.com\/fi\/wp-json\/wp\/v2\/product"}],"about":[{"href":"https:\/\/nordicmart.andreevmaster.com\/fi\/wp-json\/wp\/v2\/types\/product"}],"replies":[{"embeddable":true,"href":"https:\/\/nordicmart.andreevmaster.com\/fi\/wp-json\/wp\/v2\/comments?post=36828"}],"wp:featuredmedia":[{"embeddable":true,"href":"https:\/\/nordicmart.andreevmaster.com\/fi\/wp-json\/wp\/v2\/media\/45006"}],"wp:attachment":[{"href":"https:\/\/nordicmart.andreevmaster.com\/fi\/wp-json\/wp\/v2\/media?parent=36828"}],"wp:term":[{"taxonomy":"product_brand","embeddable":true,"href":"https:\/\/nordicmart.andreevmaster.com\/fi\/wp-json\/wp\/v2\/product_brand?post=36828"},{"taxonomy":"product_cat","embeddable":true,"href":"https:\/\/nordicmart.andreevmaster.com\/fi\/wp-json\/wp\/v2\/product_cat?post=36828"},{"taxonomy":"product_tag","embeddable":true,"href":"https:\/\/nordicmart.andreevmaster.com\/fi\/wp-json\/wp\/v2\/product_tag?post=36828"}],"curies":[{"name":"wp","href":"https:\/\/api.w.org\/{rel}","templated":true}]}}