{"id":36827,"date":"2026-02-27T00:36:10","date_gmt":"2026-02-27T00:36:10","guid":{"rendered":"https:\/\/nordicmart.andreevmaster.com\/product\/kompassikaulakoru-toimiva-kompassiriipus-bru25cl\/"},"modified":"2026-02-27T09:53:31","modified_gmt":"2026-02-27T09:53:31","slug":"kompassikaulakoru-toimiva-kompassiriipus-bru25cl","status":"publish","type":"product","link":"https:\/\/nordicmart.andreevmaster.com\/fi\/tuote\/kompassikaulakoru-toimiva-kompassiriipus-bru25cl\/","title":{"rendered":"Kompassikaulakoru \u2013 toimiva kompassiriipus \u2013 BRU25CL"},"content":{"rendered":"<p>Kompassikaulakoru \u2013 toimiva kompassiriipus \u2013 BRU25CL&nbsp;&nbsp;Ainutlaatuinen kaulakoru, jossa on toimiva kompassi \u2013 yhdist\u00e4\u00e4 toiminnallisuuden ja ainutlaatuisen muotoilun. Ihanteellinen seikkailun, matkustamisen, purjehduksen yst\u00e4ville tai yksinkertaisesti alkuper\u00e4isen\u00e4 koristeena.&nbsp;T\u00e4ydellinen lahjaidea matkailijalle, purjehtijalle, selviytymisharrastajalle.&nbsp;&nbsp;Tuotetiedot:&nbsp;Toimiva kompassiJoustava solmittu puuvillanauha &#8211; s\u00e4\u00e4dett\u00e4v\u00e4 pituus 45\u201362 cmLaadukas valmistus &#8211; Zamak-seos kuparia ja hopeakerros (8 mikronia)Riipuksen mitat: 3,9 x 3,1 x 0,9 cmKevyt ja mukava k\u00e4ytt\u00e4\u00e4 \u2013 sopii p\u00e4ivitt\u00e4iseen k\u00e4ytt\u00f6\u00f6n ja ulkoiluunKorroosionkest\u00e4v\u00e4&nbsp;Zamak on metalliseoksen nimi, jonka p\u00e4\u00e4komponentti on sinkki (Zn) ja johon on lis\u00e4tty alumiinia, kuparia ja magnesiumia. Sen ominaisuuksia ovat kest\u00e4vyys, korroosionkest\u00e4vyys ja keveys.&nbsp;<\/p>\n","protected":false},"excerpt":{"rendered":"<p>Kompassikaulakoru \u2013 toimiva kompassiriipus \u2013 BRU25CL&nbsp;&nbsp;Ainutlaatuinen kaulakoru, jossa on toimiva kompassi \u2013 yhdist\u00e4\u00e4 toiminnallisuuden ja ainutlaatuisen muotoilun. Ihanteellinen seikkailun, matkustamisen, purjehduksen yst\u00e4ville tai yksinkertaisesti alkuper\u00e4isen\u00e4 koristeena.&nbsp;T\u00e4ydellinen lahjaidea matkailijalle, purjehtijalle, selviytymisharrastajalle.&nbsp;&nbsp;Tuotetiedot:&nbsp;Toimiva kompassiJoustava solmittu puuvillanauha &#8211; s\u00e4\u00e4dett\u00e4v\u00e4 pituus 45\u201362 cmLaadukas valmistus &#8211; Zamak-seos kuparia ja hopeakerros (8 mikronia)Riipuksen mitat: 3,9 x 3,1 x 0,9 cmKevyt ja mukava [&hellip;]<\/p>\n","protected":false},"featured_media":45005,"comment_status":"open","ping_status":"closed","template":"","meta":[],"product_brand":[],"product_cat":[32],"product_tag":[],"class_list":{"0":"post-36827","1":"product","2":"type-product","3":"status-publish","4":"has-post-thumbnail","6":"product_cat-uncategorized-fi","8":"first","9":"instock","10":"shipping-taxable","11":"purchasable","12":"product-type-simple"},"_links":{"self":[{"href":"https:\/\/nordicmart.andreevmaster.com\/fi\/wp-json\/wp\/v2\/product\/36827","targetHints":{"allow":["GET"]}}],"collection":[{"href":"https:\/\/nordicmart.andreevmaster.com\/fi\/wp-json\/wp\/v2\/product"}],"about":[{"href":"https:\/\/nordicmart.andreevmaster.com\/fi\/wp-json\/wp\/v2\/types\/product"}],"replies":[{"embeddable":true,"href":"https:\/\/nordicmart.andreevmaster.com\/fi\/wp-json\/wp\/v2\/comments?post=36827"}],"wp:featuredmedia":[{"embeddable":true,"href":"https:\/\/nordicmart.andreevmaster.com\/fi\/wp-json\/wp\/v2\/media\/45005"}],"wp:attachment":[{"href":"https:\/\/nordicmart.andreevmaster.com\/fi\/wp-json\/wp\/v2\/media?parent=36827"}],"wp:term":[{"taxonomy":"product_brand","embeddable":true,"href":"https:\/\/nordicmart.andreevmaster.com\/fi\/wp-json\/wp\/v2\/product_brand?post=36827"},{"taxonomy":"product_cat","embeddable":true,"href":"https:\/\/nordicmart.andreevmaster.com\/fi\/wp-json\/wp\/v2\/product_cat?post=36827"},{"taxonomy":"product_tag","embeddable":true,"href":"https:\/\/nordicmart.andreevmaster.com\/fi\/wp-json\/wp\/v2\/product_tag?post=36827"}],"curies":[{"name":"wp","href":"https:\/\/api.w.org\/{rel}","templated":true}]}}