{"id":36826,"date":"2026-02-27T00:36:09","date_gmt":"2026-02-27T00:36:09","guid":{"rendered":"https:\/\/nordicmart.andreevmaster.com\/product\/mini-kitara-lady-gaga-spe-132\/"},"modified":"2026-02-27T09:53:31","modified_gmt":"2026-02-27T09:53:31","slug":"mini-kitara-lady-gaga-spe-132","status":"publish","type":"product","link":"https:\/\/nordicmart.andreevmaster.com\/fi\/tuote\/mini-kitara-lady-gaga-spe-132\/","title":{"rendered":"Mini-kitara &#8211; Lady Gaga &#8211; SPE-132"},"content":{"rendered":"<p>Mini-kitara &#8211; Lady Gaga &#8211; SPE-132&nbsp;&nbsp;Koristeellinen mini-kitara, joka on saanut inspiraationsa Lady Gagan n\u00e4ytt\u00e4vist\u00e4 ja ekstravaganteista tyyleist\u00e4. Lady Gaga on yksi 2000-luvun tunnetuimmista ja vaikutusvaltaisimmista artisteista. Mahonki-puusta valmistettu malli on mittakaavassa 1:4 ja sopii erinomaisesti ker\u00e4ilykohteeksi tai taiteelliseksi sisustustuotteeksi.&nbsp;Lady Gaga on maailmanlaajuinen popkulttuurin ikoni \u2013 laulaja, lauluntekij\u00e4, n\u00e4yttelij\u00e4 ja esiintyj\u00e4, joka tunnetaan rohkeasta tyylist\u00e4\u00e4n, voimakkaasta \u00e4\u00e4nest\u00e4\u00e4n ja tinkim\u00e4tt\u00f6m\u00e4st\u00e4 suhtautumisestaan taiteeseen. H\u00e4nen uransa on yhdistelm\u00e4 innovaatioita ja jatkuvasti kehittyv\u00e4\u00e4, erottuvaa lavakuvausta. SPE-132-minikitarrassa heijastuu t\u00e4m\u00e4 taiteellinen monimuotoisuus. Se on t\u00e4ydellinen lahjaidea Lady Gagan ja pop-estetiikan faneille.&nbsp;&nbsp;Tuotetiedot:&nbsp;Mitat: korkeus 27,5 cm x leveys 9 cm x syvyys 0,8 cmMittakaava: 1:4Materiaali: mahonkiS\u00e4ilytysteline mukanaKitaraa ei voi soittaa \u2013 se on koriste-esineKer\u00e4ilykohde&nbsp;T\u00e4ydellinen lahja:&nbsp;Lady Gagan faneilleMini-soittimien ker\u00e4ilij\u00f6illeMuusikoille ja popmusiikin yst\u00e4ville&nbsp;<\/p>\n","protected":false},"excerpt":{"rendered":"<p>Mini-kitara &#8211; Lady Gaga &#8211; SPE-132&nbsp;&nbsp;Koristeellinen mini-kitara, joka on saanut inspiraationsa Lady Gagan n\u00e4ytt\u00e4vist\u00e4 ja ekstravaganteista tyyleist\u00e4. Lady Gaga on yksi 2000-luvun tunnetuimmista ja vaikutusvaltaisimmista artisteista. Mahonki-puusta valmistettu malli on mittakaavassa 1:4 ja sopii erinomaisesti ker\u00e4ilykohteeksi tai taiteelliseksi sisustustuotteeksi.&nbsp;Lady Gaga on maailmanlaajuinen popkulttuurin ikoni \u2013 laulaja, lauluntekij\u00e4, n\u00e4yttelij\u00e4 ja esiintyj\u00e4, joka tunnetaan rohkeasta tyylist\u00e4\u00e4n, voimakkaasta [&hellip;]<\/p>\n","protected":false},"featured_media":45004,"comment_status":"open","ping_status":"closed","template":"","meta":[],"product_brand":[],"product_cat":[32],"product_tag":[],"class_list":{"0":"post-36826","1":"product","2":"type-product","3":"status-publish","4":"has-post-thumbnail","6":"product_cat-uncategorized-fi","8":"first","9":"instock","10":"shipping-taxable","11":"purchasable","12":"product-type-simple"},"_links":{"self":[{"href":"https:\/\/nordicmart.andreevmaster.com\/fi\/wp-json\/wp\/v2\/product\/36826","targetHints":{"allow":["GET"]}}],"collection":[{"href":"https:\/\/nordicmart.andreevmaster.com\/fi\/wp-json\/wp\/v2\/product"}],"about":[{"href":"https:\/\/nordicmart.andreevmaster.com\/fi\/wp-json\/wp\/v2\/types\/product"}],"replies":[{"embeddable":true,"href":"https:\/\/nordicmart.andreevmaster.com\/fi\/wp-json\/wp\/v2\/comments?post=36826"}],"wp:featuredmedia":[{"embeddable":true,"href":"https:\/\/nordicmart.andreevmaster.com\/fi\/wp-json\/wp\/v2\/media\/45004"}],"wp:attachment":[{"href":"https:\/\/nordicmart.andreevmaster.com\/fi\/wp-json\/wp\/v2\/media?parent=36826"}],"wp:term":[{"taxonomy":"product_brand","embeddable":true,"href":"https:\/\/nordicmart.andreevmaster.com\/fi\/wp-json\/wp\/v2\/product_brand?post=36826"},{"taxonomy":"product_cat","embeddable":true,"href":"https:\/\/nordicmart.andreevmaster.com\/fi\/wp-json\/wp\/v2\/product_cat?post=36826"},{"taxonomy":"product_tag","embeddable":true,"href":"https:\/\/nordicmart.andreevmaster.com\/fi\/wp-json\/wp\/v2\/product_tag?post=36826"}],"curies":[{"name":"wp","href":"https:\/\/api.w.org\/{rel}","templated":true}]}}