{"id":36825,"date":"2026-02-27T00:36:09","date_gmt":"2026-02-27T00:36:09","guid":{"rendered":"https:\/\/nordicmart.andreevmaster.com\/product\/koristeellinen-figuuri-kultainen-pingviini-korkeus-205-cm-3989fjz\/"},"modified":"2026-02-27T09:53:31","modified_gmt":"2026-02-27T09:53:31","slug":"koristeellinen-figuuri-kultainen-pingviini-korkeus-205-cm-3989fjz","status":"publish","type":"product","link":"https:\/\/nordicmart.andreevmaster.com\/fi\/tuote\/koristeellinen-figuuri-kultainen-pingviini-korkeus-205-cm-3989fjz\/","title":{"rendered":"Koristeellinen figuuri Kultainen pingviini Korkeus 20,5 cm &#8211; 3989FJZ"},"content":{"rendered":"<p>Koriste-esine Kultainen pingviini Korkeus 20,5 cm &#8211; 3989FJZ &nbsp;&nbsp;&nbsp;Koriste-esine, joka kuvaa kultaista pingviini\u00e4 &#8211; valmistettu kest\u00e4v\u00e4st\u00e4 polyresiinist\u00e4. Kultaisella v\u00e4rill\u00e4\u00e4n ja hienovaraisella kiillollaan se on silmiinpist\u00e4v\u00e4 design-aksentti kotona tai toimistossa. Se sopii hyvin glamour-, moderni-, art deco- tai eklektiseen tyyliin sisustettuihin tiloihin. &nbsp;Se sopii hyvin my\u00f6s omaper\u00e4iseksi lahjaideaksi.&nbsp;Figuuri sopii hyvin my\u00f6s myym\u00e4l\u00e4n ikkunoiden, hotellien, ravintoloiden ja koristeellisten tilojen somistukseen.&nbsp;&nbsp;Tuotetiedot:&nbsp;Mitat: 12,4 x 10,5 x 20,5 cmMateriaali: polyresiiniv\u00e4ri: kulta&nbsp;<\/p>\n","protected":false},"excerpt":{"rendered":"<p>Koriste-esine Kultainen pingviini Korkeus 20,5 cm &#8211; 3989FJZ &nbsp;&nbsp;&nbsp;Koriste-esine, joka kuvaa kultaista pingviini\u00e4 &#8211; valmistettu kest\u00e4v\u00e4st\u00e4 polyresiinist\u00e4. Kultaisella v\u00e4rill\u00e4\u00e4n ja hienovaraisella kiillollaan se on silmiinpist\u00e4v\u00e4 design-aksentti kotona tai toimistossa. Se sopii hyvin glamour-, moderni-, art deco- tai eklektiseen tyyliin sisustettuihin tiloihin. &nbsp;Se sopii hyvin my\u00f6s omaper\u00e4iseksi lahjaideaksi.&nbsp;Figuuri sopii hyvin my\u00f6s myym\u00e4l\u00e4n ikkunoiden, hotellien, ravintoloiden ja [&hellip;]<\/p>\n","protected":false},"featured_media":45003,"comment_status":"open","ping_status":"closed","template":"","meta":[],"product_brand":[],"product_cat":[32],"product_tag":[],"class_list":{"0":"post-36825","1":"product","2":"type-product","3":"status-publish","4":"has-post-thumbnail","6":"product_cat-uncategorized-fi","8":"first","9":"instock","10":"shipping-taxable","11":"purchasable","12":"product-type-simple"},"_links":{"self":[{"href":"https:\/\/nordicmart.andreevmaster.com\/fi\/wp-json\/wp\/v2\/product\/36825","targetHints":{"allow":["GET"]}}],"collection":[{"href":"https:\/\/nordicmart.andreevmaster.com\/fi\/wp-json\/wp\/v2\/product"}],"about":[{"href":"https:\/\/nordicmart.andreevmaster.com\/fi\/wp-json\/wp\/v2\/types\/product"}],"replies":[{"embeddable":true,"href":"https:\/\/nordicmart.andreevmaster.com\/fi\/wp-json\/wp\/v2\/comments?post=36825"}],"wp:featuredmedia":[{"embeddable":true,"href":"https:\/\/nordicmart.andreevmaster.com\/fi\/wp-json\/wp\/v2\/media\/45003"}],"wp:attachment":[{"href":"https:\/\/nordicmart.andreevmaster.com\/fi\/wp-json\/wp\/v2\/media?parent=36825"}],"wp:term":[{"taxonomy":"product_brand","embeddable":true,"href":"https:\/\/nordicmart.andreevmaster.com\/fi\/wp-json\/wp\/v2\/product_brand?post=36825"},{"taxonomy":"product_cat","embeddable":true,"href":"https:\/\/nordicmart.andreevmaster.com\/fi\/wp-json\/wp\/v2\/product_cat?post=36825"},{"taxonomy":"product_tag","embeddable":true,"href":"https:\/\/nordicmart.andreevmaster.com\/fi\/wp-json\/wp\/v2\/product_tag?post=36825"}],"curies":[{"name":"wp","href":"https:\/\/api.w.org\/{rel}","templated":true}]}}