{"id":36824,"date":"2026-02-27T00:36:09","date_gmt":"2026-02-27T00:36:09","guid":{"rendered":"https:\/\/nordicmart.andreevmaster.com\/product\/koristeellinen-hahmo-aiti-ja-lapsi-perheen-symboli-korkeus-268-cm-e43586\/"},"modified":"2026-02-27T09:53:31","modified_gmt":"2026-02-27T09:53:31","slug":"koristeellinen-hahmo-aiti-ja-lapsi-perheen-symboli-korkeus-268-cm-e43586","status":"publish","type":"product","link":"https:\/\/nordicmart.andreevmaster.com\/fi\/tuote\/koristeellinen-hahmo-aiti-ja-lapsi-perheen-symboli-korkeus-268-cm-e43586\/","title":{"rendered":"Koristeellinen hahmo \u00c4iti ja lapsi \u2013 Perheen symboli \u2013 Korkeus 26,8 cm \u2013 E43586"},"content":{"rendered":"<p>Koristeellinen hahmo \u00c4iti ja lapsi &#8211; Perheen symboli &#8211; Korkeus 26,8 cm &#8211; E43586&nbsp;&nbsp;Kaunis, elegantti hahmo, joka esitt\u00e4\u00e4 lasta syliss\u00e4\u00e4n pit\u00e4v\u00e4\u00e4 \u00e4iti\u00e4 &#8211; ajaton symboli rakkaudesta ja perheest\u00e4. Valmistettu modernissa tyyliss\u00e4, jossa on glamouria &#8211; hallitsevana elementtin\u00e4 kulta, jota hienovarainen musta rikkoo.&nbsp;Se sopii t\u00e4ydellisesti olohuoneen, makuuhuoneen tai modernin toimiston koristeeksi. Se on my\u00f6s loistava lahjaidea \u00e4itienp\u00e4iv\u00e4ksi, syntym\u00e4p\u00e4iv\u00e4ksi, lapsen syntym\u00e4n tai tupaantuliaisten kunniaksi.&nbsp;&nbsp;Tuotetiedot:&nbsp;Korkeus: 26,8 cmLeveys: 5,5 cmSyvyys: 5,2 cmV\u00e4ri: kulta, mustilla yksityiskohdillaMateriaali: polyresiinityyli: moderni, glamourSymboliikka: rakkaus, huolenpito, perhe&nbsp;Patsas on hoikka ja pitk\u00e4 \u2013 se her\u00e4tt\u00e4\u00e4 huomiota ja lis\u00e4\u00e4 sisustukseen tyylikkyytt\u00e4.&nbsp;<\/p>\n","protected":false},"excerpt":{"rendered":"<p>Koristeellinen hahmo \u00c4iti ja lapsi &#8211; Perheen symboli &#8211; Korkeus 26,8 cm &#8211; E43586&nbsp;&nbsp;Kaunis, elegantti hahmo, joka esitt\u00e4\u00e4 lasta syliss\u00e4\u00e4n pit\u00e4v\u00e4\u00e4 \u00e4iti\u00e4 &#8211; ajaton symboli rakkaudesta ja perheest\u00e4. Valmistettu modernissa tyyliss\u00e4, jossa on glamouria &#8211; hallitsevana elementtin\u00e4 kulta, jota hienovarainen musta rikkoo.&nbsp;Se sopii t\u00e4ydellisesti olohuoneen, makuuhuoneen tai modernin toimiston koristeeksi. Se on my\u00f6s loistava lahjaidea [&hellip;]<\/p>\n","protected":false},"featured_media":45002,"comment_status":"open","ping_status":"closed","template":"","meta":[],"product_brand":[],"product_cat":[32],"product_tag":[],"class_list":{"0":"post-36824","1":"product","2":"type-product","3":"status-publish","4":"has-post-thumbnail","6":"product_cat-uncategorized-fi","8":"first","9":"instock","10":"shipping-taxable","11":"purchasable","12":"product-type-simple"},"_links":{"self":[{"href":"https:\/\/nordicmart.andreevmaster.com\/fi\/wp-json\/wp\/v2\/product\/36824","targetHints":{"allow":["GET"]}}],"collection":[{"href":"https:\/\/nordicmart.andreevmaster.com\/fi\/wp-json\/wp\/v2\/product"}],"about":[{"href":"https:\/\/nordicmart.andreevmaster.com\/fi\/wp-json\/wp\/v2\/types\/product"}],"replies":[{"embeddable":true,"href":"https:\/\/nordicmart.andreevmaster.com\/fi\/wp-json\/wp\/v2\/comments?post=36824"}],"wp:featuredmedia":[{"embeddable":true,"href":"https:\/\/nordicmart.andreevmaster.com\/fi\/wp-json\/wp\/v2\/media\/45002"}],"wp:attachment":[{"href":"https:\/\/nordicmart.andreevmaster.com\/fi\/wp-json\/wp\/v2\/media?parent=36824"}],"wp:term":[{"taxonomy":"product_brand","embeddable":true,"href":"https:\/\/nordicmart.andreevmaster.com\/fi\/wp-json\/wp\/v2\/product_brand?post=36824"},{"taxonomy":"product_cat","embeddable":true,"href":"https:\/\/nordicmart.andreevmaster.com\/fi\/wp-json\/wp\/v2\/product_cat?post=36824"},{"taxonomy":"product_tag","embeddable":true,"href":"https:\/\/nordicmart.andreevmaster.com\/fi\/wp-json\/wp\/v2\/product_tag?post=36824"}],"curies":[{"name":"wp","href":"https:\/\/api.w.org\/{rel}","templated":true}]}}