{"id":36823,"date":"2026-02-27T00:36:09","date_gmt":"2026-02-27T00:36:09","guid":{"rendered":"https:\/\/nordicmart.andreevmaster.com\/product\/kultaiset-koriste-esineet-harka-moderni-koriste-43111y1\/"},"modified":"2026-02-27T09:53:30","modified_gmt":"2026-02-27T09:53:30","slug":"kultaiset-koriste-esineet-harka-moderni-koriste-43111y1","status":"publish","type":"product","link":"https:\/\/nordicmart.andreevmaster.com\/fi\/tuote\/kultaiset-koriste-esineet-harka-moderni-koriste-43111y1\/","title":{"rendered":"Kultaiset koriste-esineet H\u00e4rk\u00e4 &#8211; moderni koriste &#8211; 43111Y1"},"content":{"rendered":"<p>Kultaiset koriste-esineet H\u00e4rk\u00e4 &#8211; moderni koriste &#8211; 43111Y1&nbsp;&nbsp;Valmistettu korkealaatuisesta polyresiinist\u00e4 vaikuttavassa kultaisessa v\u00e4riss\u00e4. Hahmo on tyylik\u00e4s ja moderni. Se sopii t\u00e4ydellisesti erilaisiin tiloihin \u2013 olohuoneesta toimistoon ja makuuhuoneeseen. Se voi olla koriste-esineiden keskipiste pukeutumisp\u00f6yd\u00e4ll\u00e4, hyllyll\u00e4 tai ty\u00f6p\u00f6yd\u00e4ll\u00e4 ja lis\u00e4t\u00e4 luonnetta mihin tahansa huoneeseen.&nbsp;Vuosisatojen ajan h\u00e4rk\u00e4 on ollut maskuliinisuuden, voiman ja p\u00e4\u00e4tt\u00e4v\u00e4isyyden symboli. Monissa kulttuureissa se edustaa my\u00f6s vaurautta ja menestyst\u00e4. T\u00e4m\u00e4n figuurin sijoittaminen kotiisi tai toimistoosi voi muistuttaa sinua tavoitteistasi ja menestyksen tavoittelusta. Se on my\u00f6s loistava lahjaidea henkil\u00f6lle, joka arvostaa omaper\u00e4isi\u00e4 ja merkityksellisi\u00e4 koristeita. Se sopii erinomaisesti my\u00f6s lahjaksi rahoitusalalla ty\u00f6skenteleville ja horoskooppimerkki H\u00e4rk\u00e4 -henkil\u00f6ille.&nbsp;&nbsp;Tuotetiedot:&nbsp;Mitat: Leveys: 33,3 cm Syvyys: 10,4 cm Korkeus: 16,3 cm Materiaali: polyresiiniv\u00e4ri: kulta, musta Tyyli: elegantti, glamourinen, moderni Ihanteellinen: koriste hyllylle, lipastolle, ty\u00f6p\u00f6yd\u00e4lle, satunnainen lahjaMiksi se on sen arvoinen?&nbsp;Voiman ja vaurauden symboli \u2013 t\u00e4ydellinen sisustukseen, jossa on luonnettaYleisk\u00e4ytt\u00f6inen koriste kotiin ja toimistoonHuomiota her\u00e4tt\u00e4v\u00e4 \u2013 tehokas kultainen viimeistelyIdea tyylikk\u00e4\u00e4ksi lahjaksi&nbsp;<\/p>\n","protected":false},"excerpt":{"rendered":"<p>Kultaiset koriste-esineet H\u00e4rk\u00e4 &#8211; moderni koriste &#8211; 43111Y1&nbsp;&nbsp;Valmistettu korkealaatuisesta polyresiinist\u00e4 vaikuttavassa kultaisessa v\u00e4riss\u00e4. Hahmo on tyylik\u00e4s ja moderni. Se sopii t\u00e4ydellisesti erilaisiin tiloihin \u2013 olohuoneesta toimistoon ja makuuhuoneeseen. Se voi olla koriste-esineiden keskipiste pukeutumisp\u00f6yd\u00e4ll\u00e4, hyllyll\u00e4 tai ty\u00f6p\u00f6yd\u00e4ll\u00e4 ja lis\u00e4t\u00e4 luonnetta mihin tahansa huoneeseen.&nbsp;Vuosisatojen ajan h\u00e4rk\u00e4 on ollut maskuliinisuuden, voiman ja p\u00e4\u00e4tt\u00e4v\u00e4isyyden symboli. Monissa kulttuureissa se [&hellip;]<\/p>\n","protected":false},"featured_media":45001,"comment_status":"open","ping_status":"closed","template":"","meta":[],"product_brand":[],"product_cat":[32],"product_tag":[],"class_list":{"0":"post-36823","1":"product","2":"type-product","3":"status-publish","4":"has-post-thumbnail","6":"product_cat-uncategorized-fi","8":"first","9":"instock","10":"shipping-taxable","11":"purchasable","12":"product-type-simple"},"_links":{"self":[{"href":"https:\/\/nordicmart.andreevmaster.com\/fi\/wp-json\/wp\/v2\/product\/36823","targetHints":{"allow":["GET"]}}],"collection":[{"href":"https:\/\/nordicmart.andreevmaster.com\/fi\/wp-json\/wp\/v2\/product"}],"about":[{"href":"https:\/\/nordicmart.andreevmaster.com\/fi\/wp-json\/wp\/v2\/types\/product"}],"replies":[{"embeddable":true,"href":"https:\/\/nordicmart.andreevmaster.com\/fi\/wp-json\/wp\/v2\/comments?post=36823"}],"wp:featuredmedia":[{"embeddable":true,"href":"https:\/\/nordicmart.andreevmaster.com\/fi\/wp-json\/wp\/v2\/media\/45001"}],"wp:attachment":[{"href":"https:\/\/nordicmart.andreevmaster.com\/fi\/wp-json\/wp\/v2\/media?parent=36823"}],"wp:term":[{"taxonomy":"product_brand","embeddable":true,"href":"https:\/\/nordicmart.andreevmaster.com\/fi\/wp-json\/wp\/v2\/product_brand?post=36823"},{"taxonomy":"product_cat","embeddable":true,"href":"https:\/\/nordicmart.andreevmaster.com\/fi\/wp-json\/wp\/v2\/product_cat?post=36823"},{"taxonomy":"product_tag","embeddable":true,"href":"https:\/\/nordicmart.andreevmaster.com\/fi\/wp-json\/wp\/v2\/product_tag?post=36823"}],"curies":[{"name":"wp","href":"https:\/\/api.w.org\/{rel}","templated":true}]}}