{"id":36822,"date":"2026-02-27T00:36:08","date_gmt":"2026-02-27T00:36:08","guid":{"rendered":"https:\/\/nordicmart.andreevmaster.com\/product\/buddha-patsas-iloinen-buddha-kultaiset-koristeet\/"},"modified":"2026-02-27T09:53:30","modified_gmt":"2026-02-27T09:53:30","slug":"buddha-patsas-iloinen-buddha-kultaiset-koristeet","status":"publish","type":"product","link":"https:\/\/nordicmart.andreevmaster.com\/fi\/tuote\/buddha-patsas-iloinen-buddha-kultaiset-koristeet\/","title":{"rendered":"Buddha-patsas \u2013 Iloinen Buddha \u2013 Kultaiset koristeet"},"content":{"rendered":"<p>Buddha-patsas \u2013 Iloinen Buddha \u2013 Kultaiset koristeet&nbsp;&nbsp;Vieh\u00e4tt\u00e4v\u00e4 Iloinen Buddha -patsas huokuu positiivista energiaa ja symboloi vaurautta, onnellisuutta, harmoniaa ja suojaa pahalta energialta. Elegantti kultainen v\u00e4ri antaa patsaalle tyylikk\u00e4\u00e4n ilmeen, joka sopii t\u00e4ydellisesti erilaisiin sisustuksiin. &nbsp;Patsas on valmistettu kest\u00e4v\u00e4st\u00e4 polyresiinist\u00e4. Se sopii erinomaisesti kotiin, toimistoon, olohuoneeseen sek\u00e4 meditaatio- ja rentoutumistiloihin. Se on ihanteellinen lahja uuteen asuntoon, tupaantuliaisiin, syntym\u00e4p\u00e4iville tai mihin tahansa muuhun tilaisuuteen.&nbsp;Tuotetiedot:&nbsp;Mitat: 17,1 x 8,6 x 11,6 cmMateriaali: Polyresiiniv\u00e4ri: Kulta, musta Symboliikka: rikkaus, onni, harmonia ja suoja pahaa energiaa vastaan Ihanteellinen lahja: kotiin, toimistoon, olohuoneeseen tai lahjaksi uuteen asuntoon Valmis lahjaidea viestill\u00e4&nbsp;<\/p>\n","protected":false},"excerpt":{"rendered":"<p>Buddha-patsas \u2013 Iloinen Buddha \u2013 Kultaiset koristeet&nbsp;&nbsp;Vieh\u00e4tt\u00e4v\u00e4 Iloinen Buddha -patsas huokuu positiivista energiaa ja symboloi vaurautta, onnellisuutta, harmoniaa ja suojaa pahalta energialta. Elegantti kultainen v\u00e4ri antaa patsaalle tyylikk\u00e4\u00e4n ilmeen, joka sopii t\u00e4ydellisesti erilaisiin sisustuksiin. &nbsp;Patsas on valmistettu kest\u00e4v\u00e4st\u00e4 polyresiinist\u00e4. Se sopii erinomaisesti kotiin, toimistoon, olohuoneeseen sek\u00e4 meditaatio- ja rentoutumistiloihin. Se on ihanteellinen lahja uuteen asuntoon, [&hellip;]<\/p>\n","protected":false},"featured_media":45000,"comment_status":"open","ping_status":"closed","template":"","meta":[],"product_brand":[],"product_cat":[32],"product_tag":[],"class_list":{"0":"post-36822","1":"product","2":"type-product","3":"status-publish","4":"has-post-thumbnail","6":"product_cat-uncategorized-fi","8":"first","9":"instock","10":"shipping-taxable","11":"purchasable","12":"product-type-simple"},"_links":{"self":[{"href":"https:\/\/nordicmart.andreevmaster.com\/fi\/wp-json\/wp\/v2\/product\/36822","targetHints":{"allow":["GET"]}}],"collection":[{"href":"https:\/\/nordicmart.andreevmaster.com\/fi\/wp-json\/wp\/v2\/product"}],"about":[{"href":"https:\/\/nordicmart.andreevmaster.com\/fi\/wp-json\/wp\/v2\/types\/product"}],"replies":[{"embeddable":true,"href":"https:\/\/nordicmart.andreevmaster.com\/fi\/wp-json\/wp\/v2\/comments?post=36822"}],"wp:featuredmedia":[{"embeddable":true,"href":"https:\/\/nordicmart.andreevmaster.com\/fi\/wp-json\/wp\/v2\/media\/45000"}],"wp:attachment":[{"href":"https:\/\/nordicmart.andreevmaster.com\/fi\/wp-json\/wp\/v2\/media?parent=36822"}],"wp:term":[{"taxonomy":"product_brand","embeddable":true,"href":"https:\/\/nordicmart.andreevmaster.com\/fi\/wp-json\/wp\/v2\/product_brand?post=36822"},{"taxonomy":"product_cat","embeddable":true,"href":"https:\/\/nordicmart.andreevmaster.com\/fi\/wp-json\/wp\/v2\/product_cat?post=36822"},{"taxonomy":"product_tag","embeddable":true,"href":"https:\/\/nordicmart.andreevmaster.com\/fi\/wp-json\/wp\/v2\/product_tag?post=36822"}],"curies":[{"name":"wp","href":"https:\/\/api.w.org\/{rel}","templated":true}]}}