{"id":36821,"date":"2026-02-27T00:36:08","date_gmt":"2026-02-27T00:36:08","guid":{"rendered":"https:\/\/nordicmart.andreevmaster.com\/product\/moderni-koriste-esine-tanssija-abstrakti-24-cm-e44446\/"},"modified":"2026-02-27T09:53:30","modified_gmt":"2026-02-27T09:53:30","slug":"moderni-koriste-esine-tanssija-abstrakti-24-cm-e44446","status":"publish","type":"product","link":"https:\/\/nordicmart.andreevmaster.com\/fi\/tuote\/moderni-koriste-esine-tanssija-abstrakti-24-cm-e44446\/","title":{"rendered":"Moderni koriste-esine Tanssija &#8211; Abstrakti 24 cm &#8211; E44446"},"content":{"rendered":"<p>Moderni koriste-esine Tanssija &#8211; Abstrakti, 24 cm &#8211; E44446&nbsp;&nbsp;Tyylik\u00e4s koriste-esine, joka kuvaa tanssijaa abstraktissa muodossa, on ainutlaatuinen lis\u00e4 sisustukseen. Sen moderni estetiikka ja antiikkikultaiset viimeistelyt sopivat erinomaisesti glamour-, moderni-, loft- tai art deco -sisustuksiin. &nbsp;T\u00e4m\u00e4 on ihanteellinen lahjaidea tanssia rakastavalle henkil\u00f6lle. Se sopii erinomaisesti elegantiksi ja symboliseksi lahjaksi tanssijalle, tanssinopettajalle tai liikunnan taiteesta kiinnostuneelle. Tuotetiedot: Mitat: 14,1 x 6,8 x 24,2 cm Materiaali: polyresiin (synteettinen hartsi) V\u00e4ri: antiikkikulta (matta, hieman kiilt\u00e4v\u00e4) Tyyli: moderni, geometrinen, abstrakti Motiivi: tanssija dynaamisessa asennossa Ihanteellinen glamour-, moderni- ja art deco -sisustuksiin Erinomainen lahjaidea<\/p>\n","protected":false},"excerpt":{"rendered":"<p>Moderni koriste-esine Tanssija &#8211; Abstrakti, 24 cm &#8211; E44446&nbsp;&nbsp;Tyylik\u00e4s koriste-esine, joka kuvaa tanssijaa abstraktissa muodossa, on ainutlaatuinen lis\u00e4 sisustukseen. Sen moderni estetiikka ja antiikkikultaiset viimeistelyt sopivat erinomaisesti glamour-, moderni-, loft- tai art deco -sisustuksiin. &nbsp;T\u00e4m\u00e4 on ihanteellinen lahjaidea tanssia rakastavalle henkil\u00f6lle. Se sopii erinomaisesti elegantiksi ja symboliseksi lahjaksi tanssijalle, tanssinopettajalle tai liikunnan taiteesta kiinnostuneelle. Tuotetiedot: [&hellip;]<\/p>\n","protected":false},"featured_media":44999,"comment_status":"open","ping_status":"closed","template":"","meta":[],"product_brand":[],"product_cat":[32],"product_tag":[],"class_list":{"0":"post-36821","1":"product","2":"type-product","3":"status-publish","4":"has-post-thumbnail","6":"product_cat-uncategorized-fi","8":"first","9":"instock","10":"shipping-taxable","11":"purchasable","12":"product-type-simple"},"_links":{"self":[{"href":"https:\/\/nordicmart.andreevmaster.com\/fi\/wp-json\/wp\/v2\/product\/36821","targetHints":{"allow":["GET"]}}],"collection":[{"href":"https:\/\/nordicmart.andreevmaster.com\/fi\/wp-json\/wp\/v2\/product"}],"about":[{"href":"https:\/\/nordicmart.andreevmaster.com\/fi\/wp-json\/wp\/v2\/types\/product"}],"replies":[{"embeddable":true,"href":"https:\/\/nordicmart.andreevmaster.com\/fi\/wp-json\/wp\/v2\/comments?post=36821"}],"wp:featuredmedia":[{"embeddable":true,"href":"https:\/\/nordicmart.andreevmaster.com\/fi\/wp-json\/wp\/v2\/media\/44999"}],"wp:attachment":[{"href":"https:\/\/nordicmart.andreevmaster.com\/fi\/wp-json\/wp\/v2\/media?parent=36821"}],"wp:term":[{"taxonomy":"product_brand","embeddable":true,"href":"https:\/\/nordicmart.andreevmaster.com\/fi\/wp-json\/wp\/v2\/product_brand?post=36821"},{"taxonomy":"product_cat","embeddable":true,"href":"https:\/\/nordicmart.andreevmaster.com\/fi\/wp-json\/wp\/v2\/product_cat?post=36821"},{"taxonomy":"product_tag","embeddable":true,"href":"https:\/\/nordicmart.andreevmaster.com\/fi\/wp-json\/wp\/v2\/product_tag?post=36821"}],"curies":[{"name":"wp","href":"https:\/\/api.w.org\/{rel}","templated":true}]}}