{"id":36820,"date":"2026-02-27T00:36:08","date_gmt":"2026-02-27T00:36:08","guid":{"rendered":"https:\/\/nordicmart.andreevmaster.com\/product\/kultainen-elefantti-korotetulla-trumpetilla-koristeellinen-figuuri-141fjz\/"},"modified":"2026-02-27T09:53:30","modified_gmt":"2026-02-27T09:53:30","slug":"kultainen-elefantti-korotetulla-trumpetilla-koristeellinen-figuuri-141fjz","status":"publish","type":"product","link":"https:\/\/nordicmart.andreevmaster.com\/fi\/tuote\/kultainen-elefantti-korotetulla-trumpetilla-koristeellinen-figuuri-141fjz\/","title":{"rendered":"Kultainen elefantti korotetulla trumpetilla &#8211; Koristeellinen figuuri &#8211; 141FJZ"},"content":{"rendered":"<p>Kultaisella trumpetilla koristeltu elefantti &#8211; koriste-esine &#8211; 141FJZ&nbsp;&nbsp;Tyylik\u00e4s elefantti-koriste-esine korotetulla k\u00e4rs\u00e4ll\u00e4 on elegantti lis\u00e4 mihin tahansa sisustukseen.&nbsp;Se on onnen, vaurauden ja suojan symboli &#8211; ihanteellinen kotiin, toimistoon tai symbolisena lahjana.&nbsp;Koriste-esine sopii t\u00e4ydellisesti moderniin ja klassiseen sisustukseen. Laadukas valmistus ja tyylik\u00e4s viimeistely tekev\u00e4t siit\u00e4 upean koristeen, jolla on symbolinen viesti.&nbsp;&nbsp;Tuotetiedot:&nbsp;Mitat: 20,5 x 7,8 x 16,8 cmMateriaali: polyresiiniv\u00e4ri: kulta&nbsp;<\/p>\n","protected":false},"excerpt":{"rendered":"<p>Kultaisella trumpetilla koristeltu elefantti &#8211; koriste-esine &#8211; 141FJZ&nbsp;&nbsp;Tyylik\u00e4s elefantti-koriste-esine korotetulla k\u00e4rs\u00e4ll\u00e4 on elegantti lis\u00e4 mihin tahansa sisustukseen.&nbsp;Se on onnen, vaurauden ja suojan symboli &#8211; ihanteellinen kotiin, toimistoon tai symbolisena lahjana.&nbsp;Koriste-esine sopii t\u00e4ydellisesti moderniin ja klassiseen sisustukseen. Laadukas valmistus ja tyylik\u00e4s viimeistely tekev\u00e4t siit\u00e4 upean koristeen, jolla on symbolinen viesti.&nbsp;&nbsp;Tuotetiedot:&nbsp;Mitat: 20,5 x 7,8 x 16,8 cmMateriaali: [&hellip;]<\/p>\n","protected":false},"featured_media":44998,"comment_status":"open","ping_status":"closed","template":"","meta":[],"product_brand":[],"product_cat":[32],"product_tag":[],"class_list":{"0":"post-36820","1":"product","2":"type-product","3":"status-publish","4":"has-post-thumbnail","6":"product_cat-uncategorized-fi","8":"first","9":"instock","10":"shipping-taxable","11":"purchasable","12":"product-type-simple"},"_links":{"self":[{"href":"https:\/\/nordicmart.andreevmaster.com\/fi\/wp-json\/wp\/v2\/product\/36820","targetHints":{"allow":["GET"]}}],"collection":[{"href":"https:\/\/nordicmart.andreevmaster.com\/fi\/wp-json\/wp\/v2\/product"}],"about":[{"href":"https:\/\/nordicmart.andreevmaster.com\/fi\/wp-json\/wp\/v2\/types\/product"}],"replies":[{"embeddable":true,"href":"https:\/\/nordicmart.andreevmaster.com\/fi\/wp-json\/wp\/v2\/comments?post=36820"}],"wp:featuredmedia":[{"embeddable":true,"href":"https:\/\/nordicmart.andreevmaster.com\/fi\/wp-json\/wp\/v2\/media\/44998"}],"wp:attachment":[{"href":"https:\/\/nordicmart.andreevmaster.com\/fi\/wp-json\/wp\/v2\/media?parent=36820"}],"wp:term":[{"taxonomy":"product_brand","embeddable":true,"href":"https:\/\/nordicmart.andreevmaster.com\/fi\/wp-json\/wp\/v2\/product_brand?post=36820"},{"taxonomy":"product_cat","embeddable":true,"href":"https:\/\/nordicmart.andreevmaster.com\/fi\/wp-json\/wp\/v2\/product_cat?post=36820"},{"taxonomy":"product_tag","embeddable":true,"href":"https:\/\/nordicmart.andreevmaster.com\/fi\/wp-json\/wp\/v2\/product_tag?post=36820"}],"curies":[{"name":"wp","href":"https:\/\/api.w.org\/{rel}","templated":true}]}}