{"id":36819,"date":"2026-02-27T00:36:07","date_gmt":"2026-02-27T00:36:07","guid":{"rendered":"https:\/\/nordicmart.andreevmaster.com\/product\/tealight-kynttilanjalka-hand-glamour-kynttilanjalka-311fjz\/"},"modified":"2026-02-27T09:53:29","modified_gmt":"2026-02-27T09:53:29","slug":"tealight-kynttilanjalka-hand-glamour-kynttilanjalka-311fjz","status":"publish","type":"product","link":"https:\/\/nordicmart.andreevmaster.com\/fi\/tuote\/tealight-kynttilanjalka-hand-glamour-kynttilanjalka-311fjz\/","title":{"rendered":"Tealight-kynttil\u00e4njalka &#8211; Hand &#8211; Glamour-kynttil\u00e4njalka &#8211; 311FJZ."},"content":{"rendered":"<p>Tealight-kynttil\u00e4njalka &#8211; K\u00e4sintehty &#8211; Glamour-kynttil\u00e4njalka &#8211; 311FJZ.&nbsp;&nbsp;T\u00e4m\u00e4 koristeellinen kynttil\u00e4njalka on yhdistelm\u00e4 designia ja glamouria \u2013 se on silmiinpist\u00e4v\u00e4 ja sopii t\u00e4ydellisesti muodikkaisiin sisustuksiin. Sen avulla saat sisustukseesi l\u00e4mpim\u00e4n ja kodikkaan valon.&nbsp;Hienostuneet muodot ja tyylik\u00e4s viimeistely tekev\u00e4t siit\u00e4 t\u00e4ydellisen koriste-elementin p\u00f6yd\u00e4lle, lipastolle tai kylpyhuoneeseen. Se sopii klassiselle tealight-kynttil\u00e4lle ja luo miellytt\u00e4v\u00e4n ja tunnelmallisen ilmapiirin.&nbsp;T\u00e4ydellinen lahjaidea tai omaper\u00e4inen lis\u00e4 kotiisi.&nbsp;&nbsp;Tuotetiedot:&nbsp;Mitat: 11,5 x 9,4 x 4,8 cmMateriaali: polyresiiniv\u00e4ri: kulta (kiilt\u00e4v\u00e4 kulta)tyyli: glamour, moderni&nbsp;<\/p>\n","protected":false},"excerpt":{"rendered":"<p>Tealight-kynttil\u00e4njalka &#8211; K\u00e4sintehty &#8211; Glamour-kynttil\u00e4njalka &#8211; 311FJZ.&nbsp;&nbsp;T\u00e4m\u00e4 koristeellinen kynttil\u00e4njalka on yhdistelm\u00e4 designia ja glamouria \u2013 se on silmiinpist\u00e4v\u00e4 ja sopii t\u00e4ydellisesti muodikkaisiin sisustuksiin. Sen avulla saat sisustukseesi l\u00e4mpim\u00e4n ja kodikkaan valon.&nbsp;Hienostuneet muodot ja tyylik\u00e4s viimeistely tekev\u00e4t siit\u00e4 t\u00e4ydellisen koriste-elementin p\u00f6yd\u00e4lle, lipastolle tai kylpyhuoneeseen. Se sopii klassiselle tealight-kynttil\u00e4lle ja luo miellytt\u00e4v\u00e4n ja tunnelmallisen ilmapiirin.&nbsp;T\u00e4ydellinen lahjaidea tai [&hellip;]<\/p>\n","protected":false},"featured_media":44997,"comment_status":"open","ping_status":"closed","template":"","meta":[],"product_brand":[],"product_cat":[32],"product_tag":[],"class_list":{"0":"post-36819","1":"product","2":"type-product","3":"status-publish","4":"has-post-thumbnail","6":"product_cat-uncategorized-fi","8":"first","9":"instock","10":"shipping-taxable","11":"purchasable","12":"product-type-simple"},"_links":{"self":[{"href":"https:\/\/nordicmart.andreevmaster.com\/fi\/wp-json\/wp\/v2\/product\/36819","targetHints":{"allow":["GET"]}}],"collection":[{"href":"https:\/\/nordicmart.andreevmaster.com\/fi\/wp-json\/wp\/v2\/product"}],"about":[{"href":"https:\/\/nordicmart.andreevmaster.com\/fi\/wp-json\/wp\/v2\/types\/product"}],"replies":[{"embeddable":true,"href":"https:\/\/nordicmart.andreevmaster.com\/fi\/wp-json\/wp\/v2\/comments?post=36819"}],"wp:featuredmedia":[{"embeddable":true,"href":"https:\/\/nordicmart.andreevmaster.com\/fi\/wp-json\/wp\/v2\/media\/44997"}],"wp:attachment":[{"href":"https:\/\/nordicmart.andreevmaster.com\/fi\/wp-json\/wp\/v2\/media?parent=36819"}],"wp:term":[{"taxonomy":"product_brand","embeddable":true,"href":"https:\/\/nordicmart.andreevmaster.com\/fi\/wp-json\/wp\/v2\/product_brand?post=36819"},{"taxonomy":"product_cat","embeddable":true,"href":"https:\/\/nordicmart.andreevmaster.com\/fi\/wp-json\/wp\/v2\/product_cat?post=36819"},{"taxonomy":"product_tag","embeddable":true,"href":"https:\/\/nordicmart.andreevmaster.com\/fi\/wp-json\/wp\/v2\/product_tag?post=36819"}],"curies":[{"name":"wp","href":"https:\/\/api.w.org\/{rel}","templated":true}]}}