{"id":36818,"date":"2026-02-27T00:36:07","date_gmt":"2026-02-27T00:36:07","guid":{"rendered":"https:\/\/nordicmart.andreevmaster.com\/product\/kalligrafiasetti-musta-hanhenkyna-ja-muste-1027\/"},"modified":"2026-02-27T09:53:29","modified_gmt":"2026-02-27T09:53:29","slug":"kalligrafiasetti-musta-hanhenkyna-ja-muste-1027","status":"publish","type":"product","link":"https:\/\/nordicmart.andreevmaster.com\/fi\/tuote\/kalligrafiasetti-musta-hanhenkyna-ja-muste-1027\/","title":{"rendered":"Kalligrafiasetti \u2013 musta hanhenkyn\u00e4 ja muste \u2013 1027"},"content":{"rendered":"<p>Kalligrafiasetti &#8211; musta hanhenkyn\u00e4 ja muste + mustepullo &#8211; 1027&nbsp;&nbsp;Elegantti kalligrafiasetti, joka on saanut inspiraationsa musiikin maailmasta &#8211; ihanteellinen kirjoitustaiteen yst\u00e4ville.&nbsp;&nbsp;Setti sis\u00e4lt\u00e4\u00e4:&nbsp;Musta kyn\u00e4, jossa on viuluteemainen koristeMustepullo ja musteElegantti lahjapakkaus&nbsp;Parametrit:&nbsp;Kyn\u00e4n pituus: 24 cm Lahjapakkauksen mitat: 27 x 8 x 3 cm&nbsp;&nbsp;Sarja on pakattu tyylikk\u00e4\u00e4seen lahjapakkaukseen \u2013 valmis annettavaksi erityistilaisuudessa.&nbsp;&nbsp;Ihanteellinen lahja:&nbsp;Kalligrafian harrastajalleKauniiden kirjoitusv\u00e4lineiden ker\u00e4ilij\u00e4lleMuusikolleS\u00e4velt\u00e4j\u00e4lle<\/p>\n","protected":false},"excerpt":{"rendered":"<p>Kalligrafiasetti &#8211; musta hanhenkyn\u00e4 ja muste + mustepullo &#8211; 1027&nbsp;&nbsp;Elegantti kalligrafiasetti, joka on saanut inspiraationsa musiikin maailmasta &#8211; ihanteellinen kirjoitustaiteen yst\u00e4ville.&nbsp;&nbsp;Setti sis\u00e4lt\u00e4\u00e4:&nbsp;Musta kyn\u00e4, jossa on viuluteemainen koristeMustepullo ja musteElegantti lahjapakkaus&nbsp;Parametrit:&nbsp;Kyn\u00e4n pituus: 24 cm Lahjapakkauksen mitat: 27 x 8 x 3 cm&nbsp;&nbsp;Sarja on pakattu tyylikk\u00e4\u00e4seen lahjapakkaukseen \u2013 valmis annettavaksi erityistilaisuudessa.&nbsp;&nbsp;Ihanteellinen lahja:&nbsp;Kalligrafian harrastajalleKauniiden kirjoitusv\u00e4lineiden ker\u00e4ilij\u00e4lleMuusikolleS\u00e4velt\u00e4j\u00e4lle<\/p>\n","protected":false},"featured_media":44996,"comment_status":"open","ping_status":"closed","template":"","meta":[],"product_brand":[],"product_cat":[32],"product_tag":[],"class_list":{"0":"post-36818","1":"product","2":"type-product","3":"status-publish","4":"has-post-thumbnail","6":"product_cat-uncategorized-fi","8":"first","9":"instock","10":"shipping-taxable","11":"purchasable","12":"product-type-simple"},"_links":{"self":[{"href":"https:\/\/nordicmart.andreevmaster.com\/fi\/wp-json\/wp\/v2\/product\/36818","targetHints":{"allow":["GET"]}}],"collection":[{"href":"https:\/\/nordicmart.andreevmaster.com\/fi\/wp-json\/wp\/v2\/product"}],"about":[{"href":"https:\/\/nordicmart.andreevmaster.com\/fi\/wp-json\/wp\/v2\/types\/product"}],"replies":[{"embeddable":true,"href":"https:\/\/nordicmart.andreevmaster.com\/fi\/wp-json\/wp\/v2\/comments?post=36818"}],"wp:featuredmedia":[{"embeddable":true,"href":"https:\/\/nordicmart.andreevmaster.com\/fi\/wp-json\/wp\/v2\/media\/44996"}],"wp:attachment":[{"href":"https:\/\/nordicmart.andreevmaster.com\/fi\/wp-json\/wp\/v2\/media?parent=36818"}],"wp:term":[{"taxonomy":"product_brand","embeddable":true,"href":"https:\/\/nordicmart.andreevmaster.com\/fi\/wp-json\/wp\/v2\/product_brand?post=36818"},{"taxonomy":"product_cat","embeddable":true,"href":"https:\/\/nordicmart.andreevmaster.com\/fi\/wp-json\/wp\/v2\/product_cat?post=36818"},{"taxonomy":"product_tag","embeddable":true,"href":"https:\/\/nordicmart.andreevmaster.com\/fi\/wp-json\/wp\/v2\/product_tag?post=36818"}],"curies":[{"name":"wp","href":"https:\/\/api.w.org\/{rel}","templated":true}]}}