{"id":36817,"date":"2026-02-27T00:36:07","date_gmt":"2026-02-27T00:36:07","guid":{"rendered":"https:\/\/nordicmart.andreevmaster.com\/product\/kalligrafia-lahjasetti-sininen-sulkakyna-ja-muste-7651\/"},"modified":"2026-02-27T09:53:29","modified_gmt":"2026-02-27T09:53:29","slug":"kalligrafia-lahjasetti-sininen-sulkakyna-ja-muste-7651","status":"publish","type":"product","link":"https:\/\/nordicmart.andreevmaster.com\/fi\/tuote\/kalligrafia-lahjasetti-sininen-sulkakyna-ja-muste-7651\/","title":{"rendered":"Kalligrafia-lahjasetti \u2013 sininen sulkakyn\u00e4 ja muste \u2013 7651"},"content":{"rendered":"<p>Kalligrafia-lahjasetti \u2013 sininen sulkakyn\u00e4 ja muste \u2013 7651&nbsp;&nbsp;Sukella kauniin kirjoittamisen taiteeseen tyylikk\u00e4\u00e4ll\u00e4 kalligrafiasetill\u00e4, jossa on sininen kyn\u00e4. Ihanteellinen valinta sek\u00e4 aloittelijoille ett\u00e4 edistyneemmille kalligrafian harrastajille.&nbsp;Setti sis\u00e4lt\u00e4\u00e4:&nbsp;?Sininen sulkakyn\u00e4 ja ter\u00e4?Mustepullo ja muste&nbsp;Mitat:&nbsp;?Kyn\u00e4n pituus: 24 cm?Mitat: 26,5 x 8 x 3 cm&nbsp;Esteettinen lahjapakkaus korostaa setin eleganssia ja tekee siit\u00e4 t\u00e4ydellisen lahjan.&nbsp;&nbsp;T\u00e4ydellinen lahja:&nbsp;?Kalligrafian yst\u00e4ville?Taiteilijoille?Kirjoitusv\u00e4lineiden ker\u00e4ilij\u00f6ille?Erityistilaisuuksiin (syntym\u00e4p\u00e4iv\u00e4t, vuosip\u00e4iv\u00e4t, juhlap\u00e4iv\u00e4t)<\/p>\n","protected":false},"excerpt":{"rendered":"<p>Kalligrafia-lahjasetti \u2013 sininen sulkakyn\u00e4 ja muste \u2013 7651&nbsp;&nbsp;Sukella kauniin kirjoittamisen taiteeseen tyylikk\u00e4\u00e4ll\u00e4 kalligrafiasetill\u00e4, jossa on sininen kyn\u00e4. Ihanteellinen valinta sek\u00e4 aloittelijoille ett\u00e4 edistyneemmille kalligrafian harrastajille.&nbsp;Setti sis\u00e4lt\u00e4\u00e4:&nbsp;?Sininen sulkakyn\u00e4 ja ter\u00e4?Mustepullo ja muste&nbsp;Mitat:&nbsp;?Kyn\u00e4n pituus: 24 cm?Mitat: 26,5 x 8 x 3 cm&nbsp;Esteettinen lahjapakkaus korostaa setin eleganssia ja tekee siit\u00e4 t\u00e4ydellisen lahjan.&nbsp;&nbsp;T\u00e4ydellinen lahja:&nbsp;?Kalligrafian yst\u00e4ville?Taiteilijoille?Kirjoitusv\u00e4lineiden ker\u00e4ilij\u00f6ille?Erityistilaisuuksiin (syntym\u00e4p\u00e4iv\u00e4t, vuosip\u00e4iv\u00e4t, juhlap\u00e4iv\u00e4t)<\/p>\n","protected":false},"featured_media":44995,"comment_status":"open","ping_status":"closed","template":"","meta":[],"product_brand":[],"product_cat":[32],"product_tag":[],"class_list":{"0":"post-36817","1":"product","2":"type-product","3":"status-publish","4":"has-post-thumbnail","6":"product_cat-uncategorized-fi","8":"first","9":"instock","10":"shipping-taxable","11":"purchasable","12":"product-type-simple"},"_links":{"self":[{"href":"https:\/\/nordicmart.andreevmaster.com\/fi\/wp-json\/wp\/v2\/product\/36817","targetHints":{"allow":["GET"]}}],"collection":[{"href":"https:\/\/nordicmart.andreevmaster.com\/fi\/wp-json\/wp\/v2\/product"}],"about":[{"href":"https:\/\/nordicmart.andreevmaster.com\/fi\/wp-json\/wp\/v2\/types\/product"}],"replies":[{"embeddable":true,"href":"https:\/\/nordicmart.andreevmaster.com\/fi\/wp-json\/wp\/v2\/comments?post=36817"}],"wp:featuredmedia":[{"embeddable":true,"href":"https:\/\/nordicmart.andreevmaster.com\/fi\/wp-json\/wp\/v2\/media\/44995"}],"wp:attachment":[{"href":"https:\/\/nordicmart.andreevmaster.com\/fi\/wp-json\/wp\/v2\/media?parent=36817"}],"wp:term":[{"taxonomy":"product_brand","embeddable":true,"href":"https:\/\/nordicmart.andreevmaster.com\/fi\/wp-json\/wp\/v2\/product_brand?post=36817"},{"taxonomy":"product_cat","embeddable":true,"href":"https:\/\/nordicmart.andreevmaster.com\/fi\/wp-json\/wp\/v2\/product_cat?post=36817"},{"taxonomy":"product_tag","embeddable":true,"href":"https:\/\/nordicmart.andreevmaster.com\/fi\/wp-json\/wp\/v2\/product_tag?post=36817"}],"curies":[{"name":"wp","href":"https:\/\/api.w.org\/{rel}","templated":true}]}}