{"id":36816,"date":"2026-02-27T00:36:06","date_gmt":"2026-02-27T00:36:06","guid":{"rendered":"https:\/\/nordicmart.andreevmaster.com\/product\/kalligrafiasetti-kyna-kahdella-karjella-mustepullo-5422\/"},"modified":"2026-02-27T09:53:29","modified_gmt":"2026-02-27T09:53:29","slug":"kalligrafiasetti-kyna-kahdella-karjella-mustepullo-5422","status":"publish","type":"product","link":"https:\/\/nordicmart.andreevmaster.com\/fi\/tuote\/kalligrafiasetti-kyna-kahdella-karjella-mustepullo-5422\/","title":{"rendered":"Kalligrafiasetti \u2013 kyn\u00e4 kahdella k\u00e4rjell\u00e4 + mustepullo \u2013 5422"},"content":{"rendered":"<p>Kalligrafiasetti &#8211; kyn\u00e4 kahdella k\u00e4rjell\u00e4 + mustepullo &#8211; 5422&nbsp;&nbsp;Kauniisti valmistettu, klassinen kalligrafiasetti, joka sopii erinomaisesti k\u00e4sinkirjoituksen yst\u00e4ville, aloitteleville kalligrafeille ja tyylikk\u00e4\u00e4n lahjan etsij\u00f6ille. Setti yhdist\u00e4\u00e4 esteettisyyden ja toiminnallisuuden &#8211; se sopii sek\u00e4 p\u00e4ivitt\u00e4isiin harjoituksiin ett\u00e4 ainutlaatuisten kutsujen, kirjeiden tai koristeellisten muistiinpanojen luomiseen.&nbsp;&nbsp;Setti sis\u00e4lt\u00e4\u00e4:&nbsp;? Tyylik\u00e4s kyn\u00e4npidin? 2 vaihdettavaa k\u00e4rke\u00e4 \u2013 eri paksuisia? Mustepullo musteella (tumma klassinen v\u00e4ri)? Elegantti lahjapakkaus&nbsp;Setti on pakattu eleganttiin lahjapakkaukseen, jonka mitat ovat: 12,5 x 8,5 x 3 cm.&nbsp;Esteettinen viimeistely tekee setist\u00e4 eritt\u00e4in tyylikk\u00e4\u00e4n \u2013 valmis annettavaksi ilman lis\u00e4pakkausta.&nbsp;Ihanteellinen edulliseksi lahjaksi. Erinomainen valinta syntym\u00e4p\u00e4iville, juhlap\u00e4iville, opettajien p\u00e4iv\u00e4lle tai lahjaksi kirjoittamisen yst\u00e4v\u00e4lle.<\/p>\n","protected":false},"excerpt":{"rendered":"<p>Kalligrafiasetti &#8211; kyn\u00e4 kahdella k\u00e4rjell\u00e4 + mustepullo &#8211; 5422&nbsp;&nbsp;Kauniisti valmistettu, klassinen kalligrafiasetti, joka sopii erinomaisesti k\u00e4sinkirjoituksen yst\u00e4ville, aloitteleville kalligrafeille ja tyylikk\u00e4\u00e4n lahjan etsij\u00f6ille. Setti yhdist\u00e4\u00e4 esteettisyyden ja toiminnallisuuden &#8211; se sopii sek\u00e4 p\u00e4ivitt\u00e4isiin harjoituksiin ett\u00e4 ainutlaatuisten kutsujen, kirjeiden tai koristeellisten muistiinpanojen luomiseen.&nbsp;&nbsp;Setti sis\u00e4lt\u00e4\u00e4:&nbsp;? Tyylik\u00e4s kyn\u00e4npidin? 2 vaihdettavaa k\u00e4rke\u00e4 \u2013 eri paksuisia? Mustepullo musteella (tumma klassinen [&hellip;]<\/p>\n","protected":false},"featured_media":44994,"comment_status":"open","ping_status":"closed","template":"","meta":[],"product_brand":[],"product_cat":[32],"product_tag":[],"class_list":{"0":"post-36816","1":"product","2":"type-product","3":"status-publish","4":"has-post-thumbnail","6":"product_cat-uncategorized-fi","8":"first","9":"instock","10":"shipping-taxable","11":"purchasable","12":"product-type-simple"},"_links":{"self":[{"href":"https:\/\/nordicmart.andreevmaster.com\/fi\/wp-json\/wp\/v2\/product\/36816","targetHints":{"allow":["GET"]}}],"collection":[{"href":"https:\/\/nordicmart.andreevmaster.com\/fi\/wp-json\/wp\/v2\/product"}],"about":[{"href":"https:\/\/nordicmart.andreevmaster.com\/fi\/wp-json\/wp\/v2\/types\/product"}],"replies":[{"embeddable":true,"href":"https:\/\/nordicmart.andreevmaster.com\/fi\/wp-json\/wp\/v2\/comments?post=36816"}],"wp:featuredmedia":[{"embeddable":true,"href":"https:\/\/nordicmart.andreevmaster.com\/fi\/wp-json\/wp\/v2\/media\/44994"}],"wp:attachment":[{"href":"https:\/\/nordicmart.andreevmaster.com\/fi\/wp-json\/wp\/v2\/media?parent=36816"}],"wp:term":[{"taxonomy":"product_brand","embeddable":true,"href":"https:\/\/nordicmart.andreevmaster.com\/fi\/wp-json\/wp\/v2\/product_brand?post=36816"},{"taxonomy":"product_cat","embeddable":true,"href":"https:\/\/nordicmart.andreevmaster.com\/fi\/wp-json\/wp\/v2\/product_cat?post=36816"},{"taxonomy":"product_tag","embeddable":true,"href":"https:\/\/nordicmart.andreevmaster.com\/fi\/wp-json\/wp\/v2\/product_tag?post=36816"}],"curies":[{"name":"wp","href":"https:\/\/api.w.org\/{rel}","templated":true}]}}