{"id":36815,"date":"2026-02-27T00:36:06","date_gmt":"2026-02-27T00:36:06","guid":{"rendered":"https:\/\/nordicmart.andreevmaster.com\/product\/kalligrafiasetti-kultainen-sulkakyna-muste-7262\/"},"modified":"2026-02-27T09:53:29","modified_gmt":"2026-02-27T09:53:29","slug":"kalligrafiasetti-kultainen-sulkakyna-muste-7262","status":"publish","type":"product","link":"https:\/\/nordicmart.andreevmaster.com\/fi\/tuote\/kalligrafiasetti-kultainen-sulkakyna-muste-7262\/","title":{"rendered":"Kalligrafiasetti \u2013 kultainen sulkakyn\u00e4 + muste \u2013 7262"},"content":{"rendered":"<p>Kalligrafiasetti \u2013 kultainen sulkakyn\u00e4 ja mustepullo \u2013 7262&nbsp;&nbsp;Elegantti kalligrafiasetti, joka on saanut inspiraationsa klassisesta italialaisesta kirjoitustaiteesta. T\u00e4ydellinen vintage-tyylin yst\u00e4ville, kalligrafian harrastajille ja ihmisille, jotka arvostavat ainutlaatuisia esineit\u00e4, joissa on sielua.&nbsp;&nbsp;Setti sis\u00e4lt\u00e4\u00e4:&nbsp;? Kultainen sulkakyn\u00e4, jossa on tarkasti valmistettu k\u00e4rki? Mustetta sis\u00e4lt\u00e4v\u00e4 mustepullo? Esteettinen lahjapakkaus&nbsp;Parametrit:&nbsp;? Kyn\u00e4n pituus: 24 cm? Mitat: 26,5 x 8 x 3 cm&nbsp;&nbsp;T\u00e4m\u00e4 sarja yhdist\u00e4\u00e4 eleganssin ja toiminnallisuuden \u2013 se sopii erinomaisesti sek\u00e4 p\u00f6yd\u00e4n koristeeksi ett\u00e4 k\u00e4yt\u00e4nn\u00f6n k\u00e4ytt\u00f6\u00f6n, esimerkiksi kutsujen, kirjeiden tai koristeellisten allekirjoitusten luomiseen.&nbsp;T\u00e4ydellinen lahja kalligrafian harrastajalle, kirjailijalle, taiteilijalle tai alkuper\u00e4isen\u00e4 lahjana erityistilaisuuksiin.<\/p>\n","protected":false},"excerpt":{"rendered":"<p>Kalligrafiasetti \u2013 kultainen sulkakyn\u00e4 ja mustepullo \u2013 7262&nbsp;&nbsp;Elegantti kalligrafiasetti, joka on saanut inspiraationsa klassisesta italialaisesta kirjoitustaiteesta. T\u00e4ydellinen vintage-tyylin yst\u00e4ville, kalligrafian harrastajille ja ihmisille, jotka arvostavat ainutlaatuisia esineit\u00e4, joissa on sielua.&nbsp;&nbsp;Setti sis\u00e4lt\u00e4\u00e4:&nbsp;? Kultainen sulkakyn\u00e4, jossa on tarkasti valmistettu k\u00e4rki? Mustetta sis\u00e4lt\u00e4v\u00e4 mustepullo? Esteettinen lahjapakkaus&nbsp;Parametrit:&nbsp;? Kyn\u00e4n pituus: 24 cm? Mitat: 26,5 x 8 x 3 cm&nbsp;&nbsp;T\u00e4m\u00e4 sarja [&hellip;]<\/p>\n","protected":false},"featured_media":44993,"comment_status":"open","ping_status":"closed","template":"","meta":[],"product_brand":[],"product_cat":[32],"product_tag":[],"class_list":{"0":"post-36815","1":"product","2":"type-product","3":"status-publish","4":"has-post-thumbnail","6":"product_cat-uncategorized-fi","8":"first","9":"instock","10":"shipping-taxable","11":"purchasable","12":"product-type-simple"},"_links":{"self":[{"href":"https:\/\/nordicmart.andreevmaster.com\/fi\/wp-json\/wp\/v2\/product\/36815","targetHints":{"allow":["GET"]}}],"collection":[{"href":"https:\/\/nordicmart.andreevmaster.com\/fi\/wp-json\/wp\/v2\/product"}],"about":[{"href":"https:\/\/nordicmart.andreevmaster.com\/fi\/wp-json\/wp\/v2\/types\/product"}],"replies":[{"embeddable":true,"href":"https:\/\/nordicmart.andreevmaster.com\/fi\/wp-json\/wp\/v2\/comments?post=36815"}],"wp:featuredmedia":[{"embeddable":true,"href":"https:\/\/nordicmart.andreevmaster.com\/fi\/wp-json\/wp\/v2\/media\/44993"}],"wp:attachment":[{"href":"https:\/\/nordicmart.andreevmaster.com\/fi\/wp-json\/wp\/v2\/media?parent=36815"}],"wp:term":[{"taxonomy":"product_brand","embeddable":true,"href":"https:\/\/nordicmart.andreevmaster.com\/fi\/wp-json\/wp\/v2\/product_brand?post=36815"},{"taxonomy":"product_cat","embeddable":true,"href":"https:\/\/nordicmart.andreevmaster.com\/fi\/wp-json\/wp\/v2\/product_cat?post=36815"},{"taxonomy":"product_tag","embeddable":true,"href":"https:\/\/nordicmart.andreevmaster.com\/fi\/wp-json\/wp\/v2\/product_tag?post=36815"}],"curies":[{"name":"wp","href":"https:\/\/api.w.org\/{rel}","templated":true}]}}