{"id":36814,"date":"2026-02-27T00:36:06","date_gmt":"2026-02-27T00:36:06","guid":{"rendered":"https:\/\/nordicmart.andreevmaster.com\/product\/retro-kello-ketjulla-clk-0703b\/"},"modified":"2026-02-27T09:53:28","modified_gmt":"2026-02-27T09:53:28","slug":"retro-kello-ketjulla-clk-0703b","status":"publish","type":"product","link":"https:\/\/nordicmart.andreevmaster.com\/fi\/tuote\/retro-kello-ketjulla-clk-0703b\/","title":{"rendered":"Retro-kello ketjulla &#8211; CLK-0703B"},"content":{"rendered":"<p>Retro-kello ketjulla &#8211; CLK-0703B&nbsp;&nbsp;Retro-lahja&nbsp;Elegantti taskukello klassisessa messinkikehyksess\u00e4 on t\u00e4ydellinen lahja retrotyylin yst\u00e4ville. Sen valkoinen kellotaulu ja mustat osoittimet takaavat luettavuuden ja lis\u00e4\u00e4v\u00e4t ajatonta charmia.&nbsp;&nbsp;Tuotetiedot:&nbsp;Kellon mitat: Kellon halkaisija 5 cm. Materiaali: messinki, lasi Kello ketjussa messinkikehyksess\u00e4 Kellotaulu: valkoinen, mustat osoittimet Retrotyylinen lahja&nbsp;<\/p>\n","protected":false},"excerpt":{"rendered":"<p>Retro-kello ketjulla &#8211; CLK-0703B&nbsp;&nbsp;Retro-lahja&nbsp;Elegantti taskukello klassisessa messinkikehyksess\u00e4 on t\u00e4ydellinen lahja retrotyylin yst\u00e4ville. Sen valkoinen kellotaulu ja mustat osoittimet takaavat luettavuuden ja lis\u00e4\u00e4v\u00e4t ajatonta charmia.&nbsp;&nbsp;Tuotetiedot:&nbsp;Kellon mitat: Kellon halkaisija 5 cm. Materiaali: messinki, lasi Kello ketjussa messinkikehyksess\u00e4 Kellotaulu: valkoinen, mustat osoittimet Retrotyylinen lahja&nbsp;<\/p>\n","protected":false},"featured_media":44992,"comment_status":"open","ping_status":"closed","template":"","meta":[],"product_brand":[],"product_cat":[32],"product_tag":[],"class_list":{"0":"post-36814","1":"product","2":"type-product","3":"status-publish","4":"has-post-thumbnail","6":"product_cat-uncategorized-fi","8":"first","9":"instock","10":"shipping-taxable","11":"purchasable","12":"product-type-simple"},"_links":{"self":[{"href":"https:\/\/nordicmart.andreevmaster.com\/fi\/wp-json\/wp\/v2\/product\/36814","targetHints":{"allow":["GET"]}}],"collection":[{"href":"https:\/\/nordicmart.andreevmaster.com\/fi\/wp-json\/wp\/v2\/product"}],"about":[{"href":"https:\/\/nordicmart.andreevmaster.com\/fi\/wp-json\/wp\/v2\/types\/product"}],"replies":[{"embeddable":true,"href":"https:\/\/nordicmart.andreevmaster.com\/fi\/wp-json\/wp\/v2\/comments?post=36814"}],"wp:featuredmedia":[{"embeddable":true,"href":"https:\/\/nordicmart.andreevmaster.com\/fi\/wp-json\/wp\/v2\/media\/44992"}],"wp:attachment":[{"href":"https:\/\/nordicmart.andreevmaster.com\/fi\/wp-json\/wp\/v2\/media?parent=36814"}],"wp:term":[{"taxonomy":"product_brand","embeddable":true,"href":"https:\/\/nordicmart.andreevmaster.com\/fi\/wp-json\/wp\/v2\/product_brand?post=36814"},{"taxonomy":"product_cat","embeddable":true,"href":"https:\/\/nordicmart.andreevmaster.com\/fi\/wp-json\/wp\/v2\/product_cat?post=36814"},{"taxonomy":"product_tag","embeddable":true,"href":"https:\/\/nordicmart.andreevmaster.com\/fi\/wp-json\/wp\/v2\/product_tag?post=36814"}],"curies":[{"name":"wp","href":"https:\/\/api.w.org\/{rel}","templated":true}]}}