{"id":36813,"date":"2026-02-27T00:36:06","date_gmt":"2026-02-27T00:36:06","guid":{"rendered":"https:\/\/nordicmart.andreevmaster.com\/product\/glamour-gold-round-metal-coffee-table-1051a-2\/"},"modified":"2026-02-27T09:53:28","modified_gmt":"2026-02-27T09:53:28","slug":"glamour-gold-round-metal-coffee-table-1051a-2","status":"publish","type":"product","link":"https:\/\/nordicmart.andreevmaster.com\/fi\/tuote\/glamour-gold-round-metal-coffee-table-1051a-2\/","title":{"rendered":"Glamour Gold Round Metal Coffee Table &#8211; 1051A"},"content":{"rendered":"<p>Glamour Gold Round Metal Coffee Table &#8211; 1051A&nbsp;&nbsp;T\u00e4m\u00e4 tyylik\u00e4s py\u00f6re\u00e4 sohvap\u00f6yt\u00e4 on v\u00e4ltt\u00e4m\u00e4t\u00f6n glamour-tyylin yst\u00e4ville. Sen kiilt\u00e4v\u00e4 kultainen pinta tuo tyylikkyytt\u00e4 mihin tahansa tilaan. Sopii t\u00e4ydellisesti olohuoneeseen, makuuhuoneeseen tai ty\u00f6huoneeseen. Metallin ja py\u00f6re\u00e4n muodon yhdistelm\u00e4 luo ajattoman designin.&nbsp;&nbsp;Metallip\u00f6yt\u00e4mme on ep\u00e4tavallinen yhdistelm\u00e4 eleganssia ja toiminnallisuutta, joka sopii t\u00e4ydellisesti monenlaisiin sisustustyyleihin.&nbsp;&nbsp;Tuotetiedot:&nbsp;Materiaali: metalliMitat: 40 x 40 x 60 cmTyyli: Glamour, eleganttiV\u00e4ri: kulta<\/p>\n","protected":false},"excerpt":{"rendered":"<p>Glamour Gold Round Metal Coffee Table &#8211; 1051A&nbsp;&nbsp;T\u00e4m\u00e4 tyylik\u00e4s py\u00f6re\u00e4 sohvap\u00f6yt\u00e4 on v\u00e4ltt\u00e4m\u00e4t\u00f6n glamour-tyylin yst\u00e4ville. Sen kiilt\u00e4v\u00e4 kultainen pinta tuo tyylikkyytt\u00e4 mihin tahansa tilaan. Sopii t\u00e4ydellisesti olohuoneeseen, makuuhuoneeseen tai ty\u00f6huoneeseen. Metallin ja py\u00f6re\u00e4n muodon yhdistelm\u00e4 luo ajattoman designin.&nbsp;&nbsp;Metallip\u00f6yt\u00e4mme on ep\u00e4tavallinen yhdistelm\u00e4 eleganssia ja toiminnallisuutta, joka sopii t\u00e4ydellisesti monenlaisiin sisustustyyleihin.&nbsp;&nbsp;Tuotetiedot:&nbsp;Materiaali: metalliMitat: 40 x 40 x 60 [&hellip;]<\/p>\n","protected":false},"featured_media":44991,"comment_status":"open","ping_status":"closed","template":"","meta":[],"product_brand":[],"product_cat":[32],"product_tag":[],"class_list":{"0":"post-36813","1":"product","2":"type-product","3":"status-publish","4":"has-post-thumbnail","6":"product_cat-uncategorized-fi","8":"first","9":"instock","10":"shipping-taxable","11":"purchasable","12":"product-type-simple"},"_links":{"self":[{"href":"https:\/\/nordicmart.andreevmaster.com\/fi\/wp-json\/wp\/v2\/product\/36813","targetHints":{"allow":["GET"]}}],"collection":[{"href":"https:\/\/nordicmart.andreevmaster.com\/fi\/wp-json\/wp\/v2\/product"}],"about":[{"href":"https:\/\/nordicmart.andreevmaster.com\/fi\/wp-json\/wp\/v2\/types\/product"}],"replies":[{"embeddable":true,"href":"https:\/\/nordicmart.andreevmaster.com\/fi\/wp-json\/wp\/v2\/comments?post=36813"}],"wp:featuredmedia":[{"embeddable":true,"href":"https:\/\/nordicmart.andreevmaster.com\/fi\/wp-json\/wp\/v2\/media\/44991"}],"wp:attachment":[{"href":"https:\/\/nordicmart.andreevmaster.com\/fi\/wp-json\/wp\/v2\/media?parent=36813"}],"wp:term":[{"taxonomy":"product_brand","embeddable":true,"href":"https:\/\/nordicmart.andreevmaster.com\/fi\/wp-json\/wp\/v2\/product_brand?post=36813"},{"taxonomy":"product_cat","embeddable":true,"href":"https:\/\/nordicmart.andreevmaster.com\/fi\/wp-json\/wp\/v2\/product_cat?post=36813"},{"taxonomy":"product_tag","embeddable":true,"href":"https:\/\/nordicmart.andreevmaster.com\/fi\/wp-json\/wp\/v2\/product_tag?post=36813"}],"curies":[{"name":"wp","href":"https:\/\/api.w.org\/{rel}","templated":true}]}}