{"id":36812,"date":"2026-02-27T00:36:05","date_gmt":"2026-02-27T00:36:05","guid":{"rendered":"https:\/\/nordicmart.andreevmaster.com\/product\/kultaiset-koriste-esineet-kauris-cap2\/"},"modified":"2026-02-27T09:53:28","modified_gmt":"2026-02-27T09:53:28","slug":"kultaiset-koriste-esineet-kauris-cap2","status":"publish","type":"product","link":"https:\/\/nordicmart.andreevmaster.com\/fi\/tuote\/kultaiset-koriste-esineet-kauris-cap2\/","title":{"rendered":"Kultaiset koriste-esineet &#8211; Kauris &#8211; CAP2"},"content":{"rendered":"<p>Kultaiset koriste-esineet &#8211; Kauris &#8211; CAP2&nbsp;&nbsp;CAP-koriste-esine kuvaa symbolista horoskooppimerkki\u00e4 Kauris. Kultaiset viimeistelyt antavat koriste-esineelle eleganssia, joten se sopii klassisiin, glamour- ja art deco -sisustuksiin. CAP-patsas on erinomainen lahjaidea kauris-horoskooppimerkille ja astrologian yst\u00e4ville. &nbsp;Talvip\u00e4iv\u00e4nseisaus ja t\u00e4htitieteellinen talvi merkit\u00e4\u00e4n auringon ollessa kauris-horoskooppimerkiss\u00e4. Muinaiset kreikkalaiset uskoivat, ett\u00e4 sarvip\u00e4inen jumala Pan, Hermesin ja nymfi Dryopen poika, auttoi pelastamaan maailman hirvi\u00f6 Typhonilta yhdist\u00e4m\u00e4ll\u00e4 paloitellun Zeuksen takaisin kokonaisuudeksi. Zeus asetti h\u00e4net kiitollisuudesta t\u00e4htien joukkoon. Tuotetiedot: Alumiinista valmistettu hahmo Mitat: 23,5 x 21 x 6 cm<\/p>\n","protected":false},"excerpt":{"rendered":"<p>Kultaiset koriste-esineet &#8211; Kauris &#8211; CAP2&nbsp;&nbsp;CAP-koriste-esine kuvaa symbolista horoskooppimerkki\u00e4 Kauris. Kultaiset viimeistelyt antavat koriste-esineelle eleganssia, joten se sopii klassisiin, glamour- ja art deco -sisustuksiin. CAP-patsas on erinomainen lahjaidea kauris-horoskooppimerkille ja astrologian yst\u00e4ville. &nbsp;Talvip\u00e4iv\u00e4nseisaus ja t\u00e4htitieteellinen talvi merkit\u00e4\u00e4n auringon ollessa kauris-horoskooppimerkiss\u00e4. Muinaiset kreikkalaiset uskoivat, ett\u00e4 sarvip\u00e4inen jumala Pan, Hermesin ja nymfi Dryopen poika, auttoi pelastamaan maailman [&hellip;]<\/p>\n","protected":false},"featured_media":44990,"comment_status":"open","ping_status":"closed","template":"","meta":[],"product_brand":[],"product_cat":[32],"product_tag":[],"class_list":{"0":"post-36812","1":"product","2":"type-product","3":"status-publish","4":"has-post-thumbnail","6":"product_cat-uncategorized-fi","8":"first","9":"instock","10":"shipping-taxable","11":"purchasable","12":"product-type-simple"},"_links":{"self":[{"href":"https:\/\/nordicmart.andreevmaster.com\/fi\/wp-json\/wp\/v2\/product\/36812","targetHints":{"allow":["GET"]}}],"collection":[{"href":"https:\/\/nordicmart.andreevmaster.com\/fi\/wp-json\/wp\/v2\/product"}],"about":[{"href":"https:\/\/nordicmart.andreevmaster.com\/fi\/wp-json\/wp\/v2\/types\/product"}],"replies":[{"embeddable":true,"href":"https:\/\/nordicmart.andreevmaster.com\/fi\/wp-json\/wp\/v2\/comments?post=36812"}],"wp:featuredmedia":[{"embeddable":true,"href":"https:\/\/nordicmart.andreevmaster.com\/fi\/wp-json\/wp\/v2\/media\/44990"}],"wp:attachment":[{"href":"https:\/\/nordicmart.andreevmaster.com\/fi\/wp-json\/wp\/v2\/media?parent=36812"}],"wp:term":[{"taxonomy":"product_brand","embeddable":true,"href":"https:\/\/nordicmart.andreevmaster.com\/fi\/wp-json\/wp\/v2\/product_brand?post=36812"},{"taxonomy":"product_cat","embeddable":true,"href":"https:\/\/nordicmart.andreevmaster.com\/fi\/wp-json\/wp\/v2\/product_cat?post=36812"},{"taxonomy":"product_tag","embeddable":true,"href":"https:\/\/nordicmart.andreevmaster.com\/fi\/wp-json\/wp\/v2\/product_tag?post=36812"}],"curies":[{"name":"wp","href":"https:\/\/api.w.org\/{rel}","templated":true}]}}