{"id":36811,"date":"2026-02-27T00:36:05","date_gmt":"2026-02-27T00:36:05","guid":{"rendered":"https:\/\/nordicmart.andreevmaster.com\/product\/messinkinen-kaukoputki-puulaatikossa-35609zs\/"},"modified":"2026-02-27T09:53:28","modified_gmt":"2026-02-27T09:53:28","slug":"messinkinen-kaukoputki-puulaatikossa-35609zs","status":"publish","type":"product","link":"https:\/\/nordicmart.andreevmaster.com\/fi\/tuote\/messinkinen-kaukoputki-puulaatikossa-35609zs\/","title":{"rendered":"Messinkinen kaukoputki puulaatikossa &#8211; 35609ZS"},"content":{"rendered":"<p>Messinkinen kaukoputki puulaatikossa &#8211; 35609ZS&nbsp;&nbsp;Vanhan tyylinen kaukoputki on mielenkiintoinen lis\u00e4 m\u00f6kkiin, merenrantahotelliin tai englantilaistyyliseen tai kolonialistiseen ty\u00f6huoneeseen. Retro-kaukoputki sopii t\u00e4ydellisesti merirosvopuvun osaksi. Retro-kaukoputki on loistava lahja merenkulun yst\u00e4v\u00e4lle, merimiehelle tai laivakapteenille. Kaukoputki on pakattu puulaatikkoon, joka n\u00e4ytt\u00e4\u00e4 aarrearkulta. Tiedot kaukoputkesta: Materiaali: messinki Kotelon v\u00e4ri: kultainen messinki Mitat: pituus avattuna 42 cmLaatikko: Materiaali: puu Mitat: 17 x 7 x 7 cm<\/p>\n","protected":false},"excerpt":{"rendered":"<p>Messinkinen kaukoputki puulaatikossa &#8211; 35609ZS&nbsp;&nbsp;Vanhan tyylinen kaukoputki on mielenkiintoinen lis\u00e4 m\u00f6kkiin, merenrantahotelliin tai englantilaistyyliseen tai kolonialistiseen ty\u00f6huoneeseen. Retro-kaukoputki sopii t\u00e4ydellisesti merirosvopuvun osaksi. Retro-kaukoputki on loistava lahja merenkulun yst\u00e4v\u00e4lle, merimiehelle tai laivakapteenille. Kaukoputki on pakattu puulaatikkoon, joka n\u00e4ytt\u00e4\u00e4 aarrearkulta. Tiedot kaukoputkesta: Materiaali: messinki Kotelon v\u00e4ri: kultainen messinki Mitat: pituus avattuna 42 cmLaatikko: Materiaali: puu Mitat: 17 [&hellip;]<\/p>\n","protected":false},"featured_media":44989,"comment_status":"open","ping_status":"closed","template":"","meta":[],"product_brand":[],"product_cat":[32],"product_tag":[],"class_list":{"0":"post-36811","1":"product","2":"type-product","3":"status-publish","4":"has-post-thumbnail","6":"product_cat-uncategorized-fi","8":"first","9":"instock","10":"shipping-taxable","11":"purchasable","12":"product-type-simple"},"_links":{"self":[{"href":"https:\/\/nordicmart.andreevmaster.com\/fi\/wp-json\/wp\/v2\/product\/36811","targetHints":{"allow":["GET"]}}],"collection":[{"href":"https:\/\/nordicmart.andreevmaster.com\/fi\/wp-json\/wp\/v2\/product"}],"about":[{"href":"https:\/\/nordicmart.andreevmaster.com\/fi\/wp-json\/wp\/v2\/types\/product"}],"replies":[{"embeddable":true,"href":"https:\/\/nordicmart.andreevmaster.com\/fi\/wp-json\/wp\/v2\/comments?post=36811"}],"wp:featuredmedia":[{"embeddable":true,"href":"https:\/\/nordicmart.andreevmaster.com\/fi\/wp-json\/wp\/v2\/media\/44989"}],"wp:attachment":[{"href":"https:\/\/nordicmart.andreevmaster.com\/fi\/wp-json\/wp\/v2\/media?parent=36811"}],"wp:term":[{"taxonomy":"product_brand","embeddable":true,"href":"https:\/\/nordicmart.andreevmaster.com\/fi\/wp-json\/wp\/v2\/product_brand?post=36811"},{"taxonomy":"product_cat","embeddable":true,"href":"https:\/\/nordicmart.andreevmaster.com\/fi\/wp-json\/wp\/v2\/product_cat?post=36811"},{"taxonomy":"product_tag","embeddable":true,"href":"https:\/\/nordicmart.andreevmaster.com\/fi\/wp-json\/wp\/v2\/product_tag?post=36811"}],"curies":[{"name":"wp","href":"https:\/\/api.w.org\/{rel}","templated":true}]}}