{"id":36810,"date":"2026-02-27T00:36:05","date_gmt":"2026-02-27T00:36:05","guid":{"rendered":"https:\/\/nordicmart.andreevmaster.com\/product\/suurennuslasi-messinkikehyksessa-puulaatikossa-mag-0502zs\/"},"modified":"2026-02-27T09:53:28","modified_gmt":"2026-02-27T09:53:28","slug":"suurennuslasi-messinkikehyksessa-puulaatikossa-mag-0502zs","status":"publish","type":"product","link":"https:\/\/nordicmart.andreevmaster.com\/fi\/tuote\/suurennuslasi-messinkikehyksessa-puulaatikossa-mag-0502zs\/","title":{"rendered":"Suurennuslasi messinkikehyksess\u00e4 puulaatikossa &#8211; MAG-0502ZS"},"content":{"rendered":"<p>Suurennuslasi messinkikehyksess\u00e4 puulaatikossa &#8211; MAG-0502ZS&nbsp;&nbsp;&nbsp;Suurennuslasi puulaatikossa lasikannella on tyylik\u00e4s ja k\u00e4yt\u00e4nn\u00f6llinen lis\u00e4varuste. Se sopii erinomaisesti osaksi ty\u00f6p\u00f6yd\u00e4n tai toimiston sisustusta.&nbsp;Se sopii hyvin lahjaksi iso\u00e4idille ja isois\u00e4lle, postimerkkien ker\u00e4ilij\u00e4lle ja kaikille, jotka ty\u00f6skentelev\u00e4t pienien yksityiskohtien parissa. Se on yhdistelm\u00e4 toiminnallisuutta ja muotoilua, joka varmasti ilahduttaa kaikkia, jotka etsiv\u00e4t ainutlaatuista ja tyylik\u00e4st\u00e4 esinett\u00e4 ymp\u00e4rist\u00f6\u00f6ns\u00e4.&nbsp;&nbsp;Tuotetiedot:&nbsp;Suurennuslasin mitat: halkaisija 10 cm, pituus 22 cm. Laatikon mitat: 25,5 x 14 cm x 5 cm Laatikko: puinen, lasikansi Suurennuslasi: messinkikehys, puukahva&nbsp;<\/p>\n","protected":false},"excerpt":{"rendered":"<p>Suurennuslasi messinkikehyksess\u00e4 puulaatikossa &#8211; MAG-0502ZS&nbsp;&nbsp;&nbsp;Suurennuslasi puulaatikossa lasikannella on tyylik\u00e4s ja k\u00e4yt\u00e4nn\u00f6llinen lis\u00e4varuste. Se sopii erinomaisesti osaksi ty\u00f6p\u00f6yd\u00e4n tai toimiston sisustusta.&nbsp;Se sopii hyvin lahjaksi iso\u00e4idille ja isois\u00e4lle, postimerkkien ker\u00e4ilij\u00e4lle ja kaikille, jotka ty\u00f6skentelev\u00e4t pienien yksityiskohtien parissa. Se on yhdistelm\u00e4 toiminnallisuutta ja muotoilua, joka varmasti ilahduttaa kaikkia, jotka etsiv\u00e4t ainutlaatuista ja tyylik\u00e4st\u00e4 esinett\u00e4 ymp\u00e4rist\u00f6\u00f6ns\u00e4.&nbsp;&nbsp;Tuotetiedot:&nbsp;Suurennuslasin mitat: halkaisija 10 [&hellip;]<\/p>\n","protected":false},"featured_media":44988,"comment_status":"open","ping_status":"closed","template":"","meta":[],"product_brand":[],"product_cat":[32],"product_tag":[],"class_list":{"0":"post-36810","1":"product","2":"type-product","3":"status-publish","4":"has-post-thumbnail","6":"product_cat-uncategorized-fi","8":"first","9":"instock","10":"shipping-taxable","11":"purchasable","12":"product-type-simple"},"_links":{"self":[{"href":"https:\/\/nordicmart.andreevmaster.com\/fi\/wp-json\/wp\/v2\/product\/36810","targetHints":{"allow":["GET"]}}],"collection":[{"href":"https:\/\/nordicmart.andreevmaster.com\/fi\/wp-json\/wp\/v2\/product"}],"about":[{"href":"https:\/\/nordicmart.andreevmaster.com\/fi\/wp-json\/wp\/v2\/types\/product"}],"replies":[{"embeddable":true,"href":"https:\/\/nordicmart.andreevmaster.com\/fi\/wp-json\/wp\/v2\/comments?post=36810"}],"wp:featuredmedia":[{"embeddable":true,"href":"https:\/\/nordicmart.andreevmaster.com\/fi\/wp-json\/wp\/v2\/media\/44988"}],"wp:attachment":[{"href":"https:\/\/nordicmart.andreevmaster.com\/fi\/wp-json\/wp\/v2\/media?parent=36810"}],"wp:term":[{"taxonomy":"product_brand","embeddable":true,"href":"https:\/\/nordicmart.andreevmaster.com\/fi\/wp-json\/wp\/v2\/product_brand?post=36810"},{"taxonomy":"product_cat","embeddable":true,"href":"https:\/\/nordicmart.andreevmaster.com\/fi\/wp-json\/wp\/v2\/product_cat?post=36810"},{"taxonomy":"product_tag","embeddable":true,"href":"https:\/\/nordicmart.andreevmaster.com\/fi\/wp-json\/wp\/v2\/product_tag?post=36810"}],"curies":[{"name":"wp","href":"https:\/\/api.w.org\/{rel}","templated":true}]}}