{"id":36809,"date":"2026-02-27T00:36:04","date_gmt":"2026-02-27T00:36:04","guid":{"rendered":"https:\/\/nordicmart.andreevmaster.com\/product\/messinkinen-kompassi-ketjulla-ja-nahka-etui-com-0470a\/"},"modified":"2026-02-27T09:53:27","modified_gmt":"2026-02-27T09:53:27","slug":"messinkinen-kompassi-ketjulla-ja-nahka-etui-com-0470a","status":"publish","type":"product","link":"https:\/\/nordicmart.andreevmaster.com\/fi\/tuote\/messinkinen-kompassi-ketjulla-ja-nahka-etui-com-0470a\/","title":{"rendered":"Messinkinen kompassi ketjulla ja nahka-etui &#8211; Com-0470A"},"content":{"rendered":"<p>Messinkinen kompassi ketjulla nahka-etui &#8211; Com-0470A&nbsp;&nbsp;&nbsp;Ketjussa oleva kompassi on loistava gadget matkailijalle tai selviytymisintoilijalle. &nbsp;Kompassi on valmistettu messingist\u00e4. Kompassin asteikko on esteettisiss\u00e4 kulta- ja mustissa v\u00e4reiss\u00e4. Magneettinen neula, jonka punainen k\u00e4rki osoittaa pohjoisen.&nbsp;Kompassi on pakattu nahkaiseen koristeelliseen koteloon, jossa se voidaan s\u00e4ilytt\u00e4\u00e4.&nbsp;&nbsp;&nbsp;Tuotetiedot:&nbsp;Mitat: kompassin halkaisija 5 cmKetjun pituus: 40 cmMateriaali: messinkiV\u00e4ri: messinkiSuojus: messinki, jossa musta teksti&nbsp;Nahkakotelo:&nbsp;Mitat: 6 x 6 x 3 cmMateriaali: nahka&nbsp;<\/p>\n","protected":false},"excerpt":{"rendered":"<p>Messinkinen kompassi ketjulla nahka-etui &#8211; Com-0470A&nbsp;&nbsp;&nbsp;Ketjussa oleva kompassi on loistava gadget matkailijalle tai selviytymisintoilijalle. &nbsp;Kompassi on valmistettu messingist\u00e4. Kompassin asteikko on esteettisiss\u00e4 kulta- ja mustissa v\u00e4reiss\u00e4. Magneettinen neula, jonka punainen k\u00e4rki osoittaa pohjoisen.&nbsp;Kompassi on pakattu nahkaiseen koristeelliseen koteloon, jossa se voidaan s\u00e4ilytt\u00e4\u00e4.&nbsp;&nbsp;&nbsp;Tuotetiedot:&nbsp;Mitat: kompassin halkaisija 5 cmKetjun pituus: 40 cmMateriaali: messinkiV\u00e4ri: messinkiSuojus: messinki, jossa musta teksti&nbsp;Nahkakotelo:&nbsp;Mitat: [&hellip;]<\/p>\n","protected":false},"featured_media":44987,"comment_status":"open","ping_status":"closed","template":"","meta":[],"product_brand":[],"product_cat":[32],"product_tag":[],"class_list":{"0":"post-36809","1":"product","2":"type-product","3":"status-publish","4":"has-post-thumbnail","6":"product_cat-uncategorized-fi","8":"first","9":"instock","10":"shipping-taxable","11":"purchasable","12":"product-type-simple"},"_links":{"self":[{"href":"https:\/\/nordicmart.andreevmaster.com\/fi\/wp-json\/wp\/v2\/product\/36809","targetHints":{"allow":["GET"]}}],"collection":[{"href":"https:\/\/nordicmart.andreevmaster.com\/fi\/wp-json\/wp\/v2\/product"}],"about":[{"href":"https:\/\/nordicmart.andreevmaster.com\/fi\/wp-json\/wp\/v2\/types\/product"}],"replies":[{"embeddable":true,"href":"https:\/\/nordicmart.andreevmaster.com\/fi\/wp-json\/wp\/v2\/comments?post=36809"}],"wp:featuredmedia":[{"embeddable":true,"href":"https:\/\/nordicmart.andreevmaster.com\/fi\/wp-json\/wp\/v2\/media\/44987"}],"wp:attachment":[{"href":"https:\/\/nordicmart.andreevmaster.com\/fi\/wp-json\/wp\/v2\/media?parent=36809"}],"wp:term":[{"taxonomy":"product_brand","embeddable":true,"href":"https:\/\/nordicmart.andreevmaster.com\/fi\/wp-json\/wp\/v2\/product_brand?post=36809"},{"taxonomy":"product_cat","embeddable":true,"href":"https:\/\/nordicmart.andreevmaster.com\/fi\/wp-json\/wp\/v2\/product_cat?post=36809"},{"taxonomy":"product_tag","embeddable":true,"href":"https:\/\/nordicmart.andreevmaster.com\/fi\/wp-json\/wp\/v2\/product_tag?post=36809"}],"curies":[{"name":"wp","href":"https:\/\/api.w.org\/{rel}","templated":true}]}}