{"id":36808,"date":"2026-02-27T00:36:04","date_gmt":"2026-02-27T00:36:04","guid":{"rendered":"https:\/\/nordicmart.andreevmaster.com\/product\/messinkinen-kompassi-dollond-puulaatikossa-sd14-2-5\/"},"modified":"2026-02-27T09:53:27","modified_gmt":"2026-02-27T09:53:27","slug":"messinkinen-kompassi-dollond-puulaatikossa-sd14-2-5","status":"publish","type":"product","link":"https:\/\/nordicmart.andreevmaster.com\/fi\/tuote\/messinkinen-kompassi-dollond-puulaatikossa-sd14-2-5\/","title":{"rendered":"Messinkinen kompassi Dollond puulaatikossa &#8211; SD14\/2.5"},"content":{"rendered":"<p>Messinkinen kompassi Dollond puulaatikossa &#8211; SD14\/2.5&nbsp;&nbsp;&nbsp;Messinkinen kompassi puulaatikossa on paitsi k\u00e4yt\u00e4nn\u00f6llinen lahja, my\u00f6s erinomainen sisustuksen elementti. Kompassi on tyylitelty vanhanaikaiseksi, joten se on luonteeltaan ainutlaatuinen.&nbsp;Laite on loistava lahja mets\u00e4st\u00e4jille, merimiehille tai matkailijoille, mutta se voi olla my\u00f6s upea lahja ty\u00f6kaverille tai pomolle \u2013 kompassina, joka on vertauskuva oikeaan suuntaan kulkemisesta.&nbsp;&nbsp;&nbsp;Tuotetiedot:&nbsp;Materiaali: messinki, puu Kompassin mitat: 7,5 x 7,5 x 3 cm Laatikon mitat: 11 x 9,5 x 4,5 cm&nbsp;<\/p>\n","protected":false},"excerpt":{"rendered":"<p>Messinkinen kompassi Dollond puulaatikossa &#8211; SD14\/2.5&nbsp;&nbsp;&nbsp;Messinkinen kompassi puulaatikossa on paitsi k\u00e4yt\u00e4nn\u00f6llinen lahja, my\u00f6s erinomainen sisustuksen elementti. Kompassi on tyylitelty vanhanaikaiseksi, joten se on luonteeltaan ainutlaatuinen.&nbsp;Laite on loistava lahja mets\u00e4st\u00e4jille, merimiehille tai matkailijoille, mutta se voi olla my\u00f6s upea lahja ty\u00f6kaverille tai pomolle \u2013 kompassina, joka on vertauskuva oikeaan suuntaan kulkemisesta.&nbsp;&nbsp;&nbsp;Tuotetiedot:&nbsp;Materiaali: messinki, puu Kompassin mitat: 7,5 [&hellip;]<\/p>\n","protected":false},"featured_media":44986,"comment_status":"open","ping_status":"closed","template":"","meta":[],"product_brand":[],"product_cat":[32],"product_tag":[],"class_list":{"0":"post-36808","1":"product","2":"type-product","3":"status-publish","4":"has-post-thumbnail","6":"product_cat-uncategorized-fi","8":"first","9":"instock","10":"shipping-taxable","11":"purchasable","12":"product-type-simple"},"_links":{"self":[{"href":"https:\/\/nordicmart.andreevmaster.com\/fi\/wp-json\/wp\/v2\/product\/36808","targetHints":{"allow":["GET"]}}],"collection":[{"href":"https:\/\/nordicmart.andreevmaster.com\/fi\/wp-json\/wp\/v2\/product"}],"about":[{"href":"https:\/\/nordicmart.andreevmaster.com\/fi\/wp-json\/wp\/v2\/types\/product"}],"replies":[{"embeddable":true,"href":"https:\/\/nordicmart.andreevmaster.com\/fi\/wp-json\/wp\/v2\/comments?post=36808"}],"wp:featuredmedia":[{"embeddable":true,"href":"https:\/\/nordicmart.andreevmaster.com\/fi\/wp-json\/wp\/v2\/media\/44986"}],"wp:attachment":[{"href":"https:\/\/nordicmart.andreevmaster.com\/fi\/wp-json\/wp\/v2\/media?parent=36808"}],"wp:term":[{"taxonomy":"product_brand","embeddable":true,"href":"https:\/\/nordicmart.andreevmaster.com\/fi\/wp-json\/wp\/v2\/product_brand?post=36808"},{"taxonomy":"product_cat","embeddable":true,"href":"https:\/\/nordicmart.andreevmaster.com\/fi\/wp-json\/wp\/v2\/product_cat?post=36808"},{"taxonomy":"product_tag","embeddable":true,"href":"https:\/\/nordicmart.andreevmaster.com\/fi\/wp-json\/wp\/v2\/product_tag?post=36808"}],"curies":[{"name":"wp","href":"https:\/\/api.w.org\/{rel}","templated":true}]}}