{"id":36807,"date":"2026-02-27T00:36:04","date_gmt":"2026-02-27T00:36:04","guid":{"rendered":"https:\/\/nordicmart.andreevmaster.com\/product\/suuri-eksklusiivinen-sekstantti-puulaatikossa-nsh73-6\/"},"modified":"2026-02-27T09:53:27","modified_gmt":"2026-02-27T09:53:27","slug":"suuri-eksklusiivinen-sekstantti-puulaatikossa-nsh73-6","status":"publish","type":"product","link":"https:\/\/nordicmart.andreevmaster.com\/fi\/tuote\/suuri-eksklusiivinen-sekstantti-puulaatikossa-nsh73-6\/","title":{"rendered":"Suuri eksklusiivinen sekstantti puulaatikossa &#8211; NSH73\/6"},"content":{"rendered":"<p>Suuri eksklusiivinen sekstantti puulaatikossa &#8211; NSH73\/6&nbsp;&nbsp;Elegantti messinkinen sekstantti puulaatikossa. Se on t\u00e4ydellinen lahja merimiehelle tai omaper\u00e4inen merihenkinen sisustustuote.&nbsp;&nbsp;Tuotetiedot:&nbsp;Sekstantin mitat: 21 x 16 x 8 cm Materiaali: messinki, puu Tyylik\u00e4s puinen laatikko Laatikon mitat: 20 x 20 x 11 cm&nbsp;&nbsp;Sekstantti \u2013 merenkulkijoiden ja t\u00e4htitieteilij\u00f6iden ty\u00f6kalu&nbsp;Sekstantti on optinen mittauslaite, jota k\u00e4ytettiin pysty- ja vaakakulmien mittaamiseen. John Hadley keksi sen vuonna 1731, ja siit\u00e4 tuli merenkulkijoiden ja t\u00e4htitieteilij\u00f6iden v\u00e4ltt\u00e4m\u00e4t\u00f6n ty\u00f6kalu.&nbsp;<\/p>\n","protected":false},"excerpt":{"rendered":"<p>Suuri eksklusiivinen sekstantti puulaatikossa &#8211; NSH73\/6&nbsp;&nbsp;Elegantti messinkinen sekstantti puulaatikossa. Se on t\u00e4ydellinen lahja merimiehelle tai omaper\u00e4inen merihenkinen sisustustuote.&nbsp;&nbsp;Tuotetiedot:&nbsp;Sekstantin mitat: 21 x 16 x 8 cm Materiaali: messinki, puu Tyylik\u00e4s puinen laatikko Laatikon mitat: 20 x 20 x 11 cm&nbsp;&nbsp;Sekstantti \u2013 merenkulkijoiden ja t\u00e4htitieteilij\u00f6iden ty\u00f6kalu&nbsp;Sekstantti on optinen mittauslaite, jota k\u00e4ytettiin pysty- ja vaakakulmien mittaamiseen. John Hadley [&hellip;]<\/p>\n","protected":false},"featured_media":44985,"comment_status":"open","ping_status":"closed","template":"","meta":[],"product_brand":[],"product_cat":[32],"product_tag":[],"class_list":{"0":"post-36807","1":"product","2":"type-product","3":"status-publish","4":"has-post-thumbnail","6":"product_cat-uncategorized-fi","8":"first","9":"instock","10":"shipping-taxable","11":"purchasable","12":"product-type-simple"},"_links":{"self":[{"href":"https:\/\/nordicmart.andreevmaster.com\/fi\/wp-json\/wp\/v2\/product\/36807","targetHints":{"allow":["GET"]}}],"collection":[{"href":"https:\/\/nordicmart.andreevmaster.com\/fi\/wp-json\/wp\/v2\/product"}],"about":[{"href":"https:\/\/nordicmart.andreevmaster.com\/fi\/wp-json\/wp\/v2\/types\/product"}],"replies":[{"embeddable":true,"href":"https:\/\/nordicmart.andreevmaster.com\/fi\/wp-json\/wp\/v2\/comments?post=36807"}],"wp:featuredmedia":[{"embeddable":true,"href":"https:\/\/nordicmart.andreevmaster.com\/fi\/wp-json\/wp\/v2\/media\/44985"}],"wp:attachment":[{"href":"https:\/\/nordicmart.andreevmaster.com\/fi\/wp-json\/wp\/v2\/media?parent=36807"}],"wp:term":[{"taxonomy":"product_brand","embeddable":true,"href":"https:\/\/nordicmart.andreevmaster.com\/fi\/wp-json\/wp\/v2\/product_brand?post=36807"},{"taxonomy":"product_cat","embeddable":true,"href":"https:\/\/nordicmart.andreevmaster.com\/fi\/wp-json\/wp\/v2\/product_cat?post=36807"},{"taxonomy":"product_tag","embeddable":true,"href":"https:\/\/nordicmart.andreevmaster.com\/fi\/wp-json\/wp\/v2\/product_tag?post=36807"}],"curies":[{"name":"wp","href":"https:\/\/api.w.org\/{rel}","templated":true}]}}