{"id":36806,"date":"2026-02-27T00:36:04","date_gmt":"2026-02-27T00:36:04","guid":{"rendered":"https:\/\/nordicmart.andreevmaster.com\/product\/sekstantti-nahkakotelossa-nslb72-4\/"},"modified":"2026-02-27T09:53:27","modified_gmt":"2026-02-27T09:53:27","slug":"sekstantti-nahkakotelossa-nslb72-4","status":"publish","type":"product","link":"https:\/\/nordicmart.andreevmaster.com\/fi\/tuote\/sekstantti-nahkakotelossa-nslb72-4\/","title":{"rendered":"Sekstantti nahkakotelossa &#8211; NSLB72\/4"},"content":{"rendered":"<p>Sekstantti nahkakotelossa &#8211; NSLB72\/4&nbsp;&nbsp;Sekstantti on navigointiv\u00e4line, jota k\u00e4ytet\u00e4\u00e4n vaakasuorien ja pystysuorien kulmien mittaamiseen. Sekstantti on laite, jota k\u00e4ytet\u00e4\u00e4n p\u00e4\u00e4asiassa purjehduksessa \u2013 merimiehet oppivat edelleen sen k\u00e4ytt\u00f6\u00e4, jotta GPS:n vikaantuessa he voivat m\u00e4\u00e4ritt\u00e4\u00e4 aluksen sijainnin taivaankappaleiden havaintojen ja mittausten perusteella. &nbsp;Sekstantti nahkakotelossa on loistava lahjaidea merimiehelle tai t\u00e4htitieteilij\u00e4lle. Se on kaunis koriste ty\u00f6huoneeseen, toimistoon tai m\u00f6kille.&nbsp;&nbsp;Tuotetiedot:&nbsp;Sekstantin mitat: 18 x 13 x 6 cmMateriaali: messinki, lasi, nahkaViimeistely: antiikkiLahjapakkaus: nahkakoteloNahkakotelon mitat: 15 x 14 x 7 cm&nbsp;<\/p>\n","protected":false},"excerpt":{"rendered":"<p>Sekstantti nahkakotelossa &#8211; NSLB72\/4&nbsp;&nbsp;Sekstantti on navigointiv\u00e4line, jota k\u00e4ytet\u00e4\u00e4n vaakasuorien ja pystysuorien kulmien mittaamiseen. Sekstantti on laite, jota k\u00e4ytet\u00e4\u00e4n p\u00e4\u00e4asiassa purjehduksessa \u2013 merimiehet oppivat edelleen sen k\u00e4ytt\u00f6\u00e4, jotta GPS:n vikaantuessa he voivat m\u00e4\u00e4ritt\u00e4\u00e4 aluksen sijainnin taivaankappaleiden havaintojen ja mittausten perusteella. &nbsp;Sekstantti nahkakotelossa on loistava lahjaidea merimiehelle tai t\u00e4htitieteilij\u00e4lle. Se on kaunis koriste ty\u00f6huoneeseen, toimistoon tai m\u00f6kille.&nbsp;&nbsp;Tuotetiedot:&nbsp;Sekstantin [&hellip;]<\/p>\n","protected":false},"featured_media":44984,"comment_status":"open","ping_status":"closed","template":"","meta":[],"product_brand":[],"product_cat":[32],"product_tag":[],"class_list":{"0":"post-36806","1":"product","2":"type-product","3":"status-publish","4":"has-post-thumbnail","6":"product_cat-uncategorized-fi","8":"first","9":"instock","10":"shipping-taxable","11":"purchasable","12":"product-type-simple"},"_links":{"self":[{"href":"https:\/\/nordicmart.andreevmaster.com\/fi\/wp-json\/wp\/v2\/product\/36806","targetHints":{"allow":["GET"]}}],"collection":[{"href":"https:\/\/nordicmart.andreevmaster.com\/fi\/wp-json\/wp\/v2\/product"}],"about":[{"href":"https:\/\/nordicmart.andreevmaster.com\/fi\/wp-json\/wp\/v2\/types\/product"}],"replies":[{"embeddable":true,"href":"https:\/\/nordicmart.andreevmaster.com\/fi\/wp-json\/wp\/v2\/comments?post=36806"}],"wp:featuredmedia":[{"embeddable":true,"href":"https:\/\/nordicmart.andreevmaster.com\/fi\/wp-json\/wp\/v2\/media\/44984"}],"wp:attachment":[{"href":"https:\/\/nordicmart.andreevmaster.com\/fi\/wp-json\/wp\/v2\/media?parent=36806"}],"wp:term":[{"taxonomy":"product_brand","embeddable":true,"href":"https:\/\/nordicmart.andreevmaster.com\/fi\/wp-json\/wp\/v2\/product_brand?post=36806"},{"taxonomy":"product_cat","embeddable":true,"href":"https:\/\/nordicmart.andreevmaster.com\/fi\/wp-json\/wp\/v2\/product_cat?post=36806"},{"taxonomy":"product_tag","embeddable":true,"href":"https:\/\/nordicmart.andreevmaster.com\/fi\/wp-json\/wp\/v2\/product_tag?post=36806"}],"curies":[{"name":"wp","href":"https:\/\/api.w.org\/{rel}","templated":true}]}}