{"id":36805,"date":"2026-02-27T00:36:03","date_gmt":"2026-02-27T00:36:03","guid":{"rendered":"https:\/\/nordicmart.andreevmaster.com\/product\/oljylamppu-retro-merihenkinen-messinki-sl10\/"},"modified":"2026-02-27T09:53:27","modified_gmt":"2026-02-27T09:53:27","slug":"oljylamppu-retro-merihenkinen-messinki-sl10","status":"publish","type":"product","link":"https:\/\/nordicmart.andreevmaster.com\/fi\/tuote\/oljylamppu-retro-merihenkinen-messinki-sl10\/","title":{"rendered":"\u00d6ljylamppu Retro &#8211; Merihenkinen &#8211; Messinki &#8211; SL10"},"content":{"rendered":"<p>\u00d6ljylamppu Retro &#8211; Merihenkinen &#8211; Messinki &#8211; SL10&nbsp;&nbsp;Retrotyylinen messinkinen \u00f6ljylamppu on t\u00e4ydellinen lis\u00e4 merihenkiseen sisustukseen. Petrolilamppu on ajaton lahja, joka ilahduttaa kaikkia merihenkisen tunnelman yst\u00e4vi\u00e4. Valmistettu messingist\u00e4.&nbsp;&nbsp;Tuotetiedot:&nbsp;Materiaali: messinki, lasiMitat: korkeus 26 cm x halkaisija 15 cmV\u00e4ri: kultaTyyli: merihenkinen, vintage\u00d6ljylamppu, avattava ylh\u00e4\u00e4lt\u00e4.T\u00e4ydellinen lis\u00e4 merihenkiseen sisustukseen&nbsp;<\/p>\n","protected":false},"excerpt":{"rendered":"<p>\u00d6ljylamppu Retro &#8211; Merihenkinen &#8211; Messinki &#8211; SL10&nbsp;&nbsp;Retrotyylinen messinkinen \u00f6ljylamppu on t\u00e4ydellinen lis\u00e4 merihenkiseen sisustukseen. Petrolilamppu on ajaton lahja, joka ilahduttaa kaikkia merihenkisen tunnelman yst\u00e4vi\u00e4. Valmistettu messingist\u00e4.&nbsp;&nbsp;Tuotetiedot:&nbsp;Materiaali: messinki, lasiMitat: korkeus 26 cm x halkaisija 15 cmV\u00e4ri: kultaTyyli: merihenkinen, vintage\u00d6ljylamppu, avattava ylh\u00e4\u00e4lt\u00e4.T\u00e4ydellinen lis\u00e4 merihenkiseen sisustukseen&nbsp;<\/p>\n","protected":false},"featured_media":44983,"comment_status":"open","ping_status":"closed","template":"","meta":[],"product_brand":[],"product_cat":[32],"product_tag":[],"class_list":{"0":"post-36805","1":"product","2":"type-product","3":"status-publish","4":"has-post-thumbnail","6":"product_cat-uncategorized-fi","8":"first","9":"instock","10":"shipping-taxable","11":"purchasable","12":"product-type-simple"},"_links":{"self":[{"href":"https:\/\/nordicmart.andreevmaster.com\/fi\/wp-json\/wp\/v2\/product\/36805","targetHints":{"allow":["GET"]}}],"collection":[{"href":"https:\/\/nordicmart.andreevmaster.com\/fi\/wp-json\/wp\/v2\/product"}],"about":[{"href":"https:\/\/nordicmart.andreevmaster.com\/fi\/wp-json\/wp\/v2\/types\/product"}],"replies":[{"embeddable":true,"href":"https:\/\/nordicmart.andreevmaster.com\/fi\/wp-json\/wp\/v2\/comments?post=36805"}],"wp:featuredmedia":[{"embeddable":true,"href":"https:\/\/nordicmart.andreevmaster.com\/fi\/wp-json\/wp\/v2\/media\/44983"}],"wp:attachment":[{"href":"https:\/\/nordicmart.andreevmaster.com\/fi\/wp-json\/wp\/v2\/media?parent=36805"}],"wp:term":[{"taxonomy":"product_brand","embeddable":true,"href":"https:\/\/nordicmart.andreevmaster.com\/fi\/wp-json\/wp\/v2\/product_brand?post=36805"},{"taxonomy":"product_cat","embeddable":true,"href":"https:\/\/nordicmart.andreevmaster.com\/fi\/wp-json\/wp\/v2\/product_cat?post=36805"},{"taxonomy":"product_tag","embeddable":true,"href":"https:\/\/nordicmart.andreevmaster.com\/fi\/wp-json\/wp\/v2\/product_tag?post=36805"}],"curies":[{"name":"wp","href":"https:\/\/api.w.org\/{rel}","templated":true}]}}