{"id":36804,"date":"2026-02-27T00:36:03","date_gmt":"2026-02-27T00:36:03","guid":{"rendered":"https:\/\/nordicmart.andreevmaster.com\/product\/nautical-retro-lamp-sl9-2\/"},"modified":"2026-02-27T09:53:26","modified_gmt":"2026-02-27T09:53:26","slug":"nautical-retro-lamp-sl9-2","status":"publish","type":"product","link":"https:\/\/nordicmart.andreevmaster.com\/fi\/tuote\/nautical-retro-lamp-sl9-2\/","title":{"rendered":"Nautical retro lamp &#8211; SL9"},"content":{"rendered":"<p>Nautical retro lamp &#8211; SL9&nbsp;&nbsp;Retro nautical lamp SL9 on tyylik\u00e4s merihenkinen sisustustuote. Metallista valmistettu lamppu j\u00e4ljittelee vanhan \u00f6ljylampun ulkon\u00e4k\u00f6\u00e4. T\u00e4ydellinen lahja merihenkisille.&nbsp;&nbsp;Tuotetiedot:&nbsp;Materiaali: metallilevy, valurautaMitat: korkeus 34 cm x halkaisija 16 cmV\u00e4ri: tyylitelty vanha messinki.\u00d6ljylamppu, avautuu ylh\u00e4\u00e4lt\u00e4. T\u00e4ydellinen lis\u00e4 merihenkiseen sisustukseen.&nbsp;<\/p>\n","protected":false},"excerpt":{"rendered":"<p>Nautical retro lamp &#8211; SL9&nbsp;&nbsp;Retro nautical lamp SL9 on tyylik\u00e4s merihenkinen sisustustuote. Metallista valmistettu lamppu j\u00e4ljittelee vanhan \u00f6ljylampun ulkon\u00e4k\u00f6\u00e4. T\u00e4ydellinen lahja merihenkisille.&nbsp;&nbsp;Tuotetiedot:&nbsp;Materiaali: metallilevy, valurautaMitat: korkeus 34 cm x halkaisija 16 cmV\u00e4ri: tyylitelty vanha messinki.\u00d6ljylamppu, avautuu ylh\u00e4\u00e4lt\u00e4. T\u00e4ydellinen lis\u00e4 merihenkiseen sisustukseen.&nbsp;<\/p>\n","protected":false},"featured_media":44982,"comment_status":"open","ping_status":"closed","template":"","meta":[],"product_brand":[],"product_cat":[32],"product_tag":[],"class_list":{"0":"post-36804","1":"product","2":"type-product","3":"status-publish","4":"has-post-thumbnail","6":"product_cat-uncategorized-fi","8":"first","9":"instock","10":"shipping-taxable","11":"purchasable","12":"product-type-simple"},"_links":{"self":[{"href":"https:\/\/nordicmart.andreevmaster.com\/fi\/wp-json\/wp\/v2\/product\/36804","targetHints":{"allow":["GET"]}}],"collection":[{"href":"https:\/\/nordicmart.andreevmaster.com\/fi\/wp-json\/wp\/v2\/product"}],"about":[{"href":"https:\/\/nordicmart.andreevmaster.com\/fi\/wp-json\/wp\/v2\/types\/product"}],"replies":[{"embeddable":true,"href":"https:\/\/nordicmart.andreevmaster.com\/fi\/wp-json\/wp\/v2\/comments?post=36804"}],"wp:featuredmedia":[{"embeddable":true,"href":"https:\/\/nordicmart.andreevmaster.com\/fi\/wp-json\/wp\/v2\/media\/44982"}],"wp:attachment":[{"href":"https:\/\/nordicmart.andreevmaster.com\/fi\/wp-json\/wp\/v2\/media?parent=36804"}],"wp:term":[{"taxonomy":"product_brand","embeddable":true,"href":"https:\/\/nordicmart.andreevmaster.com\/fi\/wp-json\/wp\/v2\/product_brand?post=36804"},{"taxonomy":"product_cat","embeddable":true,"href":"https:\/\/nordicmart.andreevmaster.com\/fi\/wp-json\/wp\/v2\/product_cat?post=36804"},{"taxonomy":"product_tag","embeddable":true,"href":"https:\/\/nordicmart.andreevmaster.com\/fi\/wp-json\/wp\/v2\/product_tag?post=36804"}],"curies":[{"name":"wp","href":"https:\/\/api.w.org\/{rel}","templated":true}]}}