{"id":36803,"date":"2026-02-27T00:36:03","date_gmt":"2026-02-27T00:36:03","guid":{"rendered":"https:\/\/nordicmart.andreevmaster.com\/product\/pyorailija-hahmo-vb26-9\/"},"modified":"2026-02-27T09:53:26","modified_gmt":"2026-02-27T09:53:26","slug":"pyorailija-hahmo-vb26-9","status":"publish","type":"product","link":"https:\/\/nordicmart.andreevmaster.com\/fi\/tuote\/pyorailija-hahmo-vb26-9\/","title":{"rendered":"Py\u00f6r\u00e4ilij\u00e4 &#8211; hahmo &#8211; VB26\/9"},"content":{"rendered":"<p>Py\u00f6r\u00e4ilij\u00e4 &#8211; hahmo &#8211; VB26\/9&nbsp;&nbsp;Py\u00f6r\u00e4ilij\u00e4-hahmo on lahjaidea py\u00f6r\u00e4ilyn yst\u00e4ville. Moderni, minimalistinen hahmo sopii koristeeksi sek\u00e4 klassisiin ett\u00e4 teolliseen tyyliin sisustettuihin huoneisiin. Se on tyylik\u00e4s lahja py\u00f6r\u00e4ilij\u00e4lle ja py\u00f6r\u00e4ilykilpailujen ja py\u00f6r\u00e4retkien yst\u00e4v\u00e4lle. Tuotetiedot: Materiaali: metalli Jalusta: puu V\u00e4ri: messinki, musta Mitat: korkeus 18 cm x leveys 19 cm x syvyys 8 cm<\/p>\n","protected":false},"excerpt":{"rendered":"<p>Py\u00f6r\u00e4ilij\u00e4 &#8211; hahmo &#8211; VB26\/9&nbsp;&nbsp;Py\u00f6r\u00e4ilij\u00e4-hahmo on lahjaidea py\u00f6r\u00e4ilyn yst\u00e4ville. Moderni, minimalistinen hahmo sopii koristeeksi sek\u00e4 klassisiin ett\u00e4 teolliseen tyyliin sisustettuihin huoneisiin. Se on tyylik\u00e4s lahja py\u00f6r\u00e4ilij\u00e4lle ja py\u00f6r\u00e4ilykilpailujen ja py\u00f6r\u00e4retkien yst\u00e4v\u00e4lle. Tuotetiedot: Materiaali: metalli Jalusta: puu V\u00e4ri: messinki, musta Mitat: korkeus 18 cm x leveys 19 cm x syvyys 8 cm<\/p>\n","protected":false},"featured_media":44981,"comment_status":"open","ping_status":"closed","template":"","meta":[],"product_brand":[],"product_cat":[32],"product_tag":[],"class_list":{"0":"post-36803","1":"product","2":"type-product","3":"status-publish","4":"has-post-thumbnail","6":"product_cat-uncategorized-fi","8":"first","9":"instock","10":"shipping-taxable","11":"purchasable","12":"product-type-simple"},"_links":{"self":[{"href":"https:\/\/nordicmart.andreevmaster.com\/fi\/wp-json\/wp\/v2\/product\/36803","targetHints":{"allow":["GET"]}}],"collection":[{"href":"https:\/\/nordicmart.andreevmaster.com\/fi\/wp-json\/wp\/v2\/product"}],"about":[{"href":"https:\/\/nordicmart.andreevmaster.com\/fi\/wp-json\/wp\/v2\/types\/product"}],"replies":[{"embeddable":true,"href":"https:\/\/nordicmart.andreevmaster.com\/fi\/wp-json\/wp\/v2\/comments?post=36803"}],"wp:featuredmedia":[{"embeddable":true,"href":"https:\/\/nordicmart.andreevmaster.com\/fi\/wp-json\/wp\/v2\/media\/44981"}],"wp:attachment":[{"href":"https:\/\/nordicmart.andreevmaster.com\/fi\/wp-json\/wp\/v2\/media?parent=36803"}],"wp:term":[{"taxonomy":"product_brand","embeddable":true,"href":"https:\/\/nordicmart.andreevmaster.com\/fi\/wp-json\/wp\/v2\/product_brand?post=36803"},{"taxonomy":"product_cat","embeddable":true,"href":"https:\/\/nordicmart.andreevmaster.com\/fi\/wp-json\/wp\/v2\/product_cat?post=36803"},{"taxonomy":"product_tag","embeddable":true,"href":"https:\/\/nordicmart.andreevmaster.com\/fi\/wp-json\/wp\/v2\/product_tag?post=36803"}],"curies":[{"name":"wp","href":"https:\/\/api.w.org\/{rel}","templated":true}]}}