{"id":36802,"date":"2026-02-27T00:36:03","date_gmt":"2026-02-27T00:36:03","guid":{"rendered":"https:\/\/nordicmart.andreevmaster.com\/product\/messinkinen-astrolabi-korkeus-21-cm-amg140\/"},"modified":"2026-02-27T09:53:26","modified_gmt":"2026-02-27T09:53:26","slug":"messinkinen-astrolabi-korkeus-21-cm-amg140","status":"publish","type":"product","link":"https:\/\/nordicmart.andreevmaster.com\/fi\/tuote\/messinkinen-astrolabi-korkeus-21-cm-amg140\/","title":{"rendered":"Messinkinen astrolabi &#8211; Korkeus 21 cm &#8211; AMG140"},"content":{"rendered":"<p>Messinkinen astrolabi &#8211; Korkeus 21 cm &#8211; AMG140&nbsp;&nbsp;&nbsp;Elegantti messinkinen astrolabi puupohjalla. Astrolabi on t\u00e4htitieteellinen instrumentti, joka symboloi ihmisen uteliaisuutta, tieteellist\u00e4 kunnianhimoa ja ihmiskunnan pyrkimyst\u00e4 ymm\u00e4rt\u00e4\u00e4 maailmankaikkeutta. Ihanteellinen lahja t\u00e4htitieteen harrastajille tai omaper\u00e4inen koriste ty\u00f6huoneeseen tai olohuoneeseen.&nbsp;&nbsp;&nbsp;Tuotetiedot:&nbsp;Materiaali: messinki, puuV\u00e4ri: kultaMitat: korkeus 21 cm, halkaisija 14 cm&nbsp;&nbsp;Sopii erinomaisesti: Lahjaksi astrofyysikolle Lahjaksi tiedefanille Tyylikk\u00e4\u00e4ksi koristeeksi ty\u00f6huoneeseen Koristeeksi avaruuden yst\u00e4v\u00e4n olohuoneeseen Lahjaksi opettajalle<\/p>\n","protected":false},"excerpt":{"rendered":"<p>Messinkinen astrolabi &#8211; Korkeus 21 cm &#8211; AMG140&nbsp;&nbsp;&nbsp;Elegantti messinkinen astrolabi puupohjalla. Astrolabi on t\u00e4htitieteellinen instrumentti, joka symboloi ihmisen uteliaisuutta, tieteellist\u00e4 kunnianhimoa ja ihmiskunnan pyrkimyst\u00e4 ymm\u00e4rt\u00e4\u00e4 maailmankaikkeutta. Ihanteellinen lahja t\u00e4htitieteen harrastajille tai omaper\u00e4inen koriste ty\u00f6huoneeseen tai olohuoneeseen.&nbsp;&nbsp;&nbsp;Tuotetiedot:&nbsp;Materiaali: messinki, puuV\u00e4ri: kultaMitat: korkeus 21 cm, halkaisija 14 cm&nbsp;&nbsp;Sopii erinomaisesti: Lahjaksi astrofyysikolle Lahjaksi tiedefanille Tyylikk\u00e4\u00e4ksi koristeeksi ty\u00f6huoneeseen Koristeeksi avaruuden [&hellip;]<\/p>\n","protected":false},"featured_media":44980,"comment_status":"open","ping_status":"closed","template":"","meta":[],"product_brand":[],"product_cat":[32],"product_tag":[],"class_list":{"0":"post-36802","1":"product","2":"type-product","3":"status-publish","4":"has-post-thumbnail","6":"product_cat-uncategorized-fi","8":"first","9":"instock","10":"shipping-taxable","11":"purchasable","12":"product-type-simple"},"_links":{"self":[{"href":"https:\/\/nordicmart.andreevmaster.com\/fi\/wp-json\/wp\/v2\/product\/36802","targetHints":{"allow":["GET"]}}],"collection":[{"href":"https:\/\/nordicmart.andreevmaster.com\/fi\/wp-json\/wp\/v2\/product"}],"about":[{"href":"https:\/\/nordicmart.andreevmaster.com\/fi\/wp-json\/wp\/v2\/types\/product"}],"replies":[{"embeddable":true,"href":"https:\/\/nordicmart.andreevmaster.com\/fi\/wp-json\/wp\/v2\/comments?post=36802"}],"wp:featuredmedia":[{"embeddable":true,"href":"https:\/\/nordicmart.andreevmaster.com\/fi\/wp-json\/wp\/v2\/media\/44980"}],"wp:attachment":[{"href":"https:\/\/nordicmart.andreevmaster.com\/fi\/wp-json\/wp\/v2\/media?parent=36802"}],"wp:term":[{"taxonomy":"product_brand","embeddable":true,"href":"https:\/\/nordicmart.andreevmaster.com\/fi\/wp-json\/wp\/v2\/product_brand?post=36802"},{"taxonomy":"product_cat","embeddable":true,"href":"https:\/\/nordicmart.andreevmaster.com\/fi\/wp-json\/wp\/v2\/product_cat?post=36802"},{"taxonomy":"product_tag","embeddable":true,"href":"https:\/\/nordicmart.andreevmaster.com\/fi\/wp-json\/wp\/v2\/product_tag?post=36802"}],"curies":[{"name":"wp","href":"https:\/\/api.w.org\/{rel}","templated":true}]}}