{"id":36801,"date":"2026-02-27T00:36:02","date_gmt":"2026-02-27T00:36:02","guid":{"rendered":"https:\/\/nordicmart.andreevmaster.com\/product\/minikitarra-taylor-swift-mgt-9064\/"},"modified":"2026-02-27T09:53:26","modified_gmt":"2026-02-27T09:53:26","slug":"minikitarra-taylor-swift-mgt-9064","status":"publish","type":"product","link":"https:\/\/nordicmart.andreevmaster.com\/fi\/tuote\/minikitarra-taylor-swift-mgt-9064\/","title":{"rendered":"Minikitarra &#8211; Taylor Swift &#8211; MGT-9064"},"content":{"rendered":"<p>Minikitarra &#8211; Taylor Swift &#8211; MGT-9064 &nbsp;&nbsp;Tuotetiedot:&nbsp;K\u00e4sintehtyMateriaali: MahonkiMitat: korkeus 24,5 cm Mittakaava 1:4Ker\u00e4ilykohdePakkaus: l\u00e4pipainopakkausKitarateline mukanaKitaralla ei voi soittaa &#8211; se on koriste-esineLahja Taylor Swift -fanille&nbsp;Myyj\u00e4 ei ole mill\u00e4\u00e4n tavalla sidoksissa todellisten soittimien valmistajiin tai yksitt\u00e4isiin artisteihin. Mallien tai artistien nimet ovat esimerkkej\u00e4. &nbsp;Mik\u00e4\u00e4n soittimista ei ole mittasuhteiltaan, kooltaan tai muotoilultaan tarkka kopio.&nbsp;<\/p>\n","protected":false},"excerpt":{"rendered":"<p>Minikitarra &#8211; Taylor Swift &#8211; MGT-9064 &nbsp;&nbsp;Tuotetiedot:&nbsp;K\u00e4sintehtyMateriaali: MahonkiMitat: korkeus 24,5 cm Mittakaava 1:4Ker\u00e4ilykohdePakkaus: l\u00e4pipainopakkausKitarateline mukanaKitaralla ei voi soittaa &#8211; se on koriste-esineLahja Taylor Swift -fanille&nbsp;Myyj\u00e4 ei ole mill\u00e4\u00e4n tavalla sidoksissa todellisten soittimien valmistajiin tai yksitt\u00e4isiin artisteihin. Mallien tai artistien nimet ovat esimerkkej\u00e4. &nbsp;Mik\u00e4\u00e4n soittimista ei ole mittasuhteiltaan, kooltaan tai muotoilultaan tarkka kopio.&nbsp;<\/p>\n","protected":false},"featured_media":44979,"comment_status":"open","ping_status":"closed","template":"","meta":[],"product_brand":[],"product_cat":[32],"product_tag":[],"class_list":{"0":"post-36801","1":"product","2":"type-product","3":"status-publish","4":"has-post-thumbnail","6":"product_cat-uncategorized-fi","8":"first","9":"instock","10":"shipping-taxable","11":"purchasable","12":"product-type-simple"},"_links":{"self":[{"href":"https:\/\/nordicmart.andreevmaster.com\/fi\/wp-json\/wp\/v2\/product\/36801","targetHints":{"allow":["GET"]}}],"collection":[{"href":"https:\/\/nordicmart.andreevmaster.com\/fi\/wp-json\/wp\/v2\/product"}],"about":[{"href":"https:\/\/nordicmart.andreevmaster.com\/fi\/wp-json\/wp\/v2\/types\/product"}],"replies":[{"embeddable":true,"href":"https:\/\/nordicmart.andreevmaster.com\/fi\/wp-json\/wp\/v2\/comments?post=36801"}],"wp:featuredmedia":[{"embeddable":true,"href":"https:\/\/nordicmart.andreevmaster.com\/fi\/wp-json\/wp\/v2\/media\/44979"}],"wp:attachment":[{"href":"https:\/\/nordicmart.andreevmaster.com\/fi\/wp-json\/wp\/v2\/media?parent=36801"}],"wp:term":[{"taxonomy":"product_brand","embeddable":true,"href":"https:\/\/nordicmart.andreevmaster.com\/fi\/wp-json\/wp\/v2\/product_brand?post=36801"},{"taxonomy":"product_cat","embeddable":true,"href":"https:\/\/nordicmart.andreevmaster.com\/fi\/wp-json\/wp\/v2\/product_cat?post=36801"},{"taxonomy":"product_tag","embeddable":true,"href":"https:\/\/nordicmart.andreevmaster.com\/fi\/wp-json\/wp\/v2\/product_tag?post=36801"}],"curies":[{"name":"wp","href":"https:\/\/api.w.org\/{rel}","templated":true}]}}