{"id":36800,"date":"2026-02-27T00:36:02","date_gmt":"2026-02-27T00:36:02","guid":{"rendered":"https:\/\/nordicmart.andreevmaster.com\/product\/kultaiset-koriste-esineet-tanssija-vir2\/"},"modified":"2026-02-27T09:53:26","modified_gmt":"2026-02-27T09:53:26","slug":"kultaiset-koriste-esineet-tanssija-vir2","status":"publish","type":"product","link":"https:\/\/nordicmart.andreevmaster.com\/fi\/tuote\/kultaiset-koriste-esineet-tanssija-vir2\/","title":{"rendered":"Kultaiset koriste-esineet Tanssija VIR2"},"content":{"rendered":"<p>Kultaiset koriste-esineet Tanssija VIR2&nbsp;&nbsp;&nbsp;Tanssi on ilmaisun taidetta, se on vapautta ja ylevyytt\u00e4. Se on toisinaan metafora taivaankappaleiden liikkeest\u00e4, toisinaan syd\u00e4nt\u00e4 koskettava liikuttava tarina. Tanssi on tietysti vuosien ty\u00f6n tulos, joka ansaitsee arvostusta. VIR-koriste-esine on tarkoitettu niille, jotka j\u00e4tt\u00e4v\u00e4t syd\u00e4mens\u00e4 n\u00e4ytt\u00e4m\u00f6ille ja tanssilavoille. Patsas kuvaa tanssivaa naista, balettitanssijaa, jonka hameen helma ei ole mill\u00e4\u00e4n tavalla h\u00e4iriintynyt. Se on ainutlaatuinen lahja tanssijalle, balerinille tai neitsyt-horoskooppimerkille. Se sopii hyvin tanssikilpailun voittajan palkinnoksi, joka saa kunniapaikan kodin vitriiniss\u00e4. Tuotetiedot: Alumiinista valmistettu hahmo Mitat: 28x20x7 cm<\/p>\n","protected":false},"excerpt":{"rendered":"<p>Kultaiset koriste-esineet Tanssija VIR2&nbsp;&nbsp;&nbsp;Tanssi on ilmaisun taidetta, se on vapautta ja ylevyytt\u00e4. Se on toisinaan metafora taivaankappaleiden liikkeest\u00e4, toisinaan syd\u00e4nt\u00e4 koskettava liikuttava tarina. Tanssi on tietysti vuosien ty\u00f6n tulos, joka ansaitsee arvostusta. VIR-koriste-esine on tarkoitettu niille, jotka j\u00e4tt\u00e4v\u00e4t syd\u00e4mens\u00e4 n\u00e4ytt\u00e4m\u00f6ille ja tanssilavoille. Patsas kuvaa tanssivaa naista, balettitanssijaa, jonka hameen helma ei ole mill\u00e4\u00e4n tavalla h\u00e4iriintynyt. [&hellip;]<\/p>\n","protected":false},"featured_media":44978,"comment_status":"open","ping_status":"closed","template":"","meta":[],"product_brand":[],"product_cat":[32],"product_tag":[],"class_list":{"0":"post-36800","1":"product","2":"type-product","3":"status-publish","4":"has-post-thumbnail","6":"product_cat-uncategorized-fi","8":"first","9":"instock","10":"shipping-taxable","11":"purchasable","12":"product-type-simple"},"_links":{"self":[{"href":"https:\/\/nordicmart.andreevmaster.com\/fi\/wp-json\/wp\/v2\/product\/36800","targetHints":{"allow":["GET"]}}],"collection":[{"href":"https:\/\/nordicmart.andreevmaster.com\/fi\/wp-json\/wp\/v2\/product"}],"about":[{"href":"https:\/\/nordicmart.andreevmaster.com\/fi\/wp-json\/wp\/v2\/types\/product"}],"replies":[{"embeddable":true,"href":"https:\/\/nordicmart.andreevmaster.com\/fi\/wp-json\/wp\/v2\/comments?post=36800"}],"wp:featuredmedia":[{"embeddable":true,"href":"https:\/\/nordicmart.andreevmaster.com\/fi\/wp-json\/wp\/v2\/media\/44978"}],"wp:attachment":[{"href":"https:\/\/nordicmart.andreevmaster.com\/fi\/wp-json\/wp\/v2\/media?parent=36800"}],"wp:term":[{"taxonomy":"product_brand","embeddable":true,"href":"https:\/\/nordicmart.andreevmaster.com\/fi\/wp-json\/wp\/v2\/product_brand?post=36800"},{"taxonomy":"product_cat","embeddable":true,"href":"https:\/\/nordicmart.andreevmaster.com\/fi\/wp-json\/wp\/v2\/product_cat?post=36800"},{"taxonomy":"product_tag","embeddable":true,"href":"https:\/\/nordicmart.andreevmaster.com\/fi\/wp-json\/wp\/v2\/product_tag?post=36800"}],"curies":[{"name":"wp","href":"https:\/\/api.w.org\/{rel}","templated":true}]}}