{"id":36799,"date":"2026-02-27T00:36:02","date_gmt":"2026-02-27T00:36:02","guid":{"rendered":"https:\/\/nordicmart.andreevmaster.com\/product\/jimmy-page-minikitarra-kehyksessa-fmg-012\/"},"modified":"2026-02-27T09:53:25","modified_gmt":"2026-02-27T09:53:25","slug":"jimmy-page-minikitarra-kehyksessa-fmg-012","status":"publish","type":"product","link":"https:\/\/nordicmart.andreevmaster.com\/fi\/tuote\/jimmy-page-minikitarra-kehyksessa-fmg-012\/","title":{"rendered":"Jimmy Page -minikitarra kehyksess\u00e4 FMG-012"},"content":{"rendered":"<p>Jimmy Page -minikitarra kehyksess\u00e4 FMG-012Led Zeppelin -yhtyeen Jimmy Pagen ty\u00f6st\u00e4 inspiraationsa saanut minikitarra on musiikillinen gadget, joka vetoaa legendaarisen brittil\u00e4isen yhtyeen faneihin. Se on loistava lahja hard rock -musiikin yst\u00e4v\u00e4lle, Zeppelin-fanille tai kitaravirtuoosille. Kitaran sis\u00e4lt\u00e4v\u00e4 kehys voidaan ripustaa sein\u00e4lle tai asettaa p\u00f6yd\u00e4lle.&nbsp;Minikitarra on valmistettu ter\u00e4ksest\u00e4. Puukehys. Ker\u00e4ilykohde. Kitara ei ole lelu. Ei soi.&nbsp;Mini Jimmy Page -kitarakehys FMG-012 tekniset tiedot:&nbsp;&bull; Kehyksen mitat: 1,3 cm x 16 cm x 21,4 cm&bull; Materiaali: puu, ter\u00e4s (kitara)&bull; V\u00e4ri: moniv\u00e4rinen&bull; Kehys voidaan ripustaa tai asettaa pystyyn.&nbsp;Kehyksess\u00e4 oleva Jimmy Page -minikitarra sopii erinomaisesti:&nbsp;&bull; Lahjaksi Led Zeppelin -fanille&bull; Gadgetiksi kitaristille&bull; Lahjaksi kitaravirtuoosille&bull; Musiikilliseksi sein\u00e4koristeeksi&bull; Musiikilliseksi koristeeksi ty\u00f6p\u00f6yd\u00e4lle&nbsp;Huomio! Myyj\u00e4 ei ole mill\u00e4\u00e4n tavalla yhteydess\u00e4 todellisten instrumenttien valmistajiin tai yksitt\u00e4isiin artisteihin. Mallien nimet tai artistien nimet ovat esimerkillisi\u00e4. Kuuluisat nimet palvelevat vain tietyn musiikkityylin esittelemist\u00e4. Mik\u00e4\u00e4n soittimista ei ole tarkka kopio mittasuhteiden, koon ja muotoilun suhteen.&nbsp;&nbsp;<\/p>\n","protected":false},"excerpt":{"rendered":"<p>Jimmy Page -minikitarra kehyksess\u00e4 FMG-012Led Zeppelin -yhtyeen Jimmy Pagen ty\u00f6st\u00e4 inspiraationsa saanut minikitarra on musiikillinen gadget, joka vetoaa legendaarisen brittil\u00e4isen yhtyeen faneihin. Se on loistava lahja hard rock -musiikin yst\u00e4v\u00e4lle, Zeppelin-fanille tai kitaravirtuoosille. Kitaran sis\u00e4lt\u00e4v\u00e4 kehys voidaan ripustaa sein\u00e4lle tai asettaa p\u00f6yd\u00e4lle.&nbsp;Minikitarra on valmistettu ter\u00e4ksest\u00e4. Puukehys. Ker\u00e4ilykohde. Kitara ei ole lelu. Ei soi.&nbsp;Mini Jimmy Page [&hellip;]<\/p>\n","protected":false},"featured_media":44977,"comment_status":"open","ping_status":"closed","template":"","meta":[],"product_brand":[],"product_cat":[32],"product_tag":[],"class_list":{"0":"post-36799","1":"product","2":"type-product","3":"status-publish","4":"has-post-thumbnail","6":"product_cat-uncategorized-fi","8":"first","9":"instock","10":"shipping-taxable","11":"purchasable","12":"product-type-simple"},"_links":{"self":[{"href":"https:\/\/nordicmart.andreevmaster.com\/fi\/wp-json\/wp\/v2\/product\/36799","targetHints":{"allow":["GET"]}}],"collection":[{"href":"https:\/\/nordicmart.andreevmaster.com\/fi\/wp-json\/wp\/v2\/product"}],"about":[{"href":"https:\/\/nordicmart.andreevmaster.com\/fi\/wp-json\/wp\/v2\/types\/product"}],"replies":[{"embeddable":true,"href":"https:\/\/nordicmart.andreevmaster.com\/fi\/wp-json\/wp\/v2\/comments?post=36799"}],"wp:featuredmedia":[{"embeddable":true,"href":"https:\/\/nordicmart.andreevmaster.com\/fi\/wp-json\/wp\/v2\/media\/44977"}],"wp:attachment":[{"href":"https:\/\/nordicmart.andreevmaster.com\/fi\/wp-json\/wp\/v2\/media?parent=36799"}],"wp:term":[{"taxonomy":"product_brand","embeddable":true,"href":"https:\/\/nordicmart.andreevmaster.com\/fi\/wp-json\/wp\/v2\/product_brand?post=36799"},{"taxonomy":"product_cat","embeddable":true,"href":"https:\/\/nordicmart.andreevmaster.com\/fi\/wp-json\/wp\/v2\/product_cat?post=36799"},{"taxonomy":"product_tag","embeddable":true,"href":"https:\/\/nordicmart.andreevmaster.com\/fi\/wp-json\/wp\/v2\/product_tag?post=36799"}],"curies":[{"name":"wp","href":"https:\/\/api.w.org\/{rel}","templated":true}]}}