{"id":36798,"date":"2026-02-27T00:36:02","date_gmt":"2026-02-27T00:36:02","guid":{"rendered":"https:\/\/nordicmart.andreevmaster.com\/product\/jimmy-page-kaksoiskaulainen-minikitarra-kehyksessa-fmg-011\/"},"modified":"2026-02-27T09:53:25","modified_gmt":"2026-02-27T09:53:25","slug":"jimmy-page-kaksoiskaulainen-minikitarra-kehyksessa-fmg-011","status":"publish","type":"product","link":"https:\/\/nordicmart.andreevmaster.com\/fi\/tuote\/jimmy-page-kaksoiskaulainen-minikitarra-kehyksessa-fmg-011\/","title":{"rendered":"Jimmy Page -kaksoiskaulainen minikitarra kehyksess\u00e4 FMG-011"},"content":{"rendered":"<p>Jimmy Page -kaksoiskaulainen minikitarra kehyksess\u00e4 FMG-011&nbsp;Led Zeppelin -yhtyeen Jimmy Pagen k\u00e4ytt\u00e4m\u00e4st\u00e4 legendaarisesta kaksoiskaulaisesta kitarasta inspiraationsa saanut minikitarra on musiikillinen gadget, joka vetoaa ikonisen brittil\u00e4isen yhtyeen faneihin. Se on loistava lahja hard rockin pioneerien yst\u00e4ville, Zeppelin-faneille ja kitaravirtuooseille. Kehystetty kitara sopii koristeeksi sek\u00e4 sein\u00e4lle ett\u00e4 muusikon ty\u00f6p\u00f6yd\u00e4lle.&nbsp;Minikitara on valmistettu ter\u00e4ksest\u00e4. Puukehys. Ker\u00e4ilykohde. Kitara ei ole lelu. Ei soi.&nbsp;Jimmy Page -kaksikaulainen minikitara kehyksess\u00e4 FMG-011 tekniset tiedot:&nbsp;&bull; Kehyksen mitat: 1,3 cm x 16 cm x 21,4 cm&bull; Materiaali: puu, ter\u00e4s (kitara)&bull; V\u00e4ri: moniv\u00e4rinen&bull; Kehys voidaan ripustaa tai asettaa esimerkiksi hyllylle &nbsp;Jimmy Page -kaksoiskaulainen minikitarra kehyksess\u00e4 FMG-011 sopii erinomaisesti:&nbsp;&bull; Lahjaksi Jimmy Page -fanille&bull; Gadgetiksi kitaristille&bull; Lahjaksi kitaravirtuoosille&bull; Musiikilliseksi sein\u00e4koristeeksi&bull; Musiikilliseksi p\u00f6yt\u00e4koristeeksi&nbsp;Huomio! Myyj\u00e4 ei ole mill\u00e4\u00e4n tavalla yhteydess\u00e4 todellisten instrumenttien valmistajiin tai yksitt\u00e4isiin artisteihin. Mallien nimet tai artistien nimet ovat esimerkillisi\u00e4. Kuuluisat nimet palvelevat vain tietyn musiikkityylin esittelemist\u00e4. Mik\u00e4\u00e4n instrumenteista ei ole tarkka kopio mittasuhteiden, koon ja muotoilun suhteen.&nbsp;&nbsp;<\/p>\n","protected":false},"excerpt":{"rendered":"<p>Jimmy Page -kaksoiskaulainen minikitarra kehyksess\u00e4 FMG-011&nbsp;Led Zeppelin -yhtyeen Jimmy Pagen k\u00e4ytt\u00e4m\u00e4st\u00e4 legendaarisesta kaksoiskaulaisesta kitarasta inspiraationsa saanut minikitarra on musiikillinen gadget, joka vetoaa ikonisen brittil\u00e4isen yhtyeen faneihin. Se on loistava lahja hard rockin pioneerien yst\u00e4ville, Zeppelin-faneille ja kitaravirtuooseille. Kehystetty kitara sopii koristeeksi sek\u00e4 sein\u00e4lle ett\u00e4 muusikon ty\u00f6p\u00f6yd\u00e4lle.&nbsp;Minikitara on valmistettu ter\u00e4ksest\u00e4. Puukehys. Ker\u00e4ilykohde. Kitara ei ole lelu. [&hellip;]<\/p>\n","protected":false},"featured_media":44976,"comment_status":"open","ping_status":"closed","template":"","meta":[],"product_brand":[],"product_cat":[32],"product_tag":[],"class_list":{"0":"post-36798","1":"product","2":"type-product","3":"status-publish","4":"has-post-thumbnail","6":"product_cat-uncategorized-fi","8":"first","9":"instock","10":"shipping-taxable","11":"purchasable","12":"product-type-simple"},"_links":{"self":[{"href":"https:\/\/nordicmart.andreevmaster.com\/fi\/wp-json\/wp\/v2\/product\/36798","targetHints":{"allow":["GET"]}}],"collection":[{"href":"https:\/\/nordicmart.andreevmaster.com\/fi\/wp-json\/wp\/v2\/product"}],"about":[{"href":"https:\/\/nordicmart.andreevmaster.com\/fi\/wp-json\/wp\/v2\/types\/product"}],"replies":[{"embeddable":true,"href":"https:\/\/nordicmart.andreevmaster.com\/fi\/wp-json\/wp\/v2\/comments?post=36798"}],"wp:featuredmedia":[{"embeddable":true,"href":"https:\/\/nordicmart.andreevmaster.com\/fi\/wp-json\/wp\/v2\/media\/44976"}],"wp:attachment":[{"href":"https:\/\/nordicmart.andreevmaster.com\/fi\/wp-json\/wp\/v2\/media?parent=36798"}],"wp:term":[{"taxonomy":"product_brand","embeddable":true,"href":"https:\/\/nordicmart.andreevmaster.com\/fi\/wp-json\/wp\/v2\/product_brand?post=36798"},{"taxonomy":"product_cat","embeddable":true,"href":"https:\/\/nordicmart.andreevmaster.com\/fi\/wp-json\/wp\/v2\/product_cat?post=36798"},{"taxonomy":"product_tag","embeddable":true,"href":"https:\/\/nordicmart.andreevmaster.com\/fi\/wp-json\/wp\/v2\/product_tag?post=36798"}],"curies":[{"name":"wp","href":"https:\/\/api.w.org\/{rel}","templated":true}]}}