{"id":36796,"date":"2026-02-27T00:36:01","date_gmt":"2026-02-27T00:36:01","guid":{"rendered":"https:\/\/nordicmart.andreevmaster.com\/product\/kultakoriste-sulka-307-cm-43933fjh\/"},"modified":"2026-02-27T09:53:25","modified_gmt":"2026-02-27T09:53:25","slug":"kultakoriste-sulka-307-cm-43933fjh","status":"publish","type":"product","link":"https:\/\/nordicmart.andreevmaster.com\/fi\/tuote\/kultakoriste-sulka-307-cm-43933fjh\/","title":{"rendered":"Kultakoriste &#8211; Sulka &#8211; 30,7 cm &#8211; 43933FJH"},"content":{"rendered":"<p>Kultaiset koristeet &#8211; Sulka &#8211; 30,7 cm &#8211; 43933FJH&nbsp;&nbsp;Elegantti kultainen sulka, joka tuo tyylikk\u00e4\u00e4n lis\u00e4n mihin tahansa sisustukseen. Ihanteellinen niille, jotka arvostavat omaper\u00e4isi\u00e4 koristeita. Se on t\u00e4ydellinen lis\u00e4 mihin tahansa moderniin sisustukseen.&nbsp;&nbsp;Tuotetiedot:&nbsp;Mitat: 8 x 7,6 30,7 cmMateriaali: polyresiiniv\u00e4ri: kulta, musta (jalusta)tyyli: moderni, glamour&nbsp;<\/p>\n","protected":false},"excerpt":{"rendered":"<p>Kultaiset koristeet &#8211; Sulka &#8211; 30,7 cm &#8211; 43933FJH&nbsp;&nbsp;Elegantti kultainen sulka, joka tuo tyylikk\u00e4\u00e4n lis\u00e4n mihin tahansa sisustukseen. Ihanteellinen niille, jotka arvostavat omaper\u00e4isi\u00e4 koristeita. Se on t\u00e4ydellinen lis\u00e4 mihin tahansa moderniin sisustukseen.&nbsp;&nbsp;Tuotetiedot:&nbsp;Mitat: 8 x 7,6 30,7 cmMateriaali: polyresiiniv\u00e4ri: kulta, musta (jalusta)tyyli: moderni, glamour&nbsp;<\/p>\n","protected":false},"featured_media":44974,"comment_status":"open","ping_status":"closed","template":"","meta":[],"product_brand":[],"product_cat":[32],"product_tag":[],"class_list":{"0":"post-36796","1":"product","2":"type-product","3":"status-publish","4":"has-post-thumbnail","6":"product_cat-uncategorized-fi","8":"first","9":"instock","10":"shipping-taxable","11":"purchasable","12":"product-type-simple"},"_links":{"self":[{"href":"https:\/\/nordicmart.andreevmaster.com\/fi\/wp-json\/wp\/v2\/product\/36796","targetHints":{"allow":["GET"]}}],"collection":[{"href":"https:\/\/nordicmart.andreevmaster.com\/fi\/wp-json\/wp\/v2\/product"}],"about":[{"href":"https:\/\/nordicmart.andreevmaster.com\/fi\/wp-json\/wp\/v2\/types\/product"}],"replies":[{"embeddable":true,"href":"https:\/\/nordicmart.andreevmaster.com\/fi\/wp-json\/wp\/v2\/comments?post=36796"}],"wp:featuredmedia":[{"embeddable":true,"href":"https:\/\/nordicmart.andreevmaster.com\/fi\/wp-json\/wp\/v2\/media\/44974"}],"wp:attachment":[{"href":"https:\/\/nordicmart.andreevmaster.com\/fi\/wp-json\/wp\/v2\/media?parent=36796"}],"wp:term":[{"taxonomy":"product_brand","embeddable":true,"href":"https:\/\/nordicmart.andreevmaster.com\/fi\/wp-json\/wp\/v2\/product_brand?post=36796"},{"taxonomy":"product_cat","embeddable":true,"href":"https:\/\/nordicmart.andreevmaster.com\/fi\/wp-json\/wp\/v2\/product_cat?post=36796"},{"taxonomy":"product_tag","embeddable":true,"href":"https:\/\/nordicmart.andreevmaster.com\/fi\/wp-json\/wp\/v2\/product_tag?post=36796"}],"curies":[{"name":"wp","href":"https:\/\/api.w.org\/{rel}","templated":true}]}}