{"id":36795,"date":"2026-02-27T00:36:01","date_gmt":"2026-02-27T00:36:01","guid":{"rendered":"https:\/\/nordicmart.andreevmaster.com\/product\/mudra-om-koristeellinen-figuuri-43724\/"},"modified":"2026-02-27T09:53:24","modified_gmt":"2026-02-27T09:53:24","slug":"mudra-om-koristeellinen-figuuri-43724","status":"publish","type":"product","link":"https:\/\/nordicmart.andreevmaster.com\/fi\/tuote\/mudra-om-koristeellinen-figuuri-43724\/","title":{"rendered":"Mudra OM &#8211; Koristeellinen figuuri &#8211; 43724"},"content":{"rendered":"<p>Mudra OM &#8211; Koriste-esine &#8211; 43724&nbsp;&nbsp;Elegantti koriste-esine, joka esitt\u00e4\u00e4 OM-mudran, yhden suosituimmista eleist\u00e4 joogassa ja meditaatiossa. Kultaisen v\u00e4rins\u00e4 ja modernin muotoilunsa ansiosta se on ainutlaatuinen koriste-esine, joka tuo rauhaa ja tasapainoa sisustukseesi.&nbsp;Etsitk\u00f6 omaper\u00e4ist\u00e4 lahjaa? OM mudra -patsas on erinomainen valinta. Se ei ole vain kaunis esine, vaan my\u00f6s syv\u00e4n hengellisen harjoituksen symboli.&nbsp;OM mudra on yksi suosituimmista ja yleismaailmallisimmista eleist\u00e4 joogassa ja meditaatiossa. Se on symbolinen esitys OM-\u00e4\u00e4nest\u00e4, jota monissa kulttuureissa pidet\u00e4\u00e4n universumin alkuper\u00e4isen\u00e4 v\u00e4r\u00e4htelyn\u00e4. OM mudran suorittamisen tarkoituksena on yhdist\u00e4\u00e4 t\u00e4m\u00e4 kosminen energia, mik\u00e4 johtaa syv\u00e4\u00e4n rentoutumiseen, sis\u00e4iseen rauhaan ja hengelliseen harmoniaan.&nbsp;&nbsp;Tuotetiedot:&nbsp;Mitat: 11,7 x 10 x 21,3 cmMateriaali: polyresiiniv\u00e4ri: kultaTyyli: moderni, glamour&nbsp;<\/p>\n","protected":false},"excerpt":{"rendered":"<p>Mudra OM &#8211; Koriste-esine &#8211; 43724&nbsp;&nbsp;Elegantti koriste-esine, joka esitt\u00e4\u00e4 OM-mudran, yhden suosituimmista eleist\u00e4 joogassa ja meditaatiossa. Kultaisen v\u00e4rins\u00e4 ja modernin muotoilunsa ansiosta se on ainutlaatuinen koriste-esine, joka tuo rauhaa ja tasapainoa sisustukseesi.&nbsp;Etsitk\u00f6 omaper\u00e4ist\u00e4 lahjaa? OM mudra -patsas on erinomainen valinta. Se ei ole vain kaunis esine, vaan my\u00f6s syv\u00e4n hengellisen harjoituksen symboli.&nbsp;OM mudra on yksi [&hellip;]<\/p>\n","protected":false},"featured_media":44973,"comment_status":"open","ping_status":"closed","template":"","meta":[],"product_brand":[],"product_cat":[32],"product_tag":[],"class_list":{"0":"post-36795","1":"product","2":"type-product","3":"status-publish","4":"has-post-thumbnail","6":"product_cat-uncategorized-fi","8":"first","9":"instock","10":"shipping-taxable","11":"purchasable","12":"product-type-simple"},"_links":{"self":[{"href":"https:\/\/nordicmart.andreevmaster.com\/fi\/wp-json\/wp\/v2\/product\/36795","targetHints":{"allow":["GET"]}}],"collection":[{"href":"https:\/\/nordicmart.andreevmaster.com\/fi\/wp-json\/wp\/v2\/product"}],"about":[{"href":"https:\/\/nordicmart.andreevmaster.com\/fi\/wp-json\/wp\/v2\/types\/product"}],"replies":[{"embeddable":true,"href":"https:\/\/nordicmart.andreevmaster.com\/fi\/wp-json\/wp\/v2\/comments?post=36795"}],"wp:featuredmedia":[{"embeddable":true,"href":"https:\/\/nordicmart.andreevmaster.com\/fi\/wp-json\/wp\/v2\/media\/44973"}],"wp:attachment":[{"href":"https:\/\/nordicmart.andreevmaster.com\/fi\/wp-json\/wp\/v2\/media?parent=36795"}],"wp:term":[{"taxonomy":"product_brand","embeddable":true,"href":"https:\/\/nordicmart.andreevmaster.com\/fi\/wp-json\/wp\/v2\/product_brand?post=36795"},{"taxonomy":"product_cat","embeddable":true,"href":"https:\/\/nordicmart.andreevmaster.com\/fi\/wp-json\/wp\/v2\/product_cat?post=36795"},{"taxonomy":"product_tag","embeddable":true,"href":"https:\/\/nordicmart.andreevmaster.com\/fi\/wp-json\/wp\/v2\/product_tag?post=36795"}],"curies":[{"name":"wp","href":"https:\/\/api.w.org\/{rel}","templated":true}]}}